{"id":3,"date":"2023-10-06T00:15:39","date_gmt":"2023-10-05T22:15:39","guid":{"rendered":"https:\/\/h.mkfetlabs.com\/?page_id=3"},"modified":"2023-11-05T23:38:32","modified_gmt":"2023-11-06T02:38:32","slug":"politica-privacidad","status":"publish","type":"page","link":"https:\/\/h.mkfetlabs.com\/index.php\/politica-privacidad\/","title":{"rendered":"Pol\u00edtica de privacidad"},"content":{"rendered":"\n<h2 class=\"wp-block-heading\">Objeto<\/h2>\n\n\n\n<p>El objeto de esta Pol\u00edtica de Privacidad es informar a los Usuarios la forma en que el sitio web (en adelante el \u201cSitio\u201d) de titularidad exclusiva de HERRAMIENTAS MKFET (en adelante \u201cH-MK\u201d), lleva a cabo el tratamiento de los datos personales de los Usuarios (en adelante, el \u201cUsuario\u201d) que se registran en el Sitio o bien que navegan por el mismo. Por favor, lea esta Pol\u00edtica de Privacidad cuidadosamente a fin de entender exactamente las pr\u00e1cticas en relaci\u00f3n con los datos personales de los Usuarios. Si Ud. tiene dudas sobre cualquier aspecto de esta Pol\u00edtica de Privacidad, por favor contacte a info@mkfetlabs.com. Asimismo, recuerde que la aceptaci\u00f3n de esta Pol\u00edtica de Privacidad implica la aceptaci\u00f3n de los T\u00e9rminos y Condiciones de Uso del Sitio Web h.mkfetlabs.com.<\/p>\n\n\n\n<p class=\"has-medium-font-size\"><strong>Informaci\u00f3n para el usuario titular de los datos<\/strong><\/p>\n\n\n\n<p>El Usuario tendr\u00e1 la posibilidad de proporcionar algunos de sus datos personales a trav\u00e9s de los canales disponibles en ciertas \u00e1reas de nuestro Sitio.<br> H-MK, con domicilio en Obligado 451, Ciudad de Resistencia &#8211; Argentina, es el titular de la Base de Datos a las que se incorporar\u00e1n los datos personales que se recolecten mediante el Sitio, en adelante el \u201cTitular de la Base de Datos\u201d.<\/p>\n\n\n\n<p class=\"has-medium-font-size\"><strong>Tipo de datos comprendidos en esta pol\u00edtica de privacidad<\/strong><\/p>\n\n\n\n<p>Esta Pol\u00edtica de Privacidad abarca los datos personales de los Usuarios que el Titular de la Base de Datos recolecta a trav\u00e9s del Sitio y que eventualmente utiliza, trata, almacena o transfiere si es necesario. Esta Pol\u00edtica de Privacidad no se aplica a las pr\u00e1cticas de terceras partes fuera del control del Titular de la Base de Datos, incluyendo a p\u00e1ginas web, aplicaciones, o en general software o servicios en l\u00ednea de terceros que el Titular de la Base de Datos no controla o emplea, desde los cuales pueda ser derivado el Usuario a nuestro Sitio o bien, a los que el Usuario pueda acceder a trav\u00e9s del Sitio. Si bien el Titular de la Base de Datos intenta que terceras partes respeten la privacidad de los Usuarios, el Titular de la Base de Datos no se hace responsable de sus pr\u00e1cticas. Por favor, aseg\u00farese de leer y aceptar las pol\u00edticas de privacidad y las pr\u00e1cticas de cualquier tercera parte a la que acceda utilizando el Sitio. El Usuario no se encuentra obligado por norma alguna a brindar sus datos personales y no se deriva ninguna consecuencia legal en el caso que decida no proporcionarlos. Esta Pol\u00edtica de Privacidad se rige por las disposiciones de la ley 25.326 de protecci\u00f3n de datos personales de la Rep\u00fablica Argentina.<\/p>\n\n\n\n<p class=\"has-medium-font-size\"><strong>Consentimiento para el uso de los datos<\/strong><\/p>\n\n\n\n<p>Al aceptar esta Pol\u00edtica de Privacidad el Usuario presta su consentimiento expreso, libre, informado y sin limitaciones para la recolecci\u00f3n, tratamiento, uso, almacenamiento, divulgaci\u00f3n, cesi\u00f3n o transferencia de sus datos personales de acuerdo con esta Pol\u00edtica de Privacidad y con lo establecido en la ley 25.326. SI EL USUARIO NO EST\u00c1 DE ACUERDO CON ESTA POL\u00cdTICA DE PRIVACIDAD, ENTONCES POR FAVOR NO PROVEA AL TITULAR DE LA BASE DE DATOS NING\u00daN DATO PERSONAL A TRAV\u00c9S DEL SITIO. Por favor advierta que el Sitio requiere de ciertos datos personales para poder operar y prestar algunos de los servicios ofrecidos a los Usuarios, por lo cual si el Usuario no provee esos datos, H-MK podr\u00eda no estar en condiciones de proveer algunos de los servicios ofrecidos en el Sitio.<\/p>\n\n\n\n<p class=\"has-medium-font-size\"><strong>Confidencialidad y seguridad de los datos<\/strong><\/p>\n\n\n\n<p>Con arreglo a lo dispuesto en los arts. 9 y 10 de la Ley 25.326 de Protecci\u00f3n de los Datos Personales, el Titular de la Base de Datos se obliga a cumplir con la obligaci\u00f3n de secreto respecto de los datos contenidos en su Base de Datos, salvo en aquellos casos en que la ley autoriza a revelar la informaci\u00f3n personal. El Titular de la Base de Datos ha adoptado los niveles de seguridad de protecci\u00f3n de datos personales exigidos en la legislaci\u00f3n vigente, implementando al efecto las medidas t\u00e9cnicas y organizativas necesarias para evitar la p\u00e9rdida, mal uso, alteraci\u00f3n, acceso no autorizado y dem\u00e1s riesgos posibles. Habiendo adoptado todas las medidas de seguridad exigidas por la legislaci\u00f3n vigente, el Titular de la Base de Datos no se hace responsable por interceptaciones ilegales o violaci\u00f3n de su Base de Datos por parte de personas no autorizadas. El Titular de la Base de Datos tampoco se hace responsable por la indebida utilizaci\u00f3n de la informaci\u00f3n obtenida por esos medios ileg\u00edtimos.<\/p>\n\n\n\n<p class=\"has-medium-font-size\"><strong>Qu\u00e9 informaci\u00f3n recolecta H-MK<\/strong><\/p>\n\n\n\n<p>El Titular de la Base de Datos recolecta datos personales y datos no personales a trav\u00e9s del Sitio, cuando el Usuario brinde dicha informaci\u00f3n voluntariamente al Titular de la Base de Datos a trav\u00e9s de los canales disponibles en el Sitio. Los datos personales que el Titular de la Base de Datos recolecta a trav\u00e9s del Sitio se limitan al nombre, apellido, tel\u00e9fono, domicilio y correo electr\u00f3nico. Eventualmente, el Titular de la Base de Datos podr\u00e1 solicitar informaci\u00f3n adicional. El Titular de la Base de Datos podr\u00e1 hacer una revisi\u00f3n previa respecto a los datos personales ingresados por los Usuarios. Sin embargo, el Usuario es responsable de asegurar la autenticidad, correcci\u00f3n y actualidad de los datos brindados al Titular de la Base de Datos. Si los datos son incorrectos podr\u00eda obstaculizar el acceso o uso al Sitio o los servicios brindados a trav\u00e9s del mismo, descritos en los T\u00e9rminos y Condiciones de Uso del Sitio de los cuales es parte integrante la presente Pol\u00edtica de Privacidad de Datos Personales. Para el caso que el Titular de la Base de Datos detecte que el Usuario ha ingresado datos falsos, incompletos o inexactos al Sitio, podr\u00e1 eliminarlos sin notificaci\u00f3n previa al Usuario. No se recolectan -de forma voluntaria o a sabiendas- datos personales de personas que no tengan capacidad legal para contratar conforme lo establecido en la legislaci\u00f3n vigente. Para el caso de no respetarse lo establecido en los p\u00e1rrafos anteriores, el Titular de la Base de Datos proceder\u00e1, dentro de lo posible, a eliminar los datos que incumplan con la Pol\u00edtica de Privacidad, sin que ello genere ninguna responsabilidad ni derecho a reclamo alguno por parte del Usuario.<\/p>\n\n\n\n<p class=\"has-medium-font-size\"><strong>C\u00f3mo y cuando H-MK recolecta datos no personales<\/strong><\/p>\n\n\n\n<p>El Titular de la Base de Datos recolecta datos electr\u00f3nicamente y de forma automatizada en el momento en que el Usuario aporta su informaci\u00f3n personal en el Sitio, a trav\u00e9s de los canales disponibles, como as\u00ed tambi\u00e9n cuando \u00e9ste actualiza o modifica dicha informaci\u00f3n. En ciertas ocasiones el Titular de la Base de Datos puede recolectar datos electr\u00f3nicamente de forma no automatizada al tomar contacto directo con el Usuario.<\/p>\n\n\n\n<p class=\"has-medium-font-size\"><strong>C\u00f3mo usa y almacena H-MK los datos personales que recolecta<\/strong><\/p>\n\n\n\n<p>La informaci\u00f3n del Usuario que pueda contener datos personales, obtenida durante el uso del Sitio es utilizada por el Titular de la Base de Datos para: &#8211; Prestar los servicios accesibles a trav\u00e9s del Sitio y llevar adelante el giro comercial de H-MK; &#8211; Utilizarlos en futuras comunicaciones con el Usuario; &#8211; Enviar actualizaciones, novedades, acciones de marketing, anuncios o promociones sobre los contenidos, productos y\/o servicios del Sitio, o sobre H-MK; &#8211; Fines estad\u00edsticos, de investigaci\u00f3n y de creaci\u00f3n y mejora de procesos y servicios comerciales, incluyendo la mejora y personalizaci\u00f3n del Sitio; &#8211; Verificar la identidad de un Usuario de acuerdo con esta Pol\u00edtica de Privacidad y los T\u00e9rminos y Condiciones de Uso del Sitio. &#8211; Efectuar la facturaci\u00f3n correspondiente a los productos adquiridos por el Usuario a trav\u00e9s del Sitio. &#8211; Compartirla con terceros y\/o socios comerciales para los fines estipulados en los presentes. &#8211; Compartirla con terceros a los cuales el Usuario haya adquirido un producto y\/o servicio a trav\u00e9s del Sitio.<\/p>\n\n\n\n<p>El Titular de la Base de Datos almacena los datos personales y no personales que recolecta a trav\u00e9s del Sitio en un servidor de almacenamiento brindado por hostinger y en servidores f\u00edsicos alojados en domicilios de H-MK, cumpliendo con las normas de seguridad previstas en la normativa vigente Si la finalidad de la recolecci\u00f3n de los datos fuera otra distinta a las aqu\u00ed enunciadas, la misma se notificar\u00e1 en forma expresa al momento de requerirse el ingreso de sus datos.<\/p>\n\n\n\n<p class=\"has-medium-font-size\"><strong>A qu\u00e9 fines H-MK divulga o transfiere datos personales y no personales<\/strong><\/p>\n\n\n\n<p>El Usuario presta consentimiento expreso, informado, manifiesta conocer plenamente y acepta sin restricci\u00f3n alguna que el Titular de la Base de Datos puede ceder o transferir datos personales recolectados a trav\u00e9s del Sitio con terceras empresas con el fin que el Usuario reciba oferta de productos y\/o servicios y\/o ofertas promocionales por parte de estas. H-MK tambi\u00e9n podr\u00e1 divulgar o transferir datos personales con socios comerciales que presten servicios t\u00e9cnicos de procesamiento de datos, de mantenimiento, actualizaci\u00f3n, almacenamiento o seguridad del Sitio u otros servicios que sean necesarios para mantener el Sitio activo y en funcionamiento.<\/p>\n\n\n\n<p class=\"has-medium-font-size\"><strong>Autoridades de gobierno<\/strong><\/p>\n\n\n\n<p>El Titular de la Base de Datos puede divulgar o transferir datos personales a las autoridades que lo requieran de acuerdo a la ley vigente que resulte aplicable. El Titular de la Base de Datos puede divulgar o transferir datos personales en caso que ello resulte apropiado para investigar, prevenir o adoptar medidas en relaci\u00f3n con actividades presuntamente ilegales cometidas en el Sitio o en relaci\u00f3n con los contenidos y\/o servicios.<\/p>\n\n\n\n<p class=\"has-medium-font-size\"><strong>Otros terceros o usuarios<\/strong><\/p>\n\n\n\n<p>En el Sitio pueden aparecer v\u00ednculos a sitios operados por terceros. El Titular de la Base de Datos desconoce y no se responsabiliza por las pr\u00e1cticas de privacidad de estos terceros. Si el Usuario elige ingresar a dichos v\u00ednculos y por ende, a p\u00e1ginas de terceros, debe leer y aceptar las pol\u00edticas de privacidad que indican c\u00f3mo estos terceros recolectan, usan, divulgan, transfieren y eliminan los datos personales de sus Usuarios y visitantes. El Titular de la Base de Datos no divulga datos personales de los Usuarios a otros Usuarios. Es una decisi\u00f3n del Usuario divulgar datos personales directamente a otros Usuarios.<\/p>\n\n\n\n<p class=\"has-medium-font-size\"><strong>Acceso, actualizaci\u00f3n y eliminaci\u00f3n de datos personales<\/strong><\/p>\n\n\n\n<p>El Titular de la Base de Datos garantiza a sus Usuarios el acceso a sus datos personales almacenados por el Titular de la Base de Datos, as\u00ed como el derecho a solicitar su actualizaci\u00f3n, correcci\u00f3n o eliminaci\u00f3n, todo ello en virtud de lo dispuesto en los arts. 14 y 16 de la Ley 25.326 de Protecci\u00f3n de los Datos Personales. Para acceder a sus datos personales o solicitar la actualizaci\u00f3n, correcci\u00f3n o eliminaci\u00f3n el Usuario deber\u00e1 comunicarse a info@mkfetlabs.com, acreditar personer\u00eda de manera fehaciente y completar formulario preestablecido al efecto. Tenga en cuenta que alguna informaci\u00f3n residual, que puede o no contener datos personales, puede mantenerse en la base de datos u otros registros que el Titular de la Base de Datos no puede eliminar por motivos legales o porque son necesarios para seguir prestando los servicios al Usuario. Ser\u00e1 decisi\u00f3n del Usuario determinar si procede a eliminar sus datos personales en caso que ello imposibilite seguir prestando servicios al Usuario. Asimismo, el Usuario puede modificar en cualquier momento la informaci\u00f3n brindada al Titular de la Base de Datos a trav\u00e9s de los canales disponibles en el Sitio. La informaci\u00f3n se actualizar\u00e1 de forma inmediata.<\/p>\n\n\n\n<p class=\"has-medium-font-size\"><strong>Trasferencia internacional de datos<\/strong><\/p>\n\n\n\n<p>Los datos personales est\u00e1n actualmente almacenados en servidores de hostinger ubicados en Estados Unidos. Sin embargo, el Titular de la Base de Datos se encuentra domiciliado y opera desde la Rep\u00fablica Argentina, concretamente desde la Ciudad de Resistencia Chaco. Al proveer informaci\u00f3n personal a trav\u00e9s del Sitio, los residentes y ciudadanos argentinos, as\u00ed como los residentes y ciudadanos de otros pa\u00edses que sean capaces de acceder al Sitio, aceptan y consienten la transferencia y el procesamiento internacional de sus datos personales, en caso que alguno de estos servicios fuera considerado por la Ley 25.326 de Protecci\u00f3n de Datos Personales de la Rep\u00fablica Argentina como transferencia internacional de datos.<\/p>\n\n\n\n<p class=\"has-medium-font-size\"><strong>Modificaci\u00f3n de la pol\u00edtica de privacidad<\/strong><\/p>\n\n\n\n<p>Por favor tome en consideraci\u00f3n que el Titular de la Base de Datos revisa sus pr\u00e1cticas de privacidad y modifica su pol\u00edtica de privacidad peri\u00f3dicamente, publicando los cambios por este mismo medio. Cualquier cambio o modificaci\u00f3n ser\u00e1 efectiva inmediatamente desde la publicaci\u00f3n en el Sitio. La continuidad de uso del Sitio por parte del Usuario implicar\u00e1 el consentimiento expreso con las modificaciones efectuadas.<\/p>\n\n\n\n<p class=\"has-medium-font-size\"><strong>Consentimiento<\/strong><\/p>\n\n\n\n<p>Habiendo sido debidamente informado por esta Pol\u00edtica de Privacidad de: a) la finalidad para la que ser\u00e1n tratados y qui\u00e9nes pueden ser sus destinatarios o clase de destinatarios; b) la existencia del archivo, registro, banco de datos, electr\u00f3nico o de cualquier otro tipo, de que se trate y la identidad y domicilio de su responsable; c) el car\u00e1cter obligatorio o facultativo de las respuestas al formulario y\/o cuestionario que se le proponga; d) las consecuencias de proporcionar los datos, de la negativa a hacerlo o de la inexactitud de los mismos; e) la posibilidad del interesado de ejercer los derechos de acceso, rectificaci\u00f3n, actualizaci\u00f3n y supresi\u00f3n de los datos, cuando accede al Sitio y provee voluntariamente sus datos personales, el Usuario est\u00e1 prestando su consentimiento expreso al Titular de la Base de Datos para la incorporaci\u00f3n de los mismos la Base de Datos y para su tratamiento con las finalidades aqu\u00ed declaradas.<\/p>\n\n\n\n<p class=\"has-medium-font-size\"><strong>Cookies<\/strong><\/p>\n\n\n\n<p>Mediante la tecnolog\u00eda Cookie o el rastreo IP, el Sitio puede acceder a cierta informaci\u00f3n del Usuario (\u201cInformaci\u00f3n No Espec\u00edfica\u201d). A la fecha, la Informaci\u00f3n No Espec\u00edfica que recopilamos consiste en informaci\u00f3n sobre intereses, las secciones de nuestro Sitio que el Usuario visita y otra informaci\u00f3n similar. La Informaci\u00f3n No Espec\u00edfica es utilizada s\u00f3lo el Titular de la Base de Datos, a fin de conocer cu\u00e1les son las \u00e1reas preferidas del Sitio, qu\u00e9 tecnolog\u00eda se est\u00e1 utilizando, y tratar de este modo de mejorar constantemente los servicios ofrecidos. Eventualmente, y en cumplimiento de la Ley de Protecci\u00f3n de Datos Personales, N\u00ba 25.326, Art. 28 y cc. podremos disociar esta informaci\u00f3n con fines estad\u00edsticos, pero en ning\u00fan caso compartiremos con terceros sus Datos Personales para fines distintos a los establecidos en la presente Pol\u00edtica de Privacidad, conforme lo establece la Ley 25.326. Su navegador, al igual que otros, puede estar programado para aceptar Cookies. En tal caso, si el Usuario no desea brindar Informaci\u00f3n No Espec\u00edfica, puede programar su navegador para rechazar Cookies, o para avisar cuando un sitio intenta enviarle Cookies.<\/p>\n\n\n\n<p><\/p>\n","protected":false},"excerpt":{"rendered":"<p>Objeto El objeto de esta Pol\u00edtica de Privacidad es informar a los Usuarios la forma en que el sitio web (en adelante el \u201cSitio\u201d) de titularidad exclusiva de HERRAMIENTAS MKFET (en adelante \u201cH-MK\u201d), lleva a cabo el tratamiento de los datos personales de los Usuarios (en adelante, el \u201cUsuario\u201d) que se registran en el Sitio [&hellip;]<\/p>\n","protected":false},"author":1,"featured_media":0,"parent":0,"menu_order":0,"comment_status":"closed","ping_status":"open","template":"","meta":{"footnotes":""},"class_list":["post-3","page","type-page","status-publish","hentry"],"blocksy_meta":[],"jetpack_sharing_enabled":true,"_links":{"self":[{"href":"https:\/\/h.mkfetlabs.com\/index.php\/wp-json\/wp\/v2\/pages\/3","targetHints":{"allow":["GET"]}}],"collection":[{"href":"https:\/\/h.mkfetlabs.com\/index.php\/wp-json\/wp\/v2\/pages"}],"about":[{"href":"https:\/\/h.mkfetlabs.com\/index.php\/wp-json\/wp\/v2\/types\/page"}],"author":[{"embeddable":true,"href":"https:\/\/h.mkfetlabs.com\/index.php\/wp-json\/wp\/v2\/users\/1"}],"replies":[{"embeddable":true,"href":"https:\/\/h.mkfetlabs.com\/index.php\/wp-json\/wp\/v2\/comments?post=3"}],"version-history":[{"count":2,"href":"https:\/\/h.mkfetlabs.com\/index.php\/wp-json\/wp\/v2\/pages\/3\/revisions"}],"predecessor-version":[{"id":1329,"href":"https:\/\/h.mkfetlabs.com\/index.php\/wp-json\/wp\/v2\/pages\/3\/revisions\/1329"}],"wp:attachment":[{"href":"https:\/\/h.mkfetlabs.com\/index.php\/wp-json\/wp\/v2\/media?parent=3"}],"curies":[{"name":"wp","href":"https:\/\/api.w.org\/{rel}","templated":true}]}}