{"id":1710,"date":"2024-04-08T11:45:56","date_gmt":"2024-04-08T14:45:56","guid":{"rendered":"https:\/\/h.mkfetlabs.com\/?post_type=product&#038;p=1710"},"modified":"2025-01-16T10:55:02","modified_gmt":"2025-01-16T13:55:02","slug":"soldadora-mig-flux-130-rollo-de-alambre","status":"publish","type":"product","link":"https:\/\/h.mkfetlabs.com\/index.php\/producto\/soldadora-mig-flux-130-rollo-de-alambre\/","title":{"rendered":"SOLDADORA MIG FLUX 130 + ROLLO DE ALAMBRE"},"content":{"rendered":"<p><strong>CARACTER\u00cdSTICAS T\u00c9CNICAS:<\/strong><\/p>\n<p>\u2022 Tensi\u00f3n de entrada: 1 Ph AC 220 V ( \u00b1 15%)<br \/>\n\u2022 Frecuencia: 50 Hz<br \/>\n\u2022 Capacidad de entrada nominal: 3,7 Kw<br \/>\n\u2022 Corriente de entrada nominal: 17 A<br \/>\n\u2022 Ciclo de trabajo FCAW ( 40 \u00baC) (%): 50 A \/ 16,5 V<br \/>\n@ 60% \/\/ 120 A \/ 20 V @ 10%<br \/>\n\u2022 Tensi\u00f3n en vac\u00edo (V): 32 ( AC )<br \/>\n\u2022 Rango de trabajo de salida FCAW: 25 \/ 120 A<br \/>\n\u2022 Eficiencia: 60 %<br \/>\n\u2022 Clase de protecci\u00f3n : IP21S<br \/>\n\u2022 Grado de aislamiento: H<br \/>\n\u2022 Norma t\u00e9cnica: (IEC) EN 60974-1<br \/>\n\u2022 Tipo de enfriamiento: forzado<br \/>\n\u2022 Tama\u00f1o: 485 X 290 X 310 mm<br \/>\n\u2022 Peso: 14,7 Kg<\/p>\n<p><strong>INCLUYE<\/strong>:<br \/>\n&#8211; 1 soldadora inverter SML130-7<br \/>\n&#8211; 1 rollo de alambre flux<br \/>\n&#8211; 1 torcha MB-15<\/p>\n<p>&nbsp;<\/p>\n","protected":false},"excerpt":{"rendered":"<p><span style=\"color: #ff0000;\"><strong>Este producto estar\u00e1 disponible 7 d\u00edas despu\u00e9s de la compra.<\/strong><\/span><\/p>\n<blockquote>\n<ul>\n<li><strong><a class=\"wplink-url-error\" tabindex=\"-1\" href=\"https:\/\/h.mkfetlabs.com\/index.php\/pagos-por-transferencia\/\" target=\"_blank\" rel=\"noopener\">Para pagos por transferencia, clic aqu\u00ed.<\/a><\/strong><\/li>\n<\/ul>\n<\/blockquote>\n<p>\u2022 Es un equipo preparado para el uso del<br \/>\nproceso <em>FCAW<\/em> con alambre tubular autoprotegido.<br \/>\n\u2022 Especial para utilizar alambres de 0,6 mm,\u00a0 0,8 mm y 0,9 mm.<br \/>\n\u2022 Tipos de insumos: alambres tubulares.<br \/>\n\u2022 Capacidad de rollos de alambres: 0,500 Kg y 1 Kg.<br \/>\n\u2022 Apta para soldadura con alambre flux.<\/p>\n<p><iframe loading=\"lazy\" src=\"https:\/\/www.youtube.com\/embed\/56N6OiN6_fo\" width=\"560\" height=\"315\" frameborder=\"0\" allowfullscreen=\"allowfullscreen\"><\/iframe><\/p>\n","protected":false},"featured_media":1711,"comment_status":"open","ping_status":"closed","template":"","meta":[],"product_brand":[],"product_cat":[28,43,27],"product_tag":[34,39,33],"class_list":{"0":"post-1710","1":"product","2":"type-product","3":"status-publish","4":"has-post-thumbnail","6":"product_cat-hobbista","7":"product_cat-mig","8":"product_cat-soldadoras","9":"product_tag-mig","10":"product_tag-mig-flux","11":"product_tag-soldadora-mig","13":"first","14":"outofstock","15":"shipping-taxable","16":"purchasable","17":"product-type-simple"},"jetpack_sharing_enabled":true,"_links":{"self":[{"href":"https:\/\/h.mkfetlabs.com\/index.php\/wp-json\/wp\/v2\/product\/1710","targetHints":{"allow":["GET"]}}],"collection":[{"href":"https:\/\/h.mkfetlabs.com\/index.php\/wp-json\/wp\/v2\/product"}],"about":[{"href":"https:\/\/h.mkfetlabs.com\/index.php\/wp-json\/wp\/v2\/types\/product"}],"replies":[{"embeddable":true,"href":"https:\/\/h.mkfetlabs.com\/index.php\/wp-json\/wp\/v2\/comments?post=1710"}],"wp:featuredmedia":[{"embeddable":true,"href":"https:\/\/h.mkfetlabs.com\/index.php\/wp-json\/wp\/v2\/media\/1711"}],"wp:attachment":[{"href":"https:\/\/h.mkfetlabs.com\/index.php\/wp-json\/wp\/v2\/media?parent=1710"}],"wp:term":[{"taxonomy":"product_brand","embeddable":true,"href":"https:\/\/h.mkfetlabs.com\/index.php\/wp-json\/wp\/v2\/product_brand?post=1710"},{"taxonomy":"product_cat","embeddable":true,"href":"https:\/\/h.mkfetlabs.com\/index.php\/wp-json\/wp\/v2\/product_cat?post=1710"},{"taxonomy":"product_tag","embeddable":true,"href":"https:\/\/h.mkfetlabs.com\/index.php\/wp-json\/wp\/v2\/product_tag?post=1710"}],"curies":[{"name":"wp","href":"https:\/\/api.w.org\/{rel}","templated":true}]}}