{"id":1718,"date":"2024-04-08T23:27:08","date_gmt":"2024-04-09T02:27:08","guid":{"rendered":"https:\/\/h.mkfetlabs.com\/?post_type=product&#038;p=1718"},"modified":"2026-04-01T11:31:26","modified_gmt":"2026-04-01T14:31:26","slug":"soldadora-mig-flux-sml150-8-kit-completo","status":"publish","type":"product","link":"https:\/\/h.mkfetlabs.com\/index.php\/producto\/soldadora-mig-flux-sml150-8-kit-completo\/","title":{"rendered":"Soldadora MIG FLUX SML150-8 + KIT completo"},"content":{"rendered":"<p><strong>CARACTER\u00cdSTICAS T\u00c9CNICAS:<\/strong>\u2022 Fuente de alimentaci\u00f3n: 220 VAC<br \/>\n\u2022 Frecuencia: 50\/60 Hz<br \/>\n\u2022 Corriente nominal de ingreso: 17.8 A<br \/>\n\u2022 Capacidad de ingreso: 3.96 Kva<br \/>\n\u2022 Tensi\u00f3n de carga: 60 V<br \/>\n\u2022 Voltaje durante uso: 20 V<br \/>\n\u2022 Corriente para soldar: 20~120 A<br \/>\n\u2022 Ciclo de trabajo al 100 % durante 10 min.: 70 V<br \/>\n\u2022 Eficiencia: 85 \u03b7<br \/>\n\u2022 Factores de poder: 0.75 Cos\u03c6<br \/>\n\u2022 Protecci\u00f3n: 21S IP<br \/>\n\u2022 Tipo de ventilaci\u00f3n: ventilador de enfriamiento<\/p>\n<p><strong>INCLUYE:<\/strong><\/p>\n<p>&#8211; 1 soldadora MIG inverter SML150-8<br \/>\n&#8211; 1 m\u00e1scara fotosensible ST-1X<br \/>\n&#8211; 2 escuadras magneticas LQE-6001<br \/>\n&#8211; 1 rollo de alambre flux<\/p>\n","protected":false},"excerpt":{"rendered":"<p><span style=\"color: #ff0000;\"><strong>Este producto estar\u00e1 disponible 7 d\u00edas despu\u00e9s de la compra.<\/strong><\/span><\/p>\n<blockquote>\n<ul>\n<li><strong><a class=\"wplink-url-error\" tabindex=\"-1\" href=\"https:\/\/h.mkfetlabs.com\/index.php\/pagos-por-transferencia\/\" target=\"_blank\" rel=\"noopener\">Para pagos por transferencia, clic aqu\u00ed.<\/a><\/strong><\/li>\n<\/ul>\n<\/blockquote>\n<p><strong>Caracter\u00edsticas Principales:<\/strong><\/p>\n<ol>\n<li><strong>Potencia \u00d3ptima<\/strong>: Con una capacidad de 120 amperios, esta soldadora ofrece la potencia necesaria para una amplia variedad de trabajos de soldadura.<\/li>\n<li><strong>Eficiencia Garantizada<\/strong>: Trabajando al 35 por ciento, nuestra soldadora SML150-8 te ofrece una operaci\u00f3n eficiente y confiable, asegurando resultados consistentes en cada uso.<\/li>\n<li><strong>Versatilidad Sin L\u00edmites<\/strong>: Capaz de trabajar con rollos de alambre de hasta 1 kilogramo, y manejar espesores de 0.6 mm, 0.8 mm, y 0.9 mm hasta 1 mm tubular, esta m\u00e1quina te brinda la versatilidad que necesitas para una variedad de proyectos de soldadura.<\/li>\n<li><strong>F\u00e1cil de Usar<\/strong>: Su dise\u00f1o intuitivo y controles simples hacen que esta soldadora sea f\u00e1cil de regular, permiti\u00e9ndote ajustar la configuraci\u00f3n con facilidad para adaptarse a tus necesidades espec\u00edficas.<\/li>\n<li><strong>Ideal para el Hogar y M\u00e1s All\u00e1<\/strong>: Desde reparar bisagras hasta proyectos de bricolaje en el hogar, esta soldadora es tu compa\u00f1era perfecta para una amplia gama de tareas de soldadura.<\/li>\n<\/ol>\n<p><strong>Datos Extras:<\/strong><\/p>\n<ul>\n<li>Dise\u00f1o compacto y port\u00e1til para mayor comodidad y facilidad de transporte.<\/li>\n<li>Seguridad mejorada con protecci\u00f3n contra sobrecarga y sobrecalentamiento.<\/li>\n<li>Calidad y durabilidad garantizadas, respaldadas por nuestro servicio al cliente excepcional y garant\u00eda de satisfacci\u00f3n del cliente.<\/li>\n<\/ul>\n<p><iframe loading=\"lazy\" src=\"https:\/\/www.youtube.com\/embed\/k38BQtDK-H0\" width=\"560\" height=\"315\" frameborder=\"0\" allowfullscreen=\"allowfullscreen\"><\/iframe><\/p>\n<p>&nbsp;<\/p>\n","protected":false},"featured_media":1719,"comment_status":"open","ping_status":"closed","template":"","meta":[],"product_brand":[],"product_cat":[28,43,27],"product_tag":[34,39,33],"class_list":{"0":"post-1718","1":"product","2":"type-product","3":"status-publish","4":"has-post-thumbnail","6":"product_cat-hobbista","7":"product_cat-mig","8":"product_cat-soldadoras","9":"product_tag-mig","10":"product_tag-mig-flux","11":"product_tag-soldadora-mig","13":"first","14":"outofstock","15":"shipping-taxable","16":"purchasable","17":"product-type-simple"},"jetpack_sharing_enabled":true,"_links":{"self":[{"href":"https:\/\/h.mkfetlabs.com\/index.php\/wp-json\/wp\/v2\/product\/1718","targetHints":{"allow":["GET"]}}],"collection":[{"href":"https:\/\/h.mkfetlabs.com\/index.php\/wp-json\/wp\/v2\/product"}],"about":[{"href":"https:\/\/h.mkfetlabs.com\/index.php\/wp-json\/wp\/v2\/types\/product"}],"replies":[{"embeddable":true,"href":"https:\/\/h.mkfetlabs.com\/index.php\/wp-json\/wp\/v2\/comments?post=1718"}],"wp:featuredmedia":[{"embeddable":true,"href":"https:\/\/h.mkfetlabs.com\/index.php\/wp-json\/wp\/v2\/media\/1719"}],"wp:attachment":[{"href":"https:\/\/h.mkfetlabs.com\/index.php\/wp-json\/wp\/v2\/media?parent=1718"}],"wp:term":[{"taxonomy":"product_brand","embeddable":true,"href":"https:\/\/h.mkfetlabs.com\/index.php\/wp-json\/wp\/v2\/product_brand?post=1718"},{"taxonomy":"product_cat","embeddable":true,"href":"https:\/\/h.mkfetlabs.com\/index.php\/wp-json\/wp\/v2\/product_cat?post=1718"},{"taxonomy":"product_tag","embeddable":true,"href":"https:\/\/h.mkfetlabs.com\/index.php\/wp-json\/wp\/v2\/product_tag?post=1718"}],"curies":[{"name":"wp","href":"https:\/\/api.w.org\/{rel}","templated":true}]}}