{"id":1726,"date":"2024-04-11T01:34:44","date_gmt":"2024-04-11T04:34:44","guid":{"rendered":"https:\/\/h.mkfetlabs.com\/?post_type=product&#038;p=1726"},"modified":"2025-01-16T11:14:07","modified_gmt":"2025-01-16T14:14:07","slug":"soldadora-inverter-dual-lusqtoff-evomig-175","status":"publish","type":"product","link":"https:\/\/h.mkfetlabs.com\/index.php\/producto\/soldadora-inverter-dual-lusqtoff-evomig-175\/","title":{"rendered":"Soldadora Inverter Dual L\u00fcsqtoff Evomig-175"},"content":{"rendered":"<p>CARACTER\u00cdSTICAS T\u00c9CNICAS:<\/p>\n<p>\u2022 Tensi\u00f3n de entrada: 1 Ph AC 220 V ( \u00b1 15%)<br \/>\n\u2022 Frecuencia: 50 Hz<br \/>\n\u2022 Capacidad de entrada nominal: 5,9 Kw<br \/>\n\u2022 Corriente de entrada nominal: 27 A<br \/>\n\u2022 Ciclo de trabajo MIG-MAG ( 45 \u00baC) (%): 124 A \/ 20,5 V<br \/>\n@ 100% \/\/ 160 A \/ 22 V @ 60%<br \/>\n\u2022 Ciclo de trabajo MMA ( 45 \u00baC) (%): 108 A \/ 24,2 V<br \/>\n@ 100% \/\/ 140 A \/ 25,6 V @ 60%<br \/>\n\u2022 Tensi\u00f3n en vac\u00edo: 65 V<br \/>\n\u2022 Rango de trabajo de salida MIG MAG (A): 30 \/ 160<br \/>\n\u2022 Rango de trabajo de salida MMA (A): 30 \/ 140<br \/>\n\u2022 Eficiencia: 85 %<br \/>\n\u2022 Clase de protecci\u00f3n: IP21S<br \/>\n\u2022 Grado de aislamiento: H<br \/>\n\u2022 Norma t\u00e9cnica: (IEC) EN 60974-1<br \/>\n\u2022 Tipo de enfriamiento: forzado<br \/>\n\u2022 Tama\u00f1o (mm) : 485 X 290 X 310<br \/>\n\u2022 Peso: 12,3 Kg<\/p>\n<p>&nbsp;<\/p>\n","protected":false},"excerpt":{"rendered":"<p><span style=\"color: #ff0000;\"><strong>Este producto estar\u00e1 disponible 7 d\u00edas despu\u00e9s de la compra.<\/strong><\/span><\/p>\n<blockquote>\n<ul>\n<li><strong><a class=\"wplink-url-error\" tabindex=\"-1\" href=\"https:\/\/h.mkfetlabs.com\/index.php\/pagos-por-transferencia\/\" target=\"_blank\" rel=\"noopener\">Para pagos por transferencia, clic aqu\u00ed.<\/a><\/strong><\/li>\n<\/ul>\n<\/blockquote>\n<p>\u2022 Especial para utilizar alambres de 0,6 mm y 0,8 mm.<br \/>\n\u2022 Especial para trabajar electrodos de 2,5 mm continuo y hasta electrodos 3,25 mm.<br \/>\n\u2022 Tipos de insumos: electrodos, alambres macizos y alambres tubulares.<br \/>\n\u2022 Capacidad de rollos de alambres: 1 Kg y 5 Kg.<br \/>\n\u2022 Con control de inductancia.<br \/>\n\u2022 Posee control 2T y 4T.<br \/>\n\u2022 Incluye una torcha MIG con EURO ACOPLE.<br \/>\n\u2022 Apta para soldadura con alambre flux.<br \/>\n\u2022 Tipo de clavija: DKJ 10-25<\/p>\n<p><iframe loading=\"lazy\" src=\"https:\/\/www.youtube.com\/embed\/dMUwr7NwwQI\" width=\"560\" height=\"315\" frameborder=\"0\" allowfullscreen=\"allowfullscreen\"><\/iframe><\/p>\n","protected":false},"featured_media":1741,"comment_status":"open","ping_status":"closed","template":"","meta":[],"product_brand":[],"product_cat":[42,43,44,27],"product_tag":[34,36,33,35],"class_list":{"0":"post-1726","1":"product","2":"type-product","3":"status-publish","4":"has-post-thumbnail","6":"product_cat-dual","7":"product_cat-mig","8":"product_cat-mma","9":"product_cat-soldadoras","10":"product_tag-mig","11":"product_tag-mma","12":"product_tag-soldadora-mig","13":"product_tag-soldadora-mma","15":"first","16":"outofstock","17":"shipping-taxable","18":"purchasable","19":"product-type-simple"},"jetpack_sharing_enabled":true,"_links":{"self":[{"href":"https:\/\/h.mkfetlabs.com\/index.php\/wp-json\/wp\/v2\/product\/1726","targetHints":{"allow":["GET"]}}],"collection":[{"href":"https:\/\/h.mkfetlabs.com\/index.php\/wp-json\/wp\/v2\/product"}],"about":[{"href":"https:\/\/h.mkfetlabs.com\/index.php\/wp-json\/wp\/v2\/types\/product"}],"replies":[{"embeddable":true,"href":"https:\/\/h.mkfetlabs.com\/index.php\/wp-json\/wp\/v2\/comments?post=1726"}],"wp:featuredmedia":[{"embeddable":true,"href":"https:\/\/h.mkfetlabs.com\/index.php\/wp-json\/wp\/v2\/media\/1741"}],"wp:attachment":[{"href":"https:\/\/h.mkfetlabs.com\/index.php\/wp-json\/wp\/v2\/media?parent=1726"}],"wp:term":[{"taxonomy":"product_brand","embeddable":true,"href":"https:\/\/h.mkfetlabs.com\/index.php\/wp-json\/wp\/v2\/product_brand?post=1726"},{"taxonomy":"product_cat","embeddable":true,"href":"https:\/\/h.mkfetlabs.com\/index.php\/wp-json\/wp\/v2\/product_cat?post=1726"},{"taxonomy":"product_tag","embeddable":true,"href":"https:\/\/h.mkfetlabs.com\/index.php\/wp-json\/wp\/v2\/product_tag?post=1726"}],"curies":[{"name":"wp","href":"https:\/\/api.w.org\/{rel}","templated":true}]}}