{"id":1759,"date":"2024-04-14T11:37:06","date_gmt":"2024-04-14T14:37:06","guid":{"rendered":"https:\/\/h.mkfetlabs.com\/?post_type=product&#038;p=1759"},"modified":"2026-04-01T11:29:41","modified_gmt":"2026-04-01T14:29:41","slug":"soldadora-inverter-mma-mig-dual-reforzada-starmig-250","status":"publish","type":"product","link":"https:\/\/h.mkfetlabs.com\/index.php\/producto\/soldadora-inverter-mma-mig-dual-reforzada-starmig-250\/","title":{"rendered":"Soldadora inverter MMA-MIG DUAL Reforzada STARMIG-250"},"content":{"rendered":"<p>CARACTER\u00cdSTICAS T\u00c9CNICAS:<\/p>\n<p>\u2022 Tensi\u00f3n de entrada: 1 Ph AC 220 V ( \u00b1 15%)<br \/>\n\u2022 Frecuencia: 50 Hz<br \/>\n\u2022 Capacidad de entrada nominal: 10,5 Kw<br \/>\n\u2022 Corriente de entrada nominal: 48 A<br \/>\n\u2022 Ciclo de trabajo MIG-MAG ( 40 \u00baC) (%): 178 A \/ 22,9 V<br \/>\n@ 100% \/\/ 230 A \/ 25,5 V @ 60%<br \/>\n\u2022 Ciclo de trabajo MMA ( 40 \u00baC) (%): 155 A \/ 26,2 V<br \/>\n@ 100% \/\/ 200 A \/ 28 V @ 60%<br \/>\n\u2022 Tensi\u00f3n en vac\u00edo: 53 V<br \/>\n\u2022 Rango de trabajo de salida MIG-MAG (A): 35 \/ 230<br \/>\n\u2022 Rango de trabajo de salida MMA (A): 35 \/ 200<br \/>\n\u2022 Eficiencia: 85 %<br \/>\n\u2022 Clase de protecci\u00f3n: IP21S<br \/>\n\u2022 Grado de aislamiento: H<br \/>\n\u2022 Norma t\u00e9cnica: (IEC) EN 60974-1<br \/>\n\u2022 Tipo de enfriamiento: forzado<br \/>\n\u2022 Tama\u00f1o: 650 X 325 X 450 mm<br \/>\n\u2022 Peso: 31,800 Kg<\/p>\n<p>&nbsp;<\/p>\n","protected":false},"excerpt":{"rendered":"<p><span style=\"color: #ff0000;\"><strong>Este producto estar\u00e1 disponible 8 d\u00edas despu\u00e9s de la compra.<\/strong><\/span><\/p>\n<blockquote>\n<ul>\n<li><strong><a class=\"wplink-url-error\" tabindex=\"-1\" href=\"https:\/\/h.mkfetlabs.com\/index.php\/pagos-por-transferencia\/\" target=\"_blank\" rel=\"noopener\">Para pagos por transferencia, clic aqu\u00ed.<\/a><\/strong><\/li>\n<\/ul>\n<\/blockquote>\n<p>\u2022 Especial para utilizar alambres de 0,6 mm, 0,8 mm, 0,9 mm, 1 mm Y 1,2.<br \/>\n\u2022 Especial para trabajar electrodos de 4 mm continuo y hasta electrodos 5 mm.<br \/>\n\u2022 Tipos de insumos: electrodos, alambres macizos y alambres tubulares.<br \/>\n\u2022 Capacidad de rollos de alambres: 5 Kg y 15 Kg.<br \/>\n\u2022 Con entrada de man\u00f3metro con calentador de 36 V.<br \/>\n\u2022 Con control de inductancia.<br \/>\n\u2022 Control de paso autom\u00e1tico de alambre.<br \/>\n\u2022 Incluye una torcha MIG con EURO ACOPLE.<br \/>\n\u2022 Apta para soldadura con alambre flux.<br \/>\n\u2022 Tipo de clavija: DKJ 35-50.<\/p>\n<p>2 A\u00f1os de Garant\u00eda<\/p>\n<p>&nbsp;<\/p>\n","protected":false},"featured_media":1760,"comment_status":"open","ping_status":"closed","template":"","meta":[],"product_brand":[],"product_cat":[42,43,44,27],"product_tag":[],"class_list":{"0":"post-1759","1":"product","2":"type-product","3":"status-publish","4":"has-post-thumbnail","6":"product_cat-dual","7":"product_cat-mig","8":"product_cat-mma","9":"product_cat-soldadoras","10":"product_shipping_class-pesados","12":"first","13":"outofstock","14":"shipping-taxable","15":"purchasable","16":"product-type-simple"},"jetpack_sharing_enabled":true,"_links":{"self":[{"href":"https:\/\/h.mkfetlabs.com\/index.php\/wp-json\/wp\/v2\/product\/1759","targetHints":{"allow":["GET"]}}],"collection":[{"href":"https:\/\/h.mkfetlabs.com\/index.php\/wp-json\/wp\/v2\/product"}],"about":[{"href":"https:\/\/h.mkfetlabs.com\/index.php\/wp-json\/wp\/v2\/types\/product"}],"replies":[{"embeddable":true,"href":"https:\/\/h.mkfetlabs.com\/index.php\/wp-json\/wp\/v2\/comments?post=1759"}],"wp:featuredmedia":[{"embeddable":true,"href":"https:\/\/h.mkfetlabs.com\/index.php\/wp-json\/wp\/v2\/media\/1760"}],"wp:attachment":[{"href":"https:\/\/h.mkfetlabs.com\/index.php\/wp-json\/wp\/v2\/media?parent=1759"}],"wp:term":[{"taxonomy":"product_brand","embeddable":true,"href":"https:\/\/h.mkfetlabs.com\/index.php\/wp-json\/wp\/v2\/product_brand?post=1759"},{"taxonomy":"product_cat","embeddable":true,"href":"https:\/\/h.mkfetlabs.com\/index.php\/wp-json\/wp\/v2\/product_cat?post=1759"},{"taxonomy":"product_tag","embeddable":true,"href":"https:\/\/h.mkfetlabs.com\/index.php\/wp-json\/wp\/v2\/product_tag?post=1759"}],"curies":[{"name":"wp","href":"https:\/\/api.w.org\/{rel}","templated":true}]}}