{"id":1771,"date":"2024-04-15T02:58:08","date_gmt":"2024-04-15T05:58:08","guid":{"rendered":"https:\/\/h.mkfetlabs.com\/?post_type=product&#038;p=1771"},"modified":"2026-04-01T11:29:27","modified_gmt":"2026-04-01T14:29:27","slug":"soldadora-inverter-mma-mig-dual-smart-mig500","status":"publish","type":"product","link":"https:\/\/h.mkfetlabs.com\/index.php\/producto\/soldadora-inverter-mma-mig-dual-smart-mig500\/","title":{"rendered":"Soldadora inverter MMA-MIG DUAL \u2022 SMART-MIG500"},"content":{"rendered":"<p>CARACTER\u00cdSTICAS T\u00c9CNICAS:<\/p>\n<p>\u2022 Tensi\u00f3n de entrada: 2 Ph AC 380 V ( \u00b1 10%)<br \/>\n\u2022 Frecuencia: 50 Hz<br \/>\n\u2022 Capacidad de entrada nominal : 15,2 Kw<br \/>\n\u2022 Corriente de entrada nominal: 40 A<br \/>\n\u2022 Ciclo de trabajo MIG-MAG ( 40 \u00baC) (%): 387 A \/ 33,4 V<br \/>\n@ 100% \/\/ 500 A \/ 39 V @ 60%<br \/>\n\u2022 Ciclo de trabajo MMA ( 40 \u00baC) (%): 387 A \/ 35,5 V<br \/>\n@ 100% \/\/ 500 A \/ 40 V @ 60%<br \/>\n\u2022 Tensi\u00f3n en vac\u00edo: 72 V<br \/>\n\u2022 Rango de trabajo de salida (A): 60 \/ 500<br \/>\n\u2022 Eficiencia: 85 %<br \/>\n\u2022 Clase de protecci\u00f3n: IP21S<br \/>\n\u2022 Grado de aislamiento: H<br \/>\n\u2022 Norma t\u00e9cnica: (IEC) EN 60974-1<br \/>\n\u2022 Tipo de enfriamiento: forzado<br \/>\n\u2022 Tama\u00f1o : 438 X 210 X 390 mm<br \/>\n\u2022 Peso: 12 Kg<\/p>\n<p>&nbsp;<\/p>\n","protected":false},"excerpt":{"rendered":"<p><span style=\"color: #ff0000;\"><strong>Este producto estar\u00e1 disponible 7 d\u00edas despu\u00e9s de la compra.<\/strong><\/span><\/p>\n<blockquote>\n<ul>\n<li><strong><a class=\"wplink-url-error\" tabindex=\"-1\" href=\"https:\/\/h.mkfetlabs.com\/index.php\/pagos-por-transferencia\/\" target=\"_blank\" rel=\"noopener\">Para pagos por transferencia, clic aqu\u00ed.<\/a><\/strong><\/li>\n<\/ul>\n<\/blockquote>\n<p>\u2022 Especial para utilizar alambres de 0,8 mm, 0,9 mm, 1 mm, 1,2 mm y 1,6 mm.<br \/>\n\u2022 Especial para trabajar electrodos de 5 mm continuos.<br \/>\n\u2022 Tipos de insumos: electrodos y alambres macizos.<br \/>\n\u2022 Capacidad de rollos de alambres: 5 Kg, 15 Kg y 18 Kg.<br \/>\n\u2022 Con control de inductancia.<br \/>\n\u2022 Control de rampa de descenso y post-gas.<br \/>\n\u2022 Posee control 2T y 4T.<br \/>\n\u2022 Incluye una torcha MIG con EURO ACOPLE.<br \/>\n\u2022 Control de ARC FORCE.<br \/>\n\u2022 Control de Hot ARC.<br \/>\n\u2022 Con control de punto a punto.<br \/>\n\u2022 Con control de onda pulsada.<br \/>\n\u2022 Sin\u00e9rgica (autoregulable).<br \/>\n\u2022 Con registro de memoria.<br \/>\n\u2022 Tipo de clavija: DKJ 35-50.<\/p>\n<p>2 a\u00f1os de Garant\u00eda.<\/p>\n<p><iframe loading=\"lazy\" src=\"https:\/\/www.youtube.com\/embed\/U4HGzFgFH7E\" width=\"560\" height=\"315\" frameborder=\"0\" allowfullscreen=\"allowfullscreen\"><\/iframe><\/p>\n","protected":false},"featured_media":1772,"comment_status":"open","ping_status":"closed","template":"","meta":[],"product_brand":[],"product_cat":[42,47,43,44,27],"product_tag":[34,36,41],"class_list":{"0":"post-1771","1":"product","2":"type-product","3":"status-publish","4":"has-post-thumbnail","6":"product_cat-dual","7":"product_cat-industrial","8":"product_cat-mig","9":"product_cat-mma","10":"product_cat-soldadoras","11":"product_tag-mig","12":"product_tag-mma","13":"product_tag-soldadora-dual","14":"product_shipping_class-pesados","16":"first","17":"outofstock","18":"shipping-taxable","19":"purchasable","20":"product-type-simple"},"jetpack_sharing_enabled":true,"_links":{"self":[{"href":"https:\/\/h.mkfetlabs.com\/index.php\/wp-json\/wp\/v2\/product\/1771","targetHints":{"allow":["GET"]}}],"collection":[{"href":"https:\/\/h.mkfetlabs.com\/index.php\/wp-json\/wp\/v2\/product"}],"about":[{"href":"https:\/\/h.mkfetlabs.com\/index.php\/wp-json\/wp\/v2\/types\/product"}],"replies":[{"embeddable":true,"href":"https:\/\/h.mkfetlabs.com\/index.php\/wp-json\/wp\/v2\/comments?post=1771"}],"wp:featuredmedia":[{"embeddable":true,"href":"https:\/\/h.mkfetlabs.com\/index.php\/wp-json\/wp\/v2\/media\/1772"}],"wp:attachment":[{"href":"https:\/\/h.mkfetlabs.com\/index.php\/wp-json\/wp\/v2\/media?parent=1771"}],"wp:term":[{"taxonomy":"product_brand","embeddable":true,"href":"https:\/\/h.mkfetlabs.com\/index.php\/wp-json\/wp\/v2\/product_brand?post=1771"},{"taxonomy":"product_cat","embeddable":true,"href":"https:\/\/h.mkfetlabs.com\/index.php\/wp-json\/wp\/v2\/product_cat?post=1771"},{"taxonomy":"product_tag","embeddable":true,"href":"https:\/\/h.mkfetlabs.com\/index.php\/wp-json\/wp\/v2\/product_tag?post=1771"}],"curies":[{"name":"wp","href":"https:\/\/api.w.org\/{rel}","templated":true}]}}