{"id":1781,"date":"2024-04-15T03:10:53","date_gmt":"2024-04-15T06:10:53","guid":{"rendered":"https:\/\/h.mkfetlabs.com\/?post_type=product&#038;p=1781"},"modified":"2026-04-01T11:29:20","modified_gmt":"2026-04-01T14:29:20","slug":"soldadora-inverter-3-en-1-mma-mig-tig-smart-mig175","status":"publish","type":"product","link":"https:\/\/h.mkfetlabs.com\/index.php\/producto\/soldadora-inverter-3-en-1-mma-mig-tig-smart-mig175\/","title":{"rendered":"Soldadora inverter 3 en 1 &#8211; MMA-MIG-TIG \u2022 SMART-MIG175"},"content":{"rendered":"<p>CARACTER\u00cdSTICAS T\u00c9CNICAS:<\/p>\n<p>\u2022 Tensi\u00f3n de entrada: 1 Ph AC 220 V ( \u00b1 10%)<br \/>\n\u2022 Frecuencia: 50 Hz<br \/>\n\u2022 Capacidad de entrada nominal: 7,7 Kw<br \/>\n\u2022 Corriente de entrada nominal: 35 A<br \/>\n\u2022 Ciclo de trabajo MIG-MAG ( 40 \u00baC) (%): 90 A \/ 18,5 V<br \/>\n@ 100% \/\/ 175 A \/ 22,8 V @ 25%<br \/>\n\u2022 Ciclo de trabajo MMA ( 40 \u00baC) (%): 80 A \/ 23,2 V<br \/>\n@ 100% \/\/ 175 A \/ 27 V @ 20%<br \/>\n\u2022 Ciclo de trabajo TIG ( 40 \u00baC) (%) : 90 A \/ 13,6 V<br \/>\n@ 100% \/\/ 175 A \/ 17 V @ 25%<br \/>\n\u2022 Tensi\u00f3n en vac\u00edo: 65 V<br \/>\n\u2022 Rango de trabajo de salida: 10 \/ 175 A<br \/>\n\u2022 Eficiencia: 85 %<br \/>\n\u2022 Clase de protecci\u00f3n: IP21S<br \/>\n\u2022 Grado de aislamiento: H<br \/>\n\u2022 Norma t\u00e9cnica: (IEC) EN 60974-1 \/ EN 60974-10<br \/>\n\u2022 Tipo de enfriamiento: forzado<br \/>\n\u2022 Tama\u00f1o: 438 X 210 X 390 mm<br \/>\n\u2022 Peso: 12 Kg<\/p>\n<p>&nbsp;<\/p>\n","protected":false},"excerpt":{"rendered":"<p><span style=\"color: #ff0000;\"><strong>Este producto estar\u00e1 disponible 7 d\u00edas despu\u00e9s de la compra.<\/strong><\/span><\/p>\n<blockquote>\n<ul>\n<li><strong><a class=\"wplink-url-error\" tabindex=\"-1\" href=\"https:\/\/h.mkfetlabs.com\/index.php\/pagos-por-transferencia\/\" target=\"_blank\" rel=\"noopener\">Para pagos por transferencia, clic aqu\u00ed.<\/a><\/strong><\/li>\n<\/ul>\n<\/blockquote>\n<p>\u2022 Especial para utilizar alambres de 0,6 mm, 0,8 mm Y 0,9 mm.<br \/>\n\u2022 Especial para trabajar electrodos de 2,5 mm continuo y hasta electrodos 4 mm.<br \/>\n\u2022 Tipos de insumos: electrodos, alambres macizos y alambres tubulares.<br \/>\n\u2022 Capacidad de rollos de alambres: 1 Kg y 5 Kg.<br \/>\n\u2022 Con control de inductancia.<br \/>\n\u2022 Con control de polaridad.<br \/>\n\u2022 Control de rampa de descenso y post-gas.<br \/>\n\u2022 Posee control 2T y 4T.<br \/>\n\u2022 Incluye una torcha MIG con EURO ACOPLE e incluye<br \/>\ntorcha TIG con robinete.<br \/>\n\u2022 Apta para soldadura con alambre flux.<br \/>\n\u2022 Apta para el proceso lift tig.<br \/>\n\u2022 Tipo de clavija: DKJ 35-50.<\/p>\n<p>Garant\u00eda de dos a\u00f1os.<\/p>\n<p>&nbsp;<\/p>\n","protected":false},"featured_media":1782,"comment_status":"open","ping_status":"closed","template":"","meta":[],"product_brand":[],"product_cat":[43,44,45,27,46],"product_tag":[36,33,38],"class_list":{"0":"post-1781","1":"product","2":"type-product","3":"status-publish","4":"has-post-thumbnail","6":"product_cat-mig","7":"product_cat-mma","8":"product_cat-multiproceso","9":"product_cat-soldadoras","10":"product_cat-tig","11":"product_tag-mma","12":"product_tag-soldadora-mig","13":"product_tag-tig","15":"first","16":"outofstock","17":"shipping-taxable","18":"purchasable","19":"product-type-simple"},"jetpack_sharing_enabled":true,"_links":{"self":[{"href":"https:\/\/h.mkfetlabs.com\/index.php\/wp-json\/wp\/v2\/product\/1781","targetHints":{"allow":["GET"]}}],"collection":[{"href":"https:\/\/h.mkfetlabs.com\/index.php\/wp-json\/wp\/v2\/product"}],"about":[{"href":"https:\/\/h.mkfetlabs.com\/index.php\/wp-json\/wp\/v2\/types\/product"}],"replies":[{"embeddable":true,"href":"https:\/\/h.mkfetlabs.com\/index.php\/wp-json\/wp\/v2\/comments?post=1781"}],"wp:featuredmedia":[{"embeddable":true,"href":"https:\/\/h.mkfetlabs.com\/index.php\/wp-json\/wp\/v2\/media\/1782"}],"wp:attachment":[{"href":"https:\/\/h.mkfetlabs.com\/index.php\/wp-json\/wp\/v2\/media?parent=1781"}],"wp:term":[{"taxonomy":"product_brand","embeddable":true,"href":"https:\/\/h.mkfetlabs.com\/index.php\/wp-json\/wp\/v2\/product_brand?post=1781"},{"taxonomy":"product_cat","embeddable":true,"href":"https:\/\/h.mkfetlabs.com\/index.php\/wp-json\/wp\/v2\/product_cat?post=1781"},{"taxonomy":"product_tag","embeddable":true,"href":"https:\/\/h.mkfetlabs.com\/index.php\/wp-json\/wp\/v2\/product_tag?post=1781"}],"curies":[{"name":"wp","href":"https:\/\/api.w.org\/{rel}","templated":true}]}}