{"id":1788,"date":"2024-04-15T03:34:58","date_gmt":"2024-04-15T06:34:58","guid":{"rendered":"https:\/\/h.mkfetlabs.com\/?post_type=product&#038;p=1788"},"modified":"2026-04-01T11:29:09","modified_gmt":"2026-04-01T14:29:09","slug":"soldadora-inverter-3-1-mma-tig-mig-starmig-180i","status":"publish","type":"product","link":"https:\/\/h.mkfetlabs.com\/index.php\/producto\/soldadora-inverter-3-1-mma-tig-mig-starmig-180i\/","title":{"rendered":"Soldadora inverter 3-1 &#8211; MMA-TIG-MIG \u2022 STARMIG-180I"},"content":{"rendered":"<p>CARACTER\u00cdSTICAS T\u00c9CNICAS:<\/p>\n<p>\u2022 Tensi\u00f3n de entrada: 1 Ph AC 220 V ( \u00b1 15%)<br \/>\n\u2022 Frecuencia: 50 Hz<br \/>\n\u2022 Capacidad de entrada nominal: 6,4 Kw<br \/>\n\u2022 Corriente de entrada nominal: 29 A<br \/>\n\u2022 Ciclo de trabajo MIG-MAG ( 40 \u00baC) (%) :139 A \/ 21 V<br \/>\n@ 100% \/\/ 180 A \/ 23 V @ 60%<br \/>\n\u2022 Ciclo de trabajo MMA ( 40 \u00baC) (%): 124 A \/ 25 V<br \/>\n@ 100% \/\/ 160 A \/ 26,4 V @ 60%<br \/>\n\u2022 Ciclo de trabajo TIG ( 40 \u00baC) (%): 124 A \/ 12,7 V<br \/>\n@ 100% \/\/ 160 A \/ 16,4 V @ 60%<br \/>\n\u2022 Tensi\u00f3n en vac\u00edo: 65 V<br \/>\n\u2022 Rango de trabajo de salida MIG-MAG (A): 30 \/ 180<br \/>\n\u2022 Rango de trabajo de salida MMA (A): 10 \/ 160<br \/>\n\u2022 Rango de trabajo de salida TIG (A) : 10 \/ 160<br \/>\n\u2022 Eficiencia: 85 %<br \/>\n\u2022 Clase de protecci\u00f3n: IP21S<br \/>\n\u2022 Grado de aislamiento: H<br \/>\n\u2022 Norma t\u00e9cnica: (IEC) EN 60974-1<br \/>\n\u2022 Tipo de enfriamiento: forzado<\/p>\n<p>\u2022 Tama\u00f1o: 455 X 245 X 305 mm<br \/>\n\u2022 Peso: 12 Kg<\/p>\n<p>&nbsp;<\/p>\n","protected":false},"excerpt":{"rendered":"<p><span style=\"color: #ff0000;\"><strong>Este producto estar\u00e1 disponible 7 d\u00edas despu\u00e9s de la compra.<\/strong><\/span><\/p>\n<blockquote>\n<ul>\n<li><strong><a class=\"wplink-url-error\" tabindex=\"-1\" href=\"https:\/\/h.mkfetlabs.com\/index.php\/pagos-por-transferencia\/\" target=\"_blank\" rel=\"noopener\">Para pagos por transferencia, clic aqu\u00ed.<\/a><\/strong><\/li>\n<\/ul>\n<\/blockquote>\n<p>\u2022 Especial para utilizar alambres de 0,6 mm, 0,8 mm<br \/>\nY 0,9 mm.<br \/>\n\u2022 Especial para trabajar electrodos de 3,25 mm continuo<br \/>\ny hasta electrodos 4 mm.<br \/>\n\u2022 TIPOS DE INSUMOS: electrodos, alambres macizos, y<br \/>\nalambres tubulares.<br \/>\n\u2022 Capacidad de rollos de alambres: 1 Kg y 5 Kg.<br \/>\n\u2022 Con control de inductancia.<br \/>\n\u2022 Control de paso autom\u00e1tico de alambre.<br \/>\n\u2022 Posee control 2T y 4T.<br \/>\n\u2022 Incluye una torcha MIG con EURO ACOPLE.<br \/>\n\u2022 Apta para soldadura con alambre flux.<br \/>\n\u2022 Apta para el proceso lift tig.<br \/>\n\u2022 Tipo de clavija: DKJ 10-25<\/p>\n<p>&nbsp;<\/p>\n","protected":false},"featured_media":1789,"comment_status":"open","ping_status":"closed","template":"","meta":[],"product_brand":[],"product_cat":[43,44,45,27,46],"product_tag":[36,33,38],"class_list":{"0":"post-1788","1":"product","2":"type-product","3":"status-publish","4":"has-post-thumbnail","6":"product_cat-mig","7":"product_cat-mma","8":"product_cat-multiproceso","9":"product_cat-soldadoras","10":"product_cat-tig","11":"product_tag-mma","12":"product_tag-soldadora-mig","13":"product_tag-tig","15":"first","16":"outofstock","17":"shipping-taxable","18":"purchasable","19":"product-type-simple"},"jetpack_sharing_enabled":true,"_links":{"self":[{"href":"https:\/\/h.mkfetlabs.com\/index.php\/wp-json\/wp\/v2\/product\/1788","targetHints":{"allow":["GET"]}}],"collection":[{"href":"https:\/\/h.mkfetlabs.com\/index.php\/wp-json\/wp\/v2\/product"}],"about":[{"href":"https:\/\/h.mkfetlabs.com\/index.php\/wp-json\/wp\/v2\/types\/product"}],"replies":[{"embeddable":true,"href":"https:\/\/h.mkfetlabs.com\/index.php\/wp-json\/wp\/v2\/comments?post=1788"}],"wp:featuredmedia":[{"embeddable":true,"href":"https:\/\/h.mkfetlabs.com\/index.php\/wp-json\/wp\/v2\/media\/1789"}],"wp:attachment":[{"href":"https:\/\/h.mkfetlabs.com\/index.php\/wp-json\/wp\/v2\/media?parent=1788"}],"wp:term":[{"taxonomy":"product_brand","embeddable":true,"href":"https:\/\/h.mkfetlabs.com\/index.php\/wp-json\/wp\/v2\/product_brand?post=1788"},{"taxonomy":"product_cat","embeddable":true,"href":"https:\/\/h.mkfetlabs.com\/index.php\/wp-json\/wp\/v2\/product_cat?post=1788"},{"taxonomy":"product_tag","embeddable":true,"href":"https:\/\/h.mkfetlabs.com\/index.php\/wp-json\/wp\/v2\/product_tag?post=1788"}],"curies":[{"name":"wp","href":"https:\/\/api.w.org\/{rel}","templated":true}]}}