{"id":1794,"date":"2024-04-15T08:35:38","date_gmt":"2024-04-15T11:35:38","guid":{"rendered":"https:\/\/h.mkfetlabs.com\/?post_type=product&#038;p=1794"},"modified":"2025-01-16T10:42:42","modified_gmt":"2025-01-16T13:42:42","slug":"soldadora-inverter-dual-tig-mma-startig-200d","status":"publish","type":"product","link":"https:\/\/h.mkfetlabs.com\/index.php\/producto\/soldadora-inverter-dual-tig-mma-startig-200d\/","title":{"rendered":"Soldadora inverter DUAL TIG-MMA \u2022 STARTIG-200D"},"content":{"rendered":"<p>CARACTERISTICAS T\u00c9CNICAS:<\/p>\n<p>\u2022 Tensi\u00f3n de entrada: 1 Ph AC 220 V ( \u00b1 15%)<br \/>\n\u2022 Frecuencia: 50 Hz<br \/>\n\u2022 Capacidad de entrada nominal: 7,9 Kw<br \/>\n\u2022 Corriente de entrada nominal: 36 A<br \/>\n\u2022 Ciclo de trabajo TIG ( 40 \u00baC) (%): 155 A \/ 16,2 V<br \/>\n@ 100% \/\/ 200 A \/ 18 V @ 60 %<br \/>\n\u2022 Ciclo de trabajo MMA ( 40 \u00baC) (%): 140 A \/ 25,6 V<br \/>\n@ 100% \/\/ 180 A \/ 27,2 V @ 60%<br \/>\n\u2022 Tensi\u00f3n en vac\u00edo: 63 V<br \/>\n\u2022 Rango de trabajo de salida TIG (A): 5 \/ 200<br \/>\n\u2022 Rango de trabajo de salida MMA (A): 20 \/ 180<br \/>\n\u2022 Rango ajustable de tiempo de pre gas (S): 0 \uff5e 5<br \/>\n\u2022 Rango ajustable de tiempo de post gas (S): 0\uff5e10<br \/>\n\u2022 Rango ajustable de rampa de ascenso (S): 0 \uff5e 10<br \/>\n\u2022 Rango ajustable de rampa de descenso (S): 0 \uff5e10<br \/>\n\u2022 Rango de frecuencia de pulso (Hz): 0,1 \uff5e100<br \/>\n\u2022 Eficiencia: 85 %<br \/>\n\u2022 Clase de protecci\u00f3n: IP21S<br \/>\n\u2022 Grado de aislamiento: H<br \/>\n\u2022 Norma t\u00e9cnica: (IEC) EN 60974-1 \/ EN 60974-10<br \/>\n\u2022 Tipo de enfriamiento: FORZADO<br \/>\n\u2022 Tama\u00f1o (mm): 425 X 156 X 275<br \/>\n\u2022 Peso (Kg): 7 Kg.<\/p>\n<p>&nbsp;<\/p>\n","protected":false},"excerpt":{"rendered":"<p><span style=\"color: #ff0000;\"><strong>Este producto estar\u00e1 disponible 7 d\u00edas despu\u00e9s de la compra.<\/strong><\/span><\/p>\n<blockquote>\n<ul>\n<li><strong><a class=\"wplink-url-error\" tabindex=\"-1\" href=\"https:\/\/h.mkfetlabs.com\/index.php\/pagos-por-transferencia\/\" target=\"_blank\" rel=\"noopener\">Para pagos por transferencia, clic aqu\u00ed.<\/a><\/strong><\/li>\n<\/ul>\n<\/blockquote>\n<p>CARACTERISTICAS T\u00c9CNICAS:<br \/>\n\u2022 Especial para trabajar electrodos de 3,25 mm<br \/>\ncontinuo y hasta electrodos 5 mm.<br \/>\n\u2022 Tipos de insumos: electrodos de tungsteno<br \/>\ny electrodos revestidos.<br \/>\n\u2022 Con control de RAMPA COMPLETA.<br \/>\n\u2022 Posee control 2T y 4T.<br \/>\n\u2022 Incluye una torcha TIG.<br \/>\n\u2022 Apta para soldaduras en aceros al carbono,<br \/>\naceros Inoxidables, cobre, etc.<br \/>\n\u2022 Apta para el proceso TIG por alta frecuencia.<br \/>\n\u2022 Apta para el proceso de onda cuadr\u00e1tica.<br \/>\n\u2022 Tipo de clavija: DKJ 35-50<\/p>\n<p><strong>Garant\u00eda de 2 a\u00f1os por falla de f\u00e1brica.<\/strong><\/p>\n<p>&nbsp;<\/p>\n","protected":false},"featured_media":1795,"comment_status":"open","ping_status":"closed","template":"","meta":[],"product_brand":[],"product_cat":[42,44,27,46],"product_tag":[40,36,35,37],"class_list":{"0":"post-1794","1":"product","2":"type-product","3":"status-publish","4":"has-post-thumbnail","6":"product_cat-dual","7":"product_cat-mma","8":"product_cat-soldadoras","9":"product_cat-tig","10":"product_tag-dual","11":"product_tag-mma","12":"product_tag-soldadora-mma","13":"product_tag-soldadora-tig","15":"first","16":"outofstock","17":"shipping-taxable","18":"purchasable","19":"product-type-simple"},"jetpack_sharing_enabled":true,"_links":{"self":[{"href":"https:\/\/h.mkfetlabs.com\/index.php\/wp-json\/wp\/v2\/product\/1794","targetHints":{"allow":["GET"]}}],"collection":[{"href":"https:\/\/h.mkfetlabs.com\/index.php\/wp-json\/wp\/v2\/product"}],"about":[{"href":"https:\/\/h.mkfetlabs.com\/index.php\/wp-json\/wp\/v2\/types\/product"}],"replies":[{"embeddable":true,"href":"https:\/\/h.mkfetlabs.com\/index.php\/wp-json\/wp\/v2\/comments?post=1794"}],"wp:featuredmedia":[{"embeddable":true,"href":"https:\/\/h.mkfetlabs.com\/index.php\/wp-json\/wp\/v2\/media\/1795"}],"wp:attachment":[{"href":"https:\/\/h.mkfetlabs.com\/index.php\/wp-json\/wp\/v2\/media?parent=1794"}],"wp:term":[{"taxonomy":"product_brand","embeddable":true,"href":"https:\/\/h.mkfetlabs.com\/index.php\/wp-json\/wp\/v2\/product_brand?post=1794"},{"taxonomy":"product_cat","embeddable":true,"href":"https:\/\/h.mkfetlabs.com\/index.php\/wp-json\/wp\/v2\/product_cat?post=1794"},{"taxonomy":"product_tag","embeddable":true,"href":"https:\/\/h.mkfetlabs.com\/index.php\/wp-json\/wp\/v2\/product_tag?post=1794"}],"curies":[{"name":"wp","href":"https:\/\/api.w.org\/{rel}","templated":true}]}}