{"id":1807,"date":"2024-04-19T14:39:03","date_gmt":"2024-04-19T17:39:03","guid":{"rendered":"https:\/\/h.mkfetlabs.com\/?post_type=product&#038;p=1807"},"modified":"2026-04-01T11:28:48","modified_gmt":"2026-04-01T14:28:48","slug":"soldadora-iron-250pro-mma-lift-tig-especial","status":"publish","type":"product","link":"https:\/\/h.mkfetlabs.com\/index.php\/producto\/soldadora-iron-250pro-mma-lift-tig-especial\/","title":{"rendered":"Soldadora IRON-250PRO MMA-LIFT TIG Especial"},"content":{"rendered":"<p>CARACTER\u00cdSTICAS T\u00c9CNICAS<\/p>\n<p>\u2022 Tensi\u00f3n de entrada: 1 Ph AC 220 V ( \u00b1 15%)<br \/>\n\u2022 Frecuencia: 50 Hz<br \/>\n\u2022 Capacidad de entrada nominal: 9,4 Kw<br \/>\n\u2022 Corriente de entrada nominal: 43 A<br \/>\n\u2022 Ciclo de trabajo ( 40 \u00baC): 140 A \/ 26,8 V<br \/>\n@ 100% \/\/ 220 A \/ 28,8 V @ 40%<br \/>\n\u2022 Tensi\u00f3n en vac\u00edo: 70 V<br \/>\n\u2022 Rango de trabajo de salida: 10 \/ 220 A<br \/>\n\u2022 Eficiencia: 85%<br \/>\n\u2022 Clase de protecci\u00f3n: IP21S<br \/>\n\u2022 Grado de aislamiento: H<br \/>\n\u2022 Norma t\u00e9cnica: (IEC) EN 60974-1<br \/>\n\u2022 Tipo de enfriamiento: forzado<br \/>\n\u2022 Tama\u00f1o: 345 X 105 X 220 mm<br \/>\n\u2022 Peso: 5,7 Kg<\/p>\n<p>&nbsp;<\/p>\n","protected":false},"excerpt":{"rendered":"<p><span style=\"color: #ff0000;\"><strong>Este producto estar\u00e1 disponible 7 d\u00edas despu\u00e9s de la compra.<\/strong><\/span><\/p>\n<blockquote>\n<ul>\n<li><strong><a class=\"wplink-url-error\" tabindex=\"-1\" href=\"https:\/\/h.mkfetlabs.com\/index.php\/pagos-por-transferencia\/\" target=\"_blank\" rel=\"noopener\">Para pagos por transferencia, clic aqu\u00ed.<\/a><\/strong><\/li>\n<\/ul>\n<\/blockquote>\n<p>Especial para electrodos de 3,25<br \/>\nmm en continuo<br \/>\n\u2022 Tipo de clavija: DKJ 10-25<\/p>\n<p><iframe loading=\"lazy\" src=\"https:\/\/www.youtube.com\/embed\/Wh0tDPVtCEI\" width=\"560\" height=\"315\" frameborder=\"0\" allowfullscreen=\"allowfullscreen\"><\/iframe><\/p>\n<p>&nbsp;<\/p>\n","protected":false},"featured_media":1808,"comment_status":"open","ping_status":"closed","template":"","meta":[],"product_brand":[],"product_cat":[44,27,46],"product_tag":[35,37],"class_list":{"0":"post-1807","1":"product","2":"type-product","3":"status-publish","4":"has-post-thumbnail","6":"product_cat-mma","7":"product_cat-soldadoras","8":"product_cat-tig","9":"product_tag-soldadora-mma","10":"product_tag-soldadora-tig","12":"first","13":"outofstock","14":"shipping-taxable","15":"purchasable","16":"product-type-simple"},"jetpack_sharing_enabled":true,"_links":{"self":[{"href":"https:\/\/h.mkfetlabs.com\/index.php\/wp-json\/wp\/v2\/product\/1807","targetHints":{"allow":["GET"]}}],"collection":[{"href":"https:\/\/h.mkfetlabs.com\/index.php\/wp-json\/wp\/v2\/product"}],"about":[{"href":"https:\/\/h.mkfetlabs.com\/index.php\/wp-json\/wp\/v2\/types\/product"}],"replies":[{"embeddable":true,"href":"https:\/\/h.mkfetlabs.com\/index.php\/wp-json\/wp\/v2\/comments?post=1807"}],"wp:featuredmedia":[{"embeddable":true,"href":"https:\/\/h.mkfetlabs.com\/index.php\/wp-json\/wp\/v2\/media\/1808"}],"wp:attachment":[{"href":"https:\/\/h.mkfetlabs.com\/index.php\/wp-json\/wp\/v2\/media?parent=1807"}],"wp:term":[{"taxonomy":"product_brand","embeddable":true,"href":"https:\/\/h.mkfetlabs.com\/index.php\/wp-json\/wp\/v2\/product_brand?post=1807"},{"taxonomy":"product_cat","embeddable":true,"href":"https:\/\/h.mkfetlabs.com\/index.php\/wp-json\/wp\/v2\/product_cat?post=1807"},{"taxonomy":"product_tag","embeddable":true,"href":"https:\/\/h.mkfetlabs.com\/index.php\/wp-json\/wp\/v2\/product_tag?post=1807"}],"curies":[{"name":"wp","href":"https:\/\/api.w.org\/{rel}","templated":true}]}}