{"id":1820,"date":"2024-04-20T23:55:32","date_gmt":"2024-04-21T02:55:32","guid":{"rendered":"https:\/\/h.mkfetlabs.com\/?post_type=product&#038;p=1820"},"modified":"2026-03-31T14:04:01","modified_gmt":"2026-03-31T17:04:01","slug":"cortadora-de-plasma-profesional-incut-100","status":"publish","type":"product","link":"https:\/\/h.mkfetlabs.com\/index.php\/producto\/cortadora-de-plasma-profesional-incut-100\/","title":{"rendered":"Cortadora de plasma profesional \u2022 INCUT-100"},"content":{"rendered":"<p>CARACTER\u00cdSTICAS T\u00c9CNICAS:<\/p>\n<p>\u2022 Tensi\u00f3n de entrada: 3 Ph AC 380 ( \u00b1 10% V<br \/>\n\u2022 Frecuencia: 50 Hz<br \/>\n\u2022 Capacidad de entrada nominal: 11,5 Kw<br \/>\n\u2022 Corriente de entrada nominal: 30 A<br \/>\n\u2022 Ciclo de trabajo ( 40 \u00baC- %): 80 A \/ 112 V @ 100% \/\/ 100 A \/ 120 V @ 60%<br \/>\n\u2022 Tensi\u00f3n en vac\u00edo: 320 V<br \/>\n\u2022 Rango de trabajo de salida: 30 \/ 100 A<br \/>\n\u2022 Eficiencia: 85 %<br \/>\n\u2022 Tipo de arranque: ARCO PILOTO<br \/>\n\u2022 Espesor de corte: \u2264 40 mm<br \/>\n\u2022 Presi\u00f3n de gases: 0,4 &#8211; 0,6\/ 4 \u2013 6 Mpa- Bar<br \/>\n\u2022 Flujo de gases: 220 ~ 380 . L\/min<br \/>\n\u2022 Tiempo de flujo de post gas: 8 &#8211; 10 seg<br \/>\n\u2022 Clase de protecci\u00f3n: IP21S<br \/>\n\u2022 Grado de aislamiento: H<br \/>\n\u2022 Norma t\u00e9cnica: (IEC) EN 60974-1<br \/>\n\u2022 Tipo de enfriamiento: forzado<br \/>\n\u2022 Tama\u00f1o: 670 X 330 X 525 mm<br \/>\n\u2022 Peso: 28 Kg<\/p>\n<p>&nbsp;<\/p>\n","protected":false},"excerpt":{"rendered":"<p><span style=\"color: #ff0000;\"><strong>Este producto estar\u00e1 disponible 7 d\u00edas despu\u00e9s de la compra.<\/strong><\/span><\/p>\n<blockquote>\n<ul>\n<li><strong><a class=\"wplink-url-error\" tabindex=\"-1\" href=\"https:\/\/h.mkfetlabs.com\/index.php\/pagos-por-transferencia\/\" target=\"_blank\" rel=\"noopener\">Para pagos por transferencia, clic aqu\u00ed.<\/a><\/strong><\/li>\n<\/ul>\n<\/blockquote>\n<p>\u2022 El mismo es especial para trabajar diversos tipos de materiales y gases,<br \/>\nesto permite mayor prolijidad al momento de realizar trabajos.<br \/>\n\u2022 Con control de pre gas, post gas, de corriente y control de prueba de gas.<br \/>\n\u2022 Posee control de corte de hojas de metal o mallas de metal.<br \/>\n\u2022 Incluye torcha para corte manual.<br \/>\n\u2022 Posee separador de torcha.<br \/>\n\u2022 Con control de 2T y 4T.<br \/>\n\u2022 Otra de las particularidades es<br \/>\nque posee los controles de entrada C y G<br \/>\npara la conexi\u00f3n de equipos CNC.<br \/>\n\u2022 Tipo de clavija: DKJ 35-50.<br \/>\n\u2022 Torcha Black Wolf BW P-80FT (100 AMP)<\/p>\n<p>Especificaciones:<\/p>\n<p>\u2022 25 mm corte perfecto\/limpio<br \/>\n\u2022 40 mm corte sucio<br \/>\n\u2022 Compresor a correa 4 Hp \/ 200 Lts<br \/>\n(LC-40200) o superior<\/p>\n<p><iframe loading=\"lazy\" src=\"https:\/\/www.youtube.com\/embed\/znsNfIarlHI\" width=\"560\" height=\"315\" frameborder=\"0\" allowfullscreen=\"allowfullscreen\"><\/iframe><\/p>\n<p>&nbsp;<\/p>\n","protected":false},"featured_media":1821,"comment_status":"open","ping_status":"closed","template":"","meta":[],"product_brand":[],"product_cat":[30],"product_tag":[48],"class_list":{"0":"post-1820","1":"product","2":"type-product","3":"status-publish","4":"has-post-thumbnail","6":"product_cat-cortadoras-de-plasma","7":"product_tag-cortadora-de-plasma","9":"first","10":"outofstock","11":"shipping-taxable","12":"purchasable","13":"product-type-simple"},"jetpack_sharing_enabled":true,"_links":{"self":[{"href":"https:\/\/h.mkfetlabs.com\/index.php\/wp-json\/wp\/v2\/product\/1820","targetHints":{"allow":["GET"]}}],"collection":[{"href":"https:\/\/h.mkfetlabs.com\/index.php\/wp-json\/wp\/v2\/product"}],"about":[{"href":"https:\/\/h.mkfetlabs.com\/index.php\/wp-json\/wp\/v2\/types\/product"}],"replies":[{"embeddable":true,"href":"https:\/\/h.mkfetlabs.com\/index.php\/wp-json\/wp\/v2\/comments?post=1820"}],"wp:featuredmedia":[{"embeddable":true,"href":"https:\/\/h.mkfetlabs.com\/index.php\/wp-json\/wp\/v2\/media\/1821"}],"wp:attachment":[{"href":"https:\/\/h.mkfetlabs.com\/index.php\/wp-json\/wp\/v2\/media?parent=1820"}],"wp:term":[{"taxonomy":"product_brand","embeddable":true,"href":"https:\/\/h.mkfetlabs.com\/index.php\/wp-json\/wp\/v2\/product_brand?post=1820"},{"taxonomy":"product_cat","embeddable":true,"href":"https:\/\/h.mkfetlabs.com\/index.php\/wp-json\/wp\/v2\/product_cat?post=1820"},{"taxonomy":"product_tag","embeddable":true,"href":"https:\/\/h.mkfetlabs.com\/index.php\/wp-json\/wp\/v2\/product_tag?post=1820"}],"curies":[{"name":"wp","href":"https:\/\/api.w.org\/{rel}","templated":true}]}}