{"id":1828,"date":"2024-04-21T00:15:22","date_gmt":"2024-04-21T03:15:22","guid":{"rendered":"https:\/\/h.mkfetlabs.com\/?post_type=product&#038;p=1828"},"modified":"2026-03-31T14:03:19","modified_gmt":"2026-03-31T17:03:19","slug":"cortadora-de-plasma-con-compresor-incorporado-cpcl40-8","status":"publish","type":"product","link":"https:\/\/h.mkfetlabs.com\/index.php\/producto\/cortadora-de-plasma-con-compresor-incorporado-cpcl40-8\/","title":{"rendered":"Cortadora de plasma con compresor incorporado \u2022 CPCL40-8"},"content":{"rendered":"<p>CARACTER\u00cdSTICAS T\u00c9CNICAS:<\/p>\n<p>\u2022 Potencia de entrada: 220 V<br \/>\n\u2022 Frecuencia de poder: 50Hz<br \/>\n\u2022 Corriente de entrada nominal: 28.1A<br \/>\n\u2022 Capacidad de entrada nominal: 6.2KVA<br \/>\n\u2022 Sin voltaje de carga: 270V<br \/>\n\u2022 Alcance actual: 15\uff5e40 A<br \/>\n\u2022 Voltaje de salida nominal: 96 V<br \/>\n\u2022 Ciclo de trabajo: 25%<br \/>\n\u2022 Factor de potencia: Cos\u03c6 0.85<br \/>\n\u2022 Eficiencia \u03b7: 75%<br \/>\n\u2022 Clase de aislamiento: H<br \/>\n\u2022 Clase de protecci\u00f3n: IP21S<br \/>\n\u2022 M\u00e9todo de inicio de arco Arranque de arco de alta frecuencia<br \/>\n\u2022 Espesor de corte: 10 mm<br \/>\n\u2022 Tiempo de retardo de gas: S 8-10<br \/>\n\u2022 Presi\u00f3n del aire: 0.15-0.25 Mpa<br \/>\n\u2022 Peso neto: 22,1 Kg<\/p>\n<p>&nbsp;<\/p>\n","protected":false},"excerpt":{"rendered":"<p><span style=\"color: #ff0000;\"><strong>Este producto estar\u00e1 disponible 7 d\u00edas despu\u00e9s de la compra.<\/strong><\/span><\/p>\n<blockquote>\n<ul>\n<li><strong><a class=\"wplink-url-error\" tabindex=\"-1\" href=\"https:\/\/h.mkfetlabs.com\/index.php\/pagos-por-transferencia\/\" target=\"_blank\" rel=\"noopener\">Para pagos por transferencia, clic aqu\u00ed.<\/a><\/strong><\/li>\n<\/ul>\n<\/blockquote>\n<p>\u2022 Este equipo es ideal para dar los primeros pasos en hacer cortes con plasma.<br \/>\n\u2022 Al finalizar su uso, tiene post gas autom\u00e1tico, durante 10 \u2013 15 segundos.<br \/>\n\u2022 El sistema de aire es integrado (compresor interno), ubicado en la base.<br \/>\n\u2022 Posee regulador de corriente y conexi\u00f3n r\u00e1pida.<\/p>\n<p>Especificaciones:<br \/>\n\u2022 Eficiencia de trabajo 80%<br \/>\n\u2022 Equipo monof\u00e1sico<\/p>\n<p>COMPRESOR<br \/>\nINCORPORADO<\/p>\n<p>CORTE HASTA<br \/>\n10 MM<\/p>\n<p>&nbsp;<\/p>\n","protected":false},"featured_media":1829,"comment_status":"open","ping_status":"closed","template":"","meta":[],"product_brand":[],"product_cat":[30],"product_tag":[48],"class_list":{"0":"post-1828","1":"product","2":"type-product","3":"status-publish","4":"has-post-thumbnail","6":"product_cat-cortadoras-de-plasma","7":"product_tag-cortadora-de-plasma","9":"first","10":"outofstock","11":"shipping-taxable","12":"purchasable","13":"product-type-simple"},"jetpack_sharing_enabled":true,"_links":{"self":[{"href":"https:\/\/h.mkfetlabs.com\/index.php\/wp-json\/wp\/v2\/product\/1828","targetHints":{"allow":["GET"]}}],"collection":[{"href":"https:\/\/h.mkfetlabs.com\/index.php\/wp-json\/wp\/v2\/product"}],"about":[{"href":"https:\/\/h.mkfetlabs.com\/index.php\/wp-json\/wp\/v2\/types\/product"}],"replies":[{"embeddable":true,"href":"https:\/\/h.mkfetlabs.com\/index.php\/wp-json\/wp\/v2\/comments?post=1828"}],"wp:featuredmedia":[{"embeddable":true,"href":"https:\/\/h.mkfetlabs.com\/index.php\/wp-json\/wp\/v2\/media\/1829"}],"wp:attachment":[{"href":"https:\/\/h.mkfetlabs.com\/index.php\/wp-json\/wp\/v2\/media?parent=1828"}],"wp:term":[{"taxonomy":"product_brand","embeddable":true,"href":"https:\/\/h.mkfetlabs.com\/index.php\/wp-json\/wp\/v2\/product_brand?post=1828"},{"taxonomy":"product_cat","embeddable":true,"href":"https:\/\/h.mkfetlabs.com\/index.php\/wp-json\/wp\/v2\/product_cat?post=1828"},{"taxonomy":"product_tag","embeddable":true,"href":"https:\/\/h.mkfetlabs.com\/index.php\/wp-json\/wp\/v2\/product_tag?post=1828"}],"curies":[{"name":"wp","href":"https:\/\/api.w.org\/{rel}","templated":true}]}}