{"id":1889,"date":"2024-04-21T17:03:48","date_gmt":"2024-04-21T20:03:48","guid":{"rendered":"https:\/\/h.mkfetlabs.com\/?post_type=product&#038;p=1889"},"modified":"2026-03-31T14:03:07","modified_gmt":"2026-03-31T17:03:07","slug":"compresor-de-aire-mando-directo-100-l-lc-40100","status":"publish","type":"product","link":"https:\/\/h.mkfetlabs.com\/index.php\/producto\/compresor-de-aire-mando-directo-100-l-lc-40100\/","title":{"rendered":"Compresor de aire  mando directo &#8211; 100 L \u2022 LC-40100"},"content":{"rendered":"<p>CARACTER\u00cdSTICAS T\u00c9CNICAS:<\/p>\n<p>Tensi\u00f3n: 220 V ~ 50 Hz<br \/>\n\u2022 Potencia: 4 Hp<br \/>\n\u2022 Tanque: 100 Lts<br \/>\n\u2022 M\u00e1xima presi\u00f3n: 115 Psi<br \/>\n\u2022 Caudal: 360 L\/min<br \/>\n\u2022 Fase el\u00e9ctrica: monof\u00e1sica<br \/>\n\u2022 Bicilindrico<br \/>\n\u2022 Tipo de sistema: pist\u00f3n, mando directo<br \/>\n\u2022 Es port\u00e1til: no, trasladable<br \/>\n\u2022 Posee: 2 cilindro, ruedas, man\u00f3metro doble,<br \/>\nmedidor de aceite, protector t\u00e9rmico<br \/>\ny regulador de presi\u00f3n<br \/>\n\u2022 Peso: 56,8 Kg<\/p>\n<p>&nbsp;<\/p>\n","protected":false},"excerpt":{"rendered":"<p><span style=\"color: #ff0000;\"><strong>Este producto estar\u00e1 disponible 7 d\u00edas despu\u00e9s de la compra.<\/strong><\/span><\/p>\n<blockquote>\n<ul>\n<li><strong><a class=\"wplink-url-error\" tabindex=\"-1\" href=\"https:\/\/h.mkfetlabs.com\/index.php\/pagos-por-transferencia\/\" target=\"_blank\" rel=\"noopener\">Para pagos por transferencia, clic aqu\u00ed.<\/a><\/strong><\/li>\n<\/ul>\n<\/blockquote>\n<p>\u2022 Alta recuperaci\u00f3n.<br \/>\n\u2022 Potencia tus herramientas neum\u00e1ticas y facilita<br \/>\nm\u00faltiples tareas manuales.<br \/>\n\u2022 Uso profesional.<br \/>\n\u2022 Recomendado para cortadora de plasma <em>INCUT-40<\/em> o superior.<br \/>\n\u2022 2 a\u00f1os de garant\u00eda.<\/p>\n<p><iframe loading=\"lazy\" src=\"https:\/\/www.youtube.com\/embed\/kVBt_cLhT5k\" width=\"560\" height=\"315\" frameborder=\"0\" allowfullscreen=\"allowfullscreen\"><\/iframe><\/p>\n<p>&nbsp;<\/p>\n","protected":false},"featured_media":1890,"comment_status":"open","ping_status":"closed","template":"","meta":[],"product_brand":[],"product_cat":[50,49],"product_tag":[51,52],"class_list":{"0":"post-1889","1":"product","2":"type-product","3":"status-publish","4":"has-post-thumbnail","6":"product_cat-compresores","7":"product_cat-neumatica","8":"product_tag-compresores","9":"product_tag-neumatica","11":"first","12":"outofstock","13":"shipping-taxable","14":"purchasable","15":"product-type-simple"},"jetpack_sharing_enabled":true,"_links":{"self":[{"href":"https:\/\/h.mkfetlabs.com\/index.php\/wp-json\/wp\/v2\/product\/1889","targetHints":{"allow":["GET"]}}],"collection":[{"href":"https:\/\/h.mkfetlabs.com\/index.php\/wp-json\/wp\/v2\/product"}],"about":[{"href":"https:\/\/h.mkfetlabs.com\/index.php\/wp-json\/wp\/v2\/types\/product"}],"replies":[{"embeddable":true,"href":"https:\/\/h.mkfetlabs.com\/index.php\/wp-json\/wp\/v2\/comments?post=1889"}],"wp:featuredmedia":[{"embeddable":true,"href":"https:\/\/h.mkfetlabs.com\/index.php\/wp-json\/wp\/v2\/media\/1890"}],"wp:attachment":[{"href":"https:\/\/h.mkfetlabs.com\/index.php\/wp-json\/wp\/v2\/media?parent=1889"}],"wp:term":[{"taxonomy":"product_brand","embeddable":true,"href":"https:\/\/h.mkfetlabs.com\/index.php\/wp-json\/wp\/v2\/product_brand?post=1889"},{"taxonomy":"product_cat","embeddable":true,"href":"https:\/\/h.mkfetlabs.com\/index.php\/wp-json\/wp\/v2\/product_cat?post=1889"},{"taxonomy":"product_tag","embeddable":true,"href":"https:\/\/h.mkfetlabs.com\/index.php\/wp-json\/wp\/v2\/product_tag?post=1889"}],"curies":[{"name":"wp","href":"https:\/\/api.w.org\/{rel}","templated":true}]}}