{"id":1893,"date":"2024-04-21T17:48:36","date_gmt":"2024-04-21T20:48:36","guid":{"rendered":"https:\/\/h.mkfetlabs.com\/?post_type=product&#038;p=1893"},"modified":"2026-03-31T14:02:58","modified_gmt":"2026-03-31T17:02:58","slug":"compresor-de-aire-monofasico-50-l-lc-2550vs","status":"publish","type":"product","link":"https:\/\/h.mkfetlabs.com\/index.php\/producto\/compresor-de-aire-monofasico-50-l-lc-2550vs\/","title":{"rendered":"Compresor de aire  monof\u00e1sico 50 L \u2022 LC-2550VS"},"content":{"rendered":"<p>CARACTER\u00cdSTICAS T\u00c9CNICAS:<\/p>\n<p>\u2022 Voltaje: 220 V ~ 50 Hz<br \/>\n\u2022 Potencia: 2,5 Hp<br \/>\n\u2022 Capacidad del motor: 1750 W<br \/>\n\u2022 Tanque: 50 Lts<br \/>\n\u2022 Presi\u00f3n m\u00e1xima: 115 Psi<br \/>\n\u2022 Caudal: 230 l\/min<br \/>\n\u2022 Fase el\u00e9ctrica: monof\u00e1sica<br \/>\n\u2022 Monocil\u00edndr\u00edco<br \/>\n\u2022 Tipo de sistema: sin aceite<br \/>\n\u2022 Posee: man\u00f3metro, salida simple y man\u00f3metro<br \/>\n\u2022 Presi\u00f3n ac\u00fastica: 72 dB (semisilencioso)<\/p>\n<p>&nbsp;<\/p>\n","protected":false},"excerpt":{"rendered":"<p><span style=\"color: #ff0000;\"><strong>Este producto estar\u00e1 disponible 7 d\u00edas despu\u00e9s de la compra.<\/strong><\/span><\/p>\n<blockquote>\n<ul>\n<li><strong><a class=\"wplink-url-error\" tabindex=\"-1\" href=\"https:\/\/h.mkfetlabs.com\/index.php\/pagos-por-transferencia\/\" target=\"_blank\" rel=\"noopener\">Para pagos por transferencia, clic aqu\u00ed.<\/a><\/strong><\/li>\n<\/ul>\n<\/blockquote>\n<p><strong>Aplicaciones Vers\u00e1tiles:<\/strong><\/p>\n<ol>\n<li><strong>Herramientas Neum\u00e1ticas<\/strong>: Ideal para usar con una variedad de herramientas neum\u00e1ticas, como pistolas de clavos, pistolas de impacto y pistolas de pintura.<\/li>\n<li><strong>Inflado de Neum\u00e1ticos<\/strong>: Perfecto para inflar neum\u00e1ticos de autom\u00f3viles, bicicletas, motocicletas y equipos deportivos.<\/li>\n<li><strong>Trabajos de Carpinter\u00eda<\/strong>: Util\u00edzalo para clavar, engrapar, lijar y pintar en proyectos de carpinter\u00eda y bricolaje.<\/li>\n<li><strong>Pintura y Acabado<\/strong>: Proporciona un suministro constante de aire para aplicaciones de pintura y acabado en proyectos de construcci\u00f3n y renovaci\u00f3n.<\/li>\n<\/ol>\n<p>2 a\u00f1os de garant\u00eda.<\/p>\n","protected":false},"featured_media":1894,"comment_status":"open","ping_status":"closed","template":"","meta":[],"product_brand":[],"product_cat":[50,49],"product_tag":[51,52],"class_list":{"0":"post-1893","1":"product","2":"type-product","3":"status-publish","4":"has-post-thumbnail","6":"product_cat-compresores","7":"product_cat-neumatica","8":"product_tag-compresores","9":"product_tag-neumatica","11":"first","12":"outofstock","13":"shipping-taxable","14":"purchasable","15":"product-type-simple"},"jetpack_sharing_enabled":true,"_links":{"self":[{"href":"https:\/\/h.mkfetlabs.com\/index.php\/wp-json\/wp\/v2\/product\/1893","targetHints":{"allow":["GET"]}}],"collection":[{"href":"https:\/\/h.mkfetlabs.com\/index.php\/wp-json\/wp\/v2\/product"}],"about":[{"href":"https:\/\/h.mkfetlabs.com\/index.php\/wp-json\/wp\/v2\/types\/product"}],"replies":[{"embeddable":true,"href":"https:\/\/h.mkfetlabs.com\/index.php\/wp-json\/wp\/v2\/comments?post=1893"}],"wp:featuredmedia":[{"embeddable":true,"href":"https:\/\/h.mkfetlabs.com\/index.php\/wp-json\/wp\/v2\/media\/1894"}],"wp:attachment":[{"href":"https:\/\/h.mkfetlabs.com\/index.php\/wp-json\/wp\/v2\/media?parent=1893"}],"wp:term":[{"taxonomy":"product_brand","embeddable":true,"href":"https:\/\/h.mkfetlabs.com\/index.php\/wp-json\/wp\/v2\/product_brand?post=1893"},{"taxonomy":"product_cat","embeddable":true,"href":"https:\/\/h.mkfetlabs.com\/index.php\/wp-json\/wp\/v2\/product_cat?post=1893"},{"taxonomy":"product_tag","embeddable":true,"href":"https:\/\/h.mkfetlabs.com\/index.php\/wp-json\/wp\/v2\/product_tag?post=1893"}],"curies":[{"name":"wp","href":"https:\/\/api.w.org\/{rel}","templated":true}]}}