{"id":2007,"date":"2024-06-16T02:36:44","date_gmt":"2024-06-16T05:36:44","guid":{"rendered":"https:\/\/h.mkfetlabs.com\/?post_type=product&#038;p=2007"},"modified":"2024-06-16T17:10:29","modified_gmt":"2024-06-16T20:10:29","slug":"1-metro-de-estano-para-electronica-0-7mm-nacional-tin","status":"publish","type":"product","link":"https:\/\/h.mkfetlabs.com\/index.php\/producto\/1-metro-de-estano-para-electronica-0-7mm-nacional-tin\/","title":{"rendered":"1 metro de esta\u00f1o para electr\u00f3nica 0.7mm nacional &#8211; TIN"},"content":{"rendered":"<p>Soldadura esta\u00f1o TIN 5 almas, est\u00e1 fabricada con metales v\u00edrgenes Grado A (esta\u00f1o y plomo).<\/p>\n<p>Posee un interior con 5 n\u00facleos de resina no corrosiva y no conductiva.<\/p>\n<p>&nbsp;<\/p>\n","protected":false},"excerpt":{"rendered":"<p><span style=\"color: #ff0000;\"><strong>Los componentes e insumos electr\u00f3nicos no tienen devoluci\u00f3n. Haga su consulta antes de realizar la compra.<\/strong><\/span><\/p>\n<p><strong>Principales caracter\u00edsticas:<\/strong><\/p>\n<ul>\n<li>Baja emanaci\u00f3n de humo.<\/li>\n<li>Poca emisi\u00f3n de gases.<\/li>\n<li>Aplicaci\u00f3n manual o autom\u00e1tica.<\/li>\n<li>Resina activa exenta de hal\u00f3geno.<\/li>\n<li>Residuos no corrosivos y no conductivos.<\/li>\n<li>Los residuos no precisan ser eliminados luego del soldado.<\/li>\n<\/ul>\n<p><strong>Especificaciones:<\/strong><\/p>\n<p>Cumple con las normas:<\/p>\n<ol>\n<li>ABNT NBR 6634 sold. al\u00e1mbrica con resina.<\/li>\n<li>ABNT NBR 5883 Comp. de las aleaciones.<\/li>\n<li>ASMT B32 Norma internacional.<\/li>\n<\/ol>\n<p><strong>Datos t\u00e9cnicos:<\/strong><br \/>\nEsta\u00f1o (Sn) 60%.<br \/>\nPlomo (Pb) 40%.<br \/>\nResina: 1.7 &#8211; 2%.<br \/>\nDi\u00e1metro: 0.7mm<br \/>\nAislaci\u00f3n ohm: 46 x 10^9<br \/>\nResistividad del extracto acuoso: 40.000 (ohm.cm).<br \/>\nCorrosi\u00f3n: No contiene.<br \/>\n\u00cdndice de endurecimiento: Pasa los Test.<\/p>\n","protected":false},"featured_media":2000,"comment_status":"open","ping_status":"closed","template":"","meta":[],"product_brand":[],"product_cat":[58,32],"product_tag":[59,60],"class_list":{"0":"post-2007","1":"product","2":"type-product","3":"status-publish","4":"has-post-thumbnail","6":"product_cat-electronica","7":"product_cat-herramientas","8":"product_tag-electronica","9":"product_tag-herramientas","11":"first","12":"instock","13":"shipping-taxable","14":"purchasable","15":"product-type-simple"},"jetpack_sharing_enabled":true,"_links":{"self":[{"href":"https:\/\/h.mkfetlabs.com\/index.php\/wp-json\/wp\/v2\/product\/2007","targetHints":{"allow":["GET"]}}],"collection":[{"href":"https:\/\/h.mkfetlabs.com\/index.php\/wp-json\/wp\/v2\/product"}],"about":[{"href":"https:\/\/h.mkfetlabs.com\/index.php\/wp-json\/wp\/v2\/types\/product"}],"replies":[{"embeddable":true,"href":"https:\/\/h.mkfetlabs.com\/index.php\/wp-json\/wp\/v2\/comments?post=2007"}],"wp:featuredmedia":[{"embeddable":true,"href":"https:\/\/h.mkfetlabs.com\/index.php\/wp-json\/wp\/v2\/media\/2000"}],"wp:attachment":[{"href":"https:\/\/h.mkfetlabs.com\/index.php\/wp-json\/wp\/v2\/media?parent=2007"}],"wp:term":[{"taxonomy":"product_brand","embeddable":true,"href":"https:\/\/h.mkfetlabs.com\/index.php\/wp-json\/wp\/v2\/product_brand?post=2007"},{"taxonomy":"product_cat","embeddable":true,"href":"https:\/\/h.mkfetlabs.com\/index.php\/wp-json\/wp\/v2\/product_cat?post=2007"},{"taxonomy":"product_tag","embeddable":true,"href":"https:\/\/h.mkfetlabs.com\/index.php\/wp-json\/wp\/v2\/product_tag?post=2007"}],"curies":[{"name":"wp","href":"https:\/\/api.w.org\/{rel}","templated":true}]}}