{"id":2021,"date":"2024-06-16T20:45:17","date_gmt":"2024-06-16T23:45:17","guid":{"rendered":"https:\/\/h.mkfetlabs.com\/?post_type=product&#038;p=2021"},"modified":"2026-03-31T14:01:17","modified_gmt":"2026-03-31T17:01:17","slug":"oscilador-de-fuente-lnk626pg","status":"publish","type":"product","link":"https:\/\/h.mkfetlabs.com\/index.php\/producto\/oscilador-de-fuente-lnk626pg\/","title":{"rendered":"Oscilador de fuente LNK626PG"},"content":{"rendered":"<p>Aplicable a soldadoras L\u00fcsqtoff, salkor, etc.<\/p>\n<p>&nbsp;<\/p>\n","protected":false},"excerpt":{"rendered":"<p><span style=\"color: #ff0000;\"><strong>Los componentes e insumos electr\u00f3nicos no tienen devoluci\u00f3n. Haga su consulta antes de realizar la compra.<\/strong><\/span><\/p>\n<p>El <strong>Lnk626pg<\/strong> <em>(PI &#8211; Power Integrations)<\/em> simplifica dr\u00e1sticamente el voltaje constante y de baja potencia a trav\u00e9s de una revolucionaria t\u00e9cnica de control que elimina la necesidad de un optoacoplador y un control secundario.<\/p>\n<p>Ver <strong><a href=\"https:\/\/h.mkfetlabs.com\/wp-content\/uploads\/2024\/06\/LNK623-626-pi.pdf\" target=\"_blank\" rel=\"noopener\">Datasheet<\/a><\/strong>.<\/p>\n","protected":false},"featured_media":2023,"comment_status":"open","ping_status":"closed","template":"","meta":[],"product_brand":[],"product_cat":[58,31],"product_tag":[59,55],"class_list":{"0":"post-2021","1":"product","2":"type-product","3":"status-publish","4":"has-post-thumbnail","6":"product_cat-electronica","7":"product_cat-repuestos","8":"product_tag-electronica","9":"product_tag-repuestos","11":"first","12":"outofstock","13":"shipping-taxable","14":"purchasable","15":"product-type-simple"},"jetpack_sharing_enabled":true,"_links":{"self":[{"href":"https:\/\/h.mkfetlabs.com\/index.php\/wp-json\/wp\/v2\/product\/2021","targetHints":{"allow":["GET"]}}],"collection":[{"href":"https:\/\/h.mkfetlabs.com\/index.php\/wp-json\/wp\/v2\/product"}],"about":[{"href":"https:\/\/h.mkfetlabs.com\/index.php\/wp-json\/wp\/v2\/types\/product"}],"replies":[{"embeddable":true,"href":"https:\/\/h.mkfetlabs.com\/index.php\/wp-json\/wp\/v2\/comments?post=2021"}],"wp:featuredmedia":[{"embeddable":true,"href":"https:\/\/h.mkfetlabs.com\/index.php\/wp-json\/wp\/v2\/media\/2023"}],"wp:attachment":[{"href":"https:\/\/h.mkfetlabs.com\/index.php\/wp-json\/wp\/v2\/media?parent=2021"}],"wp:term":[{"taxonomy":"product_brand","embeddable":true,"href":"https:\/\/h.mkfetlabs.com\/index.php\/wp-json\/wp\/v2\/product_brand?post=2021"},{"taxonomy":"product_cat","embeddable":true,"href":"https:\/\/h.mkfetlabs.com\/index.php\/wp-json\/wp\/v2\/product_cat?post=2021"},{"taxonomy":"product_tag","embeddable":true,"href":"https:\/\/h.mkfetlabs.com\/index.php\/wp-json\/wp\/v2\/product_tag?post=2021"}],"curies":[{"name":"wp","href":"https:\/\/api.w.org\/{rel}","templated":true}]}}