{"id":2033,"date":"2025-01-12T03:58:44","date_gmt":"2025-01-12T06:58:44","guid":{"rendered":"https:\/\/h.mkfetlabs.com\/?post_type=product&#038;p=2033"},"modified":"2026-03-31T14:01:03","modified_gmt":"2026-03-31T17:01:03","slug":"cargador-de-bateria-inteligente-de-12v-2a","status":"publish","type":"product","link":"https:\/\/h.mkfetlabs.com\/index.php\/producto\/cargador-de-bateria-inteligente-de-12v-2a\/","title":{"rendered":"Cargador de Bater\u00eda inteligente de 12V &#8211; 2A"},"content":{"rendered":"<p>CARACTER\u00cdSTICAS T\u00c9CNICAS:<\/p>\n<p>\u2022 F\u00e1cil de llevar y guardar.<br \/>\n\u2022 Semi Profesional.<br \/>\n\u2022 Funci\u00f3n de mantenedor de carga<br \/>\n\u2022 Para cargar todo tipo de bater\u00edas y celulares.<br \/>\n\u2022 Diagn\u00f3stico: detecta reserva, polaridad y voltaje.<br \/>\n\u2022 Monitor t\u00e9rmico: sensores de la temperatura interna, basados en ambiente clim\u00e1tico.<br \/>\n\u2022 Recobrar: aplica una carga de pulso de alto voltaje cuando baja tensi\u00f3n, rotura de sulfaci\u00f3n o p\u00e9rdida de capacitaci\u00f3n.<br \/>\n\u2022 Energ\u00eda: minimiza el consumo de energ\u00eda cuando el aparato no lo necesita.<br \/>\n\u2022 Estabilizador interno: aumenta la durabilidad.<\/p>\n","protected":false},"excerpt":{"rendered":"<p><span style=\"color: #ff0000;\"><strong>Este producto estar\u00e1 disponible 7 d\u00edas despu\u00e9s de la compra.<\/strong><\/span><\/p>\n<blockquote>\n<ul>\n<li><strong><a class=\"wplink-url-error\" tabindex=\"-1\" href=\"https:\/\/h.mkfetlabs.com\/index.php\/pagos-por-transferencia\/\" target=\"_blank\" rel=\"noopener\">Para pagos por transferencia, clic aqu\u00ed.<\/a><\/strong><\/li>\n<\/ul>\n<\/blockquote>\n<p>Informamos que, por el momento, no emitimos boleta A<\/p>\n<p>Ficha T\u00e9cnica<\/p>\n<p>\u2022 Tensi\u00f3n: 220 v ~ 50 Hz.<br \/>\n\u2022 Salida: 12V\/2A \u2013 12V\/1A<br \/>\n\u2022 Capacidad de carga: 2-60 A (12V)<br \/>\n\u2022 Corriente m\u00e1xima: 35 W<\/p>\n<p><strong>INCLUYE:<\/strong><br \/>\n&#8211; Cable con pinzas<br \/>\n&#8211; Cable con terminales anillo<\/p>\n<p><iframe loading=\"lazy\" src=\"https:\/\/www.youtube.com\/embed\/aPF_xyYM1GY\" width=\"560\" height=\"315\" frameborder=\"0\" allowfullscreen=\"allowfullscreen\"><\/iframe><\/p>\n<p>&nbsp;<\/p>\n","protected":false},"featured_media":2034,"comment_status":"open","ping_status":"closed","template":"","meta":[],"product_brand":[],"product_cat":[61,32,28],"product_tag":[62],"class_list":{"0":"post-2033","1":"product","2":"type-product","3":"status-publish","4":"has-post-thumbnail","6":"product_cat-cargador","7":"product_cat-herramientas","8":"product_cat-hobbista","9":"product_tag-cargador","11":"first","12":"outofstock","13":"shipping-taxable","14":"purchasable","15":"product-type-simple"},"jetpack_sharing_enabled":true,"_links":{"self":[{"href":"https:\/\/h.mkfetlabs.com\/index.php\/wp-json\/wp\/v2\/product\/2033","targetHints":{"allow":["GET"]}}],"collection":[{"href":"https:\/\/h.mkfetlabs.com\/index.php\/wp-json\/wp\/v2\/product"}],"about":[{"href":"https:\/\/h.mkfetlabs.com\/index.php\/wp-json\/wp\/v2\/types\/product"}],"replies":[{"embeddable":true,"href":"https:\/\/h.mkfetlabs.com\/index.php\/wp-json\/wp\/v2\/comments?post=2033"}],"wp:featuredmedia":[{"embeddable":true,"href":"https:\/\/h.mkfetlabs.com\/index.php\/wp-json\/wp\/v2\/media\/2034"}],"wp:attachment":[{"href":"https:\/\/h.mkfetlabs.com\/index.php\/wp-json\/wp\/v2\/media?parent=2033"}],"wp:term":[{"taxonomy":"product_brand","embeddable":true,"href":"https:\/\/h.mkfetlabs.com\/index.php\/wp-json\/wp\/v2\/product_brand?post=2033"},{"taxonomy":"product_cat","embeddable":true,"href":"https:\/\/h.mkfetlabs.com\/index.php\/wp-json\/wp\/v2\/product_cat?post=2033"},{"taxonomy":"product_tag","embeddable":true,"href":"https:\/\/h.mkfetlabs.com\/index.php\/wp-json\/wp\/v2\/product_tag?post=2033"}],"curies":[{"name":"wp","href":"https:\/\/api.w.org\/{rel}","templated":true}]}}