{"id":2041,"date":"2025-01-12T19:28:20","date_gmt":"2025-01-12T22:28:20","guid":{"rendered":"https:\/\/h.mkfetlabs.com\/?post_type=product&#038;p=2041"},"modified":"2026-03-31T14:00:53","modified_gmt":"2026-03-31T17:00:53","slug":"cargador-de-bateria-inteligente-de-12v-24v-120w","status":"publish","type":"product","link":"https:\/\/h.mkfetlabs.com\/index.php\/producto\/cargador-de-bateria-inteligente-de-12v-24v-120w\/","title":{"rendered":"Cargador de Bater\u00eda inteligente de 12V\/24V \u2013 120W"},"content":{"rendered":"<p><strong>CARACTER\u00cdSTICAS T\u00c9CNICAS:<\/strong><\/p>\n<p>\u2022 F\u00e1cil de llevar y guardar.<br \/>\n\u2022 Semiprofesional.<br \/>\n\u2022 Funci\u00f3n de mantenedor de carga.<br \/>\n\u2022 Para cargar todo tipo de bater\u00edas y celulares.<br \/>\n\u2022 Diagn\u00f3stico: detecta reserva, polaridad y voltaje.<br \/>\n\u2022 Monitor t\u00e9rmico: Sensores de la temperatura interna, basados en ambiente clim\u00e1tico.<br \/>\n\u2022 Recobrar: aplica una carga de pulso de alto voltaje cuando baja tensi\u00f3n, rotura de sulfaci\u00f3n o p\u00e9rdida de capacitaci\u00f3n.<br \/>\n\u2022 Energ\u00eda: minimiza el consumo de energ\u00eda cuando el aparato no lo necesita.<br \/>\n\u2022 Estabilizador interno: aumenta la durabilidad.<\/p>\n","protected":false},"excerpt":{"rendered":"<p><span style=\"color: #ff0000;\"><strong>Este producto estar\u00e1 disponible 7 d\u00edas despu\u00e9s de la compra.<\/strong><\/span><\/p>\n<blockquote>\n<ul>\n<li><strong><a class=\"wplink-url-error\" tabindex=\"-1\" href=\"https:\/\/h.mkfetlabs.com\/index.php\/pagos-por-transferencia\/\" target=\"_blank\" rel=\"noopener\">Para pagos por transferencia, clic aqu\u00ed.<\/a><\/strong><\/li>\n<\/ul>\n<\/blockquote>\n<p>Informamos que, por el momento, no emitimos boleta A<\/p>\n<p><strong>Ficha T\u00e9cnica:<\/strong><\/p>\n<p>\u2022 Tensi\u00f3n: 220 v ~ 50 hz.<br \/>\n\u2022 Salida: 12V\/24V \u2013 7A &#8211; 3.5A<br \/>\n\u2022 Capacidad de carga: 2-60 A (12V)<br \/>\n\u2022 Corriente m\u00e1xima: 120 W<br \/>\n\u2022 Peso: 0,6 kg.<\/p>\n<p><strong>INCLUYE:<\/strong><br \/>\n&#8211; Cable con pinzas<br \/>\n&#8211; Cable con terminales anillo<br \/>\n&#8211; Salida de encendedor<\/p>\n<p>&nbsp;<\/p>\n<p>&nbsp;<\/p>\n","protected":false},"featured_media":2044,"comment_status":"open","ping_status":"closed","template":"","meta":[],"product_brand":[],"product_cat":[61,32,28],"product_tag":[62,60],"class_list":{"0":"post-2041","1":"product","2":"type-product","3":"status-publish","4":"has-post-thumbnail","6":"product_cat-cargador","7":"product_cat-herramientas","8":"product_cat-hobbista","9":"product_tag-cargador","10":"product_tag-herramientas","12":"first","13":"outofstock","14":"shipping-taxable","15":"purchasable","16":"product-type-simple"},"jetpack_sharing_enabled":true,"_links":{"self":[{"href":"https:\/\/h.mkfetlabs.com\/index.php\/wp-json\/wp\/v2\/product\/2041","targetHints":{"allow":["GET"]}}],"collection":[{"href":"https:\/\/h.mkfetlabs.com\/index.php\/wp-json\/wp\/v2\/product"}],"about":[{"href":"https:\/\/h.mkfetlabs.com\/index.php\/wp-json\/wp\/v2\/types\/product"}],"replies":[{"embeddable":true,"href":"https:\/\/h.mkfetlabs.com\/index.php\/wp-json\/wp\/v2\/comments?post=2041"}],"wp:featuredmedia":[{"embeddable":true,"href":"https:\/\/h.mkfetlabs.com\/index.php\/wp-json\/wp\/v2\/media\/2044"}],"wp:attachment":[{"href":"https:\/\/h.mkfetlabs.com\/index.php\/wp-json\/wp\/v2\/media?parent=2041"}],"wp:term":[{"taxonomy":"product_brand","embeddable":true,"href":"https:\/\/h.mkfetlabs.com\/index.php\/wp-json\/wp\/v2\/product_brand?post=2041"},{"taxonomy":"product_cat","embeddable":true,"href":"https:\/\/h.mkfetlabs.com\/index.php\/wp-json\/wp\/v2\/product_cat?post=2041"},{"taxonomy":"product_tag","embeddable":true,"href":"https:\/\/h.mkfetlabs.com\/index.php\/wp-json\/wp\/v2\/product_tag?post=2041"}],"curies":[{"name":"wp","href":"https:\/\/api.w.org\/{rel}","templated":true}]}}