{"id":2058,"date":"2025-01-13T02:10:44","date_gmt":"2025-01-13T05:10:44","guid":{"rendered":"https:\/\/h.mkfetlabs.com\/?post_type=product&#038;p=2058"},"modified":"2026-03-31T14:00:30","modified_gmt":"2026-03-31T17:00:30","slug":"cargador-de-bateria-inteligente-de-12v-24v-40a","status":"publish","type":"product","link":"https:\/\/h.mkfetlabs.com\/index.php\/producto\/cargador-de-bateria-inteligente-de-12v-24v-40a\/","title":{"rendered":"Cargador de Bater\u00eda inteligente de 12V\/24V &#8211; 40A"},"content":{"rendered":"<p>CARACTER\u00cdSTICAS T\u00c9CNICAS:<\/p>\n<p>\u2022 Ideal para autos, \u00f3mnibus, camiones, yates, moto y casas rodantes.<br \/>\n\u2022 Protecci\u00f3n de sobrecarga, de polarizaci\u00f3n inversa, de descarga, de temperatura<br \/>\nde chispa y de cortocircuito.<br \/>\n\u2022 Carga todo tipo de bater\u00edas de \u00e1cido de plomo de 12 V y 24 V de plomo (WET<br \/>\n\/ MF \/ EFB \/ GEL \/ AGM).<br \/>\n\u2022 Detecta autom\u00e1tica la bater\u00eda o selecci\u00f3n manual en m\u00e1x. de 10 segundos.<br \/>\n\u2022 Bajo voltaje de activaci\u00f3n de la bater\u00eda (2V).<br \/>\n\u2022 El microprocesador inteligente hace m\u00e1s r\u00e1pido, m\u00e1s f\u00e1cil y m\u00e1s segura la carga.<br \/>\n\u2022 8 pasos, ciclo de carga completamente autom\u00e1tico.<br \/>\n\u2022 Funci\u00f3n de verificaci\u00f3n del alternador.<\/p>\n","protected":false},"excerpt":{"rendered":"<p><span style=\"color: #ff0000;\"><strong>Este producto estar\u00e1 disponible 7 d\u00edas despu\u00e9s de la compra.<\/strong><\/span><\/p>\n<blockquote>\n<ul>\n<li><strong><a class=\"wplink-url-error\" tabindex=\"-1\" href=\"https:\/\/h.mkfetlabs.com\/index.php\/pagos-por-transferencia\/\" target=\"_blank\" rel=\"noopener\">Para pagos por transferencia, clic aqu\u00ed.<\/a><\/strong><\/li>\n<\/ul>\n<\/blockquote>\n<p>Informamos que, por el momento, no emitimos boleta A<\/p>\n<p>Ficha T\u00e9cnica:<\/p>\n<p>\u2022 Potencia: 40 A<br \/>\n\u2022 Voltaje: 220 V ~ 50 Hz<br \/>\n\u2022 Salida: 12 \/24 V<br \/>\n\u2022 Posee pantalla: LCD, abrazaderas, 1,85 metros de cable de CA y 2 metros de cable de CC.<\/p>\n<p>&nbsp;<\/p>\n","protected":false},"featured_media":2059,"comment_status":"open","ping_status":"closed","template":"","meta":[],"product_brand":[],"product_cat":[61,32,28],"product_tag":[62,60],"class_list":{"0":"post-2058","1":"product","2":"type-product","3":"status-publish","4":"has-post-thumbnail","6":"product_cat-cargador","7":"product_cat-herramientas","8":"product_cat-hobbista","9":"product_tag-cargador","10":"product_tag-herramientas","12":"first","13":"outofstock","14":"sale","15":"shipping-taxable","16":"purchasable","17":"product-type-simple"},"jetpack_sharing_enabled":true,"_links":{"self":[{"href":"https:\/\/h.mkfetlabs.com\/index.php\/wp-json\/wp\/v2\/product\/2058","targetHints":{"allow":["GET"]}}],"collection":[{"href":"https:\/\/h.mkfetlabs.com\/index.php\/wp-json\/wp\/v2\/product"}],"about":[{"href":"https:\/\/h.mkfetlabs.com\/index.php\/wp-json\/wp\/v2\/types\/product"}],"replies":[{"embeddable":true,"href":"https:\/\/h.mkfetlabs.com\/index.php\/wp-json\/wp\/v2\/comments?post=2058"}],"wp:featuredmedia":[{"embeddable":true,"href":"https:\/\/h.mkfetlabs.com\/index.php\/wp-json\/wp\/v2\/media\/2059"}],"wp:attachment":[{"href":"https:\/\/h.mkfetlabs.com\/index.php\/wp-json\/wp\/v2\/media?parent=2058"}],"wp:term":[{"taxonomy":"product_brand","embeddable":true,"href":"https:\/\/h.mkfetlabs.com\/index.php\/wp-json\/wp\/v2\/product_brand?post=2058"},{"taxonomy":"product_cat","embeddable":true,"href":"https:\/\/h.mkfetlabs.com\/index.php\/wp-json\/wp\/v2\/product_cat?post=2058"},{"taxonomy":"product_tag","embeddable":true,"href":"https:\/\/h.mkfetlabs.com\/index.php\/wp-json\/wp\/v2\/product_tag?post=2058"}],"curies":[{"name":"wp","href":"https:\/\/api.w.org\/{rel}","templated":true}]}}