{"id":2070,"date":"2025-01-13T11:35:10","date_gmt":"2025-01-13T14:35:10","guid":{"rendered":"https:\/\/h.mkfetlabs.com\/?post_type=product&#038;p=2070"},"modified":"2026-03-31T14:00:03","modified_gmt":"2026-03-31T17:00:03","slug":"cargador-de-12v-24v-50a-arrancador-500a","status":"publish","type":"product","link":"https:\/\/h.mkfetlabs.com\/index.php\/producto\/cargador-de-12v-24v-50a-arrancador-500a\/","title":{"rendered":"Cargador de 12V\/24V &#8211; 50A &#8211; Arrancador 500A"},"content":{"rendered":"<p>CARACTER\u00cdSTICAS T\u00c9CNICAS:<\/p>\n<p>\u2022 Apto para bater\u00edas:<br \/>\n&#8211; PLOMO-\u00c1CIDO 12 V<br \/>\n&#8211; IONES DE LITIO 12 V<br \/>\n\u2022 Apto para bater\u00edas:<br \/>\n&#8211; LIFEPO4 DE 4 CELDAS<br \/>\n&#8211; PLOMO-\u00c1CIDO DE 24 V<br \/>\n\u2022 Ciclo de carga completa autom\u00e1tica de 10 pasos<br \/>\n\u2022 Pantalla digital<br \/>\n\u2022 Apto temperatura ambiente de trabajo: 0\u00baC &#8211; 40\u00baC<\/p>\n","protected":false},"excerpt":{"rendered":"<p><span style=\"color: #ff0000;\"><strong>Este producto estar\u00e1 disponible 7 d\u00edas despu\u00e9s de la compra.<\/strong><\/span><\/p>\n<blockquote>\n<ul>\n<li><strong><a class=\"wplink-url-error\" tabindex=\"-1\" href=\"https:\/\/h.mkfetlabs.com\/index.php\/pagos-por-transferencia\/\" target=\"_blank\" rel=\"noopener\">Para pagos por transferencia, clic aqu\u00ed.<\/a><\/strong><\/li>\n<\/ul>\n<\/blockquote>\n<p>Informamos que, por el momento, no emitimos boleta A<\/p>\n<p>Ficha T\u00e9cnica:<\/p>\n<p>\u2022 AC entrada: 230VAC, 50Hz, carga m\u00e1x. 2000W (10KW)<br \/>\n\u2022 DC salida: 12VDC 10A\/30A\/50A o 24VDC 10A\/30A\/50A o<br \/>\nencendido (12VDC\/24VDC) 500A 5s encendido; 240s apagado<br \/>\n\u2022 Controlador de temperatura<br \/>\n\u2022 Capacidad de bater\u00eda: para todo tipo de bater\u00edas de 15-550 Ah (12\/24V)<br \/>\n\u2022 Protecci\u00f3n: IP20<\/p>\n<p><strong>INCLUYE<\/strong><\/p>\n<p>\u2022 Par de cocodrilos<\/p>\n<p><iframe loading=\"lazy\" src=\"https:\/\/www.youtube.com\/embed\/4e4GE_1fEfg\" width=\"560\" height=\"315\" frameborder=\"0\" allowfullscreen=\"allowfullscreen\"><\/iframe><\/p>\n<p>&nbsp;<\/p>\n","protected":false},"featured_media":2071,"comment_status":"open","ping_status":"closed","template":"","meta":[],"product_brand":[],"product_cat":[64,61,32,28,47],"product_tag":[63,62,60],"class_list":{"0":"post-2070","1":"product","2":"type-product","3":"status-publish","4":"has-post-thumbnail","6":"product_cat-arrancador","7":"product_cat-cargador","8":"product_cat-herramientas","9":"product_cat-hobbista","10":"product_cat-industrial","11":"product_tag-arrancador","12":"product_tag-cargador","13":"product_tag-herramientas","15":"first","16":"outofstock","17":"sale","18":"shipping-taxable","19":"purchasable","20":"product-type-simple"},"jetpack_sharing_enabled":true,"_links":{"self":[{"href":"https:\/\/h.mkfetlabs.com\/index.php\/wp-json\/wp\/v2\/product\/2070","targetHints":{"allow":["GET"]}}],"collection":[{"href":"https:\/\/h.mkfetlabs.com\/index.php\/wp-json\/wp\/v2\/product"}],"about":[{"href":"https:\/\/h.mkfetlabs.com\/index.php\/wp-json\/wp\/v2\/types\/product"}],"replies":[{"embeddable":true,"href":"https:\/\/h.mkfetlabs.com\/index.php\/wp-json\/wp\/v2\/comments?post=2070"}],"wp:featuredmedia":[{"embeddable":true,"href":"https:\/\/h.mkfetlabs.com\/index.php\/wp-json\/wp\/v2\/media\/2071"}],"wp:attachment":[{"href":"https:\/\/h.mkfetlabs.com\/index.php\/wp-json\/wp\/v2\/media?parent=2070"}],"wp:term":[{"taxonomy":"product_brand","embeddable":true,"href":"https:\/\/h.mkfetlabs.com\/index.php\/wp-json\/wp\/v2\/product_brand?post=2070"},{"taxonomy":"product_cat","embeddable":true,"href":"https:\/\/h.mkfetlabs.com\/index.php\/wp-json\/wp\/v2\/product_cat?post=2070"},{"taxonomy":"product_tag","embeddable":true,"href":"https:\/\/h.mkfetlabs.com\/index.php\/wp-json\/wp\/v2\/product_tag?post=2070"}],"curies":[{"name":"wp","href":"https:\/\/api.w.org\/{rel}","templated":true}]}}