{"id":2120,"date":"2025-01-18T21:05:06","date_gmt":"2025-01-19T00:05:06","guid":{"rendered":"https:\/\/h.mkfetlabs.com\/?post_type=product&#038;p=2120"},"modified":"2026-04-22T19:10:18","modified_gmt":"2026-04-22T22:10:18","slug":"soldadora-inverter-city-3-0-130-amp-rmb","status":"publish","type":"product","link":"https:\/\/h.mkfetlabs.com\/index.php\/producto\/soldadora-inverter-city-3-0-130-amp-rmb\/","title":{"rendered":"Soldadora inverter CITY 3.0 130 Amp &#8211; RMB"},"content":{"rendered":"<p>Es la m\u00e1quina m\u00e1s chica de la familia <strong>RMB<\/strong>, pr\u00e1ctica, port\u00e1til y f\u00e1cil de usar. Ideal para trabajos dom\u00e9sticos y que requieran movilidad.<br \/>\nLa City 3.0 es la puerta de entrada a la tecnolog\u00eda inverter, brindando las funciones de<strong> <a href=\"https:\/\/h.mkfetlabs.com\/index.php\/2025\/01\/18\/el-sistema-hot-start-en-soldadoras-inverter\/\" target=\"_blank\" rel=\"noopener\">Hot start<\/a>, <a href=\"https:\/\/h.mkfetlabs.com\/index.php\/2023\/11\/12\/arc-force-el-secreto-para-una-soldadura-de-calidad\/\" target=\"_blank\" rel=\"noopener\">Arc Force<\/a>, <a href=\"https:\/\/h.mkfetlabs.com\/index.php\/2022\/05\/06\/antistick\/\" target=\"_blank\" rel=\"noopener\">Anti Stick<\/a>.<\/strong><br \/>\nUltra portable pero con la eficiencia y potencia de la <a href=\"https:\/\/h.mkfetlabs.com\/index.php\/2025\/01\/18\/tecnologia-igbt-en-las-soldadoras-inverter\/\"><strong>Tecnolog\u00eda IGBT<\/strong><\/a>, que otorga eficiencia energ\u00e9tica, bajo consumo y funciona con baja tensi\u00f3n de red ( 180 a 270 volts).<br \/>\n<strong><a href=\"https:\/\/rmb.com.ar\/web\/wp-content\/uploads\/2023\/02\/Manual-City-3.0.pdf\" target=\"_blank\" rel=\"noopener\">Descargar el manual desde el sitio oficial aqu\u00ed.<\/a><\/strong><\/p>\n<p>&nbsp;<\/p>\n","protected":false},"excerpt":{"rendered":"<p><span style=\"color: #ff0000;\"><strong>Este producto estar\u00e1 disponible 7 d\u00edas despu\u00e9s de la compra.<\/strong><\/span><\/p>\n<blockquote>\n<ul>\n<li><strong><a class=\"wplink-url-error\" tabindex=\"-1\" href=\"https:\/\/h.mkfetlabs.com\/index.php\/pagos-por-transferencia\/\" target=\"_blank\" rel=\"noopener\">Para pagos por transferencia, clic aqu\u00ed.<\/a><\/strong><\/li>\n<\/ul>\n<\/blockquote>\n<p>Informamos que, por el momento, no emitimos boleta A<\/p>\n<p>Ficha T\u00e9cnica:<\/p>\n<p>TENSI\u00d3N DE L\u00edNEA: 220V<br \/>\nCORRIENTES MAX. ABSORBIDA: 25 A<br \/>\nCICLO DE SERVICIO EN 60974-1 (40 \u00baC): 130 A 40% &#8211; 106A 60% &#8211; 82A 100%<br \/>\nTENSION DE VACIO: 60V<br \/>\nRANGO DE CORRIENTE: 20-130 (A)<br \/>\nELECTRODO (MM): 1,60-3<br \/>\nDIMENSIONES (MM): 253*108*175<br \/>\nPESO (KG): 2,6<\/p>\n<p>ENVIOS A TODO EL PAIS<\/p>\n<p><iframe loading=\"lazy\" src=\"https:\/\/www.youtube.com\/embed\/t_TmDG1mdsQ\" width=\"560\" height=\"315\" frameborder=\"0\" allowfullscreen=\"allowfullscreen\"><span style=\"display: inline-block; width: 0px; overflow: hidden; line-height: 0;\" data-mce-type=\"bookmark\" class=\"mce_SELRES_start\">\ufeff<\/span><\/iframe><\/p>\n","protected":false},"featured_media":2121,"comment_status":"open","ping_status":"closed","template":"","meta":[],"product_brand":[],"product_cat":[32,28,44,69,27],"product_tag":[],"class_list":{"0":"post-2120","1":"product","2":"type-product","3":"status-publish","4":"has-post-thumbnail","6":"product_cat-herramientas","7":"product_cat-hobbista","8":"product_cat-mma","9":"product_cat-rmb","10":"product_cat-soldadoras","12":"first","13":"instock","14":"sale","15":"shipping-taxable","16":"purchasable","17":"product-type-simple"},"jetpack_sharing_enabled":true,"_links":{"self":[{"href":"https:\/\/h.mkfetlabs.com\/index.php\/wp-json\/wp\/v2\/product\/2120","targetHints":{"allow":["GET"]}}],"collection":[{"href":"https:\/\/h.mkfetlabs.com\/index.php\/wp-json\/wp\/v2\/product"}],"about":[{"href":"https:\/\/h.mkfetlabs.com\/index.php\/wp-json\/wp\/v2\/types\/product"}],"replies":[{"embeddable":true,"href":"https:\/\/h.mkfetlabs.com\/index.php\/wp-json\/wp\/v2\/comments?post=2120"}],"wp:featuredmedia":[{"embeddable":true,"href":"https:\/\/h.mkfetlabs.com\/index.php\/wp-json\/wp\/v2\/media\/2121"}],"wp:attachment":[{"href":"https:\/\/h.mkfetlabs.com\/index.php\/wp-json\/wp\/v2\/media?parent=2120"}],"wp:term":[{"taxonomy":"product_brand","embeddable":true,"href":"https:\/\/h.mkfetlabs.com\/index.php\/wp-json\/wp\/v2\/product_brand?post=2120"},{"taxonomy":"product_cat","embeddable":true,"href":"https:\/\/h.mkfetlabs.com\/index.php\/wp-json\/wp\/v2\/product_cat?post=2120"},{"taxonomy":"product_tag","embeddable":true,"href":"https:\/\/h.mkfetlabs.com\/index.php\/wp-json\/wp\/v2\/product_tag?post=2120"}],"curies":[{"name":"wp","href":"https:\/\/api.w.org\/{rel}","templated":true}]}}