{"id":2139,"date":"2025-01-18T23:20:13","date_gmt":"2025-01-19T02:20:13","guid":{"rendered":"https:\/\/h.mkfetlabs.com\/?post_type=product&#038;p=2139"},"modified":"2026-03-31T13:48:35","modified_gmt":"2026-03-31T16:48:35","slug":"soldadora-inverter-city-160-amp-rmb","status":"publish","type":"product","link":"https:\/\/h.mkfetlabs.com\/index.php\/producto\/soldadora-inverter-city-160-amp-rmb\/","title":{"rendered":"Soldadora inverter CITY 160 Amp \u2013 RMB"},"content":{"rendered":"<p>La l\u00ednea City incluye m\u00e1quinas, peque\u00f1as, livianas, ultra port\u00e1tiles, pensadas para aquellos usuarios que desean acceder a los beneficios de la tecnolog\u00eda inverter.<\/p>\n<ul>\n<li>Ideal para realizar tareas de soldadura<strong> en el hogar<\/strong> o trabajos de soldadura convencionales en acero al carbono.<\/li>\n<\/ul>\n<p>Su portabilidad y su adaptabilidad a los voltajes variables de entrada, la vuelve ideal para trabajos de obra.<br \/>\nLos beneficios de la tecnolog\u00eda Inverter son: Tecnolog\u00eda IGBT: Brinda un arco de soldadura m\u00e1s estable y consumo energ\u00e9tico inferior a los equipos tradicionales.<\/p>\n<p><a href=\"https:\/\/h.mkfetlabs.com\/index.php\/2025\/01\/18\/el-sistema-hot-start-en-soldadoras-inverter\/\" target=\"_blank\" rel=\"noopener\"><strong>Hot Start:<\/strong><\/a> Esta funci\u00f3n permite iniciar f\u00e1cilmente el arco el\u00e9ctrico sin cebar el electrodo y sin que \u00e9ste se pegue.<\/p>\n<p><a href=\"https:\/\/h.mkfetlabs.com\/index.php\/2022\/05\/06\/antistick\/\" target=\"_blank\" rel=\"noopener\"><strong>Anti-Stick:<\/strong><\/a> Evita que el electrodo se adhiera al metal base y se sobre &#8211; caliente.<\/p>\n<p><a href=\"https:\/\/h.mkfetlabs.com\/index.php\/2023\/11\/12\/arc-force-el-secreto-para-una-soldadura-de-calidad\/\" target=\"_blank\" rel=\"noopener\"><strong>Forzador de arco:<\/strong><\/a> Permite soldar con el electrodo cerca de la pieza, mejorando la fusi\u00f3n del material base, una menor salpicadura y mayor aprovechamiento del material de aporte del electrodo.<\/p>\n<p><a href=\"https:\/\/rmb.com.ar\/web\/wp-content\/uploads\/2023\/02\/Manual-City-160.pdf\" target=\"_blank\" rel=\"noopener\"><strong>Puede descargar el manual desde el sitio oficial aqu\u00ed.<\/strong><\/a><\/p>\n<p>&nbsp;<\/p>\n","protected":false},"excerpt":{"rendered":"<p><span style=\"color: #ff0000;\"><strong>Este producto estar\u00e1 disponible 7 d\u00edas despu\u00e9s de la compra.<\/strong><\/span><\/p>\n<blockquote>\n<ul>\n<li><strong><a class=\"wplink-url-error\" tabindex=\"-1\" href=\"https:\/\/h.mkfetlabs.com\/index.php\/pagos-por-transferencia\/\" target=\"_blank\" rel=\"noopener\">Para pagos por transferencia, clic aqu\u00ed.<\/a><\/strong><\/li>\n<\/ul>\n<\/blockquote>\n<p>Informamos que, por el momento, no emitimos boleta A<\/p>\n<p>Ficha T\u00e9cnica:<\/p>\n<p>Ficha T\u00e9cnica:<\/p>\n<p>TENSI\u00d3N DE L\u00edNEA: 220V<br \/>\nCORRIENTES MAX. ABSORBIDA: 32 A<br \/>\nCICLO DE SERVICIO EN 60974-1 (40 \u00baC): 160 A 30% \u2013 92A 60% \u2013 71A 100%<br \/>\nTENSION DE VACIO: 65V<br \/>\nRANGO DE CORRIENTE: 20-160 (A)<br \/>\nELECTRODO (MM): 1,60-4<br \/>\nDIMENSIONES (MM): 320x97x163<br \/>\nPESO (KG): 3,2<\/p>\n<p>ENVIOS A TODO EL PAIS<\/p>\n<p><iframe loading=\"lazy\" src=\"https:\/\/www.youtube.com\/embed\/MIld3c08Qn0\" width=\"560\" height=\"315\" frameborder=\"0\" allowfullscreen=\"allowfullscreen\"><\/iframe><\/p>\n","protected":false},"featured_media":2142,"comment_status":"open","ping_status":"closed","template":"","meta":[],"product_brand":[],"product_cat":[32,28,44,69,27],"product_tag":[60,70,35],"class_list":{"0":"post-2139","1":"product","2":"type-product","3":"status-publish","4":"has-post-thumbnail","6":"product_cat-herramientas","7":"product_cat-hobbista","8":"product_cat-mma","9":"product_cat-rmb","10":"product_cat-soldadoras","11":"product_tag-herramientas","12":"product_tag-rmb","13":"product_tag-soldadora-mma","15":"first","16":"outofstock","17":"shipping-taxable","18":"purchasable","19":"product-type-simple"},"jetpack_sharing_enabled":true,"_links":{"self":[{"href":"https:\/\/h.mkfetlabs.com\/index.php\/wp-json\/wp\/v2\/product\/2139","targetHints":{"allow":["GET"]}}],"collection":[{"href":"https:\/\/h.mkfetlabs.com\/index.php\/wp-json\/wp\/v2\/product"}],"about":[{"href":"https:\/\/h.mkfetlabs.com\/index.php\/wp-json\/wp\/v2\/types\/product"}],"replies":[{"embeddable":true,"href":"https:\/\/h.mkfetlabs.com\/index.php\/wp-json\/wp\/v2\/comments?post=2139"}],"wp:featuredmedia":[{"embeddable":true,"href":"https:\/\/h.mkfetlabs.com\/index.php\/wp-json\/wp\/v2\/media\/2142"}],"wp:attachment":[{"href":"https:\/\/h.mkfetlabs.com\/index.php\/wp-json\/wp\/v2\/media?parent=2139"}],"wp:term":[{"taxonomy":"product_brand","embeddable":true,"href":"https:\/\/h.mkfetlabs.com\/index.php\/wp-json\/wp\/v2\/product_brand?post=2139"},{"taxonomy":"product_cat","embeddable":true,"href":"https:\/\/h.mkfetlabs.com\/index.php\/wp-json\/wp\/v2\/product_cat?post=2139"},{"taxonomy":"product_tag","embeddable":true,"href":"https:\/\/h.mkfetlabs.com\/index.php\/wp-json\/wp\/v2\/product_tag?post=2139"}],"curies":[{"name":"wp","href":"https:\/\/api.w.org\/{rel}","templated":true}]}}