{"id":2149,"date":"2025-01-19T00:40:06","date_gmt":"2025-01-19T03:40:06","guid":{"rendered":"https:\/\/h.mkfetlabs.com\/?post_type=product&#038;p=2149"},"modified":"2025-01-19T01:17:37","modified_gmt":"2025-01-19T04:17:37","slug":"soldadora-inverter-dual-mma-y-tig-lift-200a-rmb","status":"publish","type":"product","link":"https:\/\/h.mkfetlabs.com\/index.php\/producto\/soldadora-inverter-dual-mma-y-tig-lift-200a-rmb\/","title":{"rendered":"Soldadora inverter dual  MMA y TIG LIFT 200A &#8211; RMB"},"content":{"rendered":"<div class=\"elementor-element elementor-element-6358afa elementor-widget elementor-widget-text-editor\" data-id=\"6358afa\" data-element_type=\"widget\" data-widget_type=\"text-editor.default\">\n<p><strong>Compacta y liviana<\/strong><\/p>\n<p>La<em> Stark 200<\/em> TR de <strong>RMB<\/strong> es un equipo liviano y vers\u00e1til apto para soldar una gran variedad de electrodos.<\/p>\n<p>Permite trabajar en modalidad <strong>MMA<\/strong> y<a href=\"https:\/\/h.mkfetlabs.com\/index.php\/2023\/11\/12\/sistema-lift-tig-iniciando-la-chispa-de-forma-segura\/\" target=\"_blank\" rel=\"noopener\"> <strong>TIG LIFT<\/strong><\/a><\/p>\n<p>Ideales para realizar montajes, tareas de mantenimiento y uso en taller.<\/p>\n<p>La<em> Stark 200<\/em> TR es ideal para realizar montajes, tareas de mantenimiento y uso en taller. Suelde acero dulce y acero inoxidable en cualquier parte.<\/p>\n<p><strong><a href=\"https:\/\/rmb.com.ar\/web\/wp-content\/uploads\/2022\/10\/Manual-STARK-200-TR-.pdf\" target=\"_blank\" rel=\"noopener\">Descargar el manual desde el sitio oficial aqu\u00ed.<\/a><\/strong><\/p>\n<p>&nbsp;<\/p>\n<\/div>\n","protected":false},"excerpt":{"rendered":"<p><span style=\"color: #ff0000;\"><strong>Este producto estar\u00e1 disponible 7 d\u00edas despu\u00e9s de la compra.<\/strong><\/span><\/p>\n<blockquote>\n<ul>\n<li><strong><a class=\"wplink-url-error\" tabindex=\"-1\" href=\"https:\/\/h.mkfetlabs.com\/index.php\/pagos-por-transferencia\/\" target=\"_blank\" rel=\"noopener\">Para pagos por transferencia, clic aqu\u00ed.<\/a><\/strong><\/li>\n<\/ul>\n<\/blockquote>\n<p>Informamos que, por el momento, no emitimos boleta A<\/p>\n<p>Ficha T\u00e9cnica:<\/p>\n<p>MARCA: RMB<br \/>\nMODELO: STARK 200 TR<br \/>\nTENSI\u00d3N DE L\u00edNEA: 220V<br \/>\nCORRIENTES MAX. ABSORBIDA: 40 A<br \/>\nCICLO DE SERVICIO EN 60974-1 (40 \u00baC): 200 A 20%<br \/>\nTENSION DE VACIO: 86V<br \/>\nRANGO DE CORRIENTE: 20-200 (A)<br \/>\nELECTRODO (MM): 1,60-4<br \/>\nDIMENSIONES (MM): 420x154x296<br \/>\nPESO (KG): 5,9<\/p>\n<p>ENVIOS A TODO EL PAIS<\/p>\n<p><iframe loading=\"lazy\" src=\"https:\/\/www.youtube.com\/embed\/7S2U505XeCc\" width=\"560\" height=\"315\" frameborder=\"0\" allowfullscreen=\"allowfullscreen\"><span style=\"display: inline-block; width: 0px; overflow: hidden; line-height: 0;\" data-mce-type=\"bookmark\" class=\"mce_SELRES_start\">\ufeff<\/span><span style=\"display: inline-block; width: 0px; overflow: hidden; line-height: 0;\" data-mce-type=\"bookmark\" class=\"mce_SELRES_start\">\ufeff<\/span><\/iframe><\/p>\n","protected":false},"featured_media":2150,"comment_status":"open","ping_status":"closed","template":"","meta":[],"product_brand":[],"product_cat":[42,44,69,67,27,71],"product_tag":[],"class_list":{"0":"post-2149","1":"product","2":"type-product","3":"status-publish","4":"has-post-thumbnail","6":"product_cat-dual","7":"product_cat-mma","8":"product_cat-rmb","9":"product_cat-semiprofesional","10":"product_cat-soldadoras","11":"product_cat-tig-lift","13":"first","14":"outofstock","15":"shipping-taxable","16":"purchasable","17":"product-type-simple"},"jetpack_sharing_enabled":true,"_links":{"self":[{"href":"https:\/\/h.mkfetlabs.com\/index.php\/wp-json\/wp\/v2\/product\/2149","targetHints":{"allow":["GET"]}}],"collection":[{"href":"https:\/\/h.mkfetlabs.com\/index.php\/wp-json\/wp\/v2\/product"}],"about":[{"href":"https:\/\/h.mkfetlabs.com\/index.php\/wp-json\/wp\/v2\/types\/product"}],"replies":[{"embeddable":true,"href":"https:\/\/h.mkfetlabs.com\/index.php\/wp-json\/wp\/v2\/comments?post=2149"}],"wp:featuredmedia":[{"embeddable":true,"href":"https:\/\/h.mkfetlabs.com\/index.php\/wp-json\/wp\/v2\/media\/2150"}],"wp:attachment":[{"href":"https:\/\/h.mkfetlabs.com\/index.php\/wp-json\/wp\/v2\/media?parent=2149"}],"wp:term":[{"taxonomy":"product_brand","embeddable":true,"href":"https:\/\/h.mkfetlabs.com\/index.php\/wp-json\/wp\/v2\/product_brand?post=2149"},{"taxonomy":"product_cat","embeddable":true,"href":"https:\/\/h.mkfetlabs.com\/index.php\/wp-json\/wp\/v2\/product_cat?post=2149"},{"taxonomy":"product_tag","embeddable":true,"href":"https:\/\/h.mkfetlabs.com\/index.php\/wp-json\/wp\/v2\/product_tag?post=2149"}],"curies":[{"name":"wp","href":"https:\/\/api.w.org\/{rel}","templated":true}]}}