{"id":2155,"date":"2025-01-19T01:53:17","date_gmt":"2025-01-19T04:53:17","guid":{"rendered":"https:\/\/h.mkfetlabs.com\/?post_type=product&#038;p=2155"},"modified":"2026-03-31T13:48:20","modified_gmt":"2026-03-31T16:48:20","slug":"soldadora-inverter-dual-mma-y-tig-lift-200a-celulosico-rmb","status":"publish","type":"product","link":"https:\/\/h.mkfetlabs.com\/index.php\/producto\/soldadora-inverter-dual-mma-y-tig-lift-200a-celulosico-rmb\/","title":{"rendered":"Soldadora inverter dual MMA y TIG LIFT 200A celulosico \u2013 RMB"},"content":{"rendered":"<p>El MODELO QUINN 251 CEL de <em><strong>RMB<\/strong><\/em>, es un equipo robusto, y de f\u00e1cil configuraci\u00f3n, para procesos<br \/>\nde soldaura MMA y <a href=\"https:\/\/h.mkfetlabs.com\/index.php\/2023\/11\/12\/sistema-lift-tig-iniciando-la-chispa-de-forma-segura\/\">TIG LIFT<\/a>.<br \/>\nLa principal ventaja de este equipo es que permite soldar con electrodo de tipo <em><strong>celul\u00f3sico<\/strong><\/em>.<\/p>\n<p>Los beneficios de la tecnolog\u00eda Inverter son:<br \/>\n<strong><a href=\"https:\/\/h.mkfetlabs.com\/index.php\/2025\/01\/18\/tecnologia-igbt-en-las-soldadoras-inverter\/\" target=\"_blank\" rel=\"noopener\">Tecnolog\u00eda IGBT:<\/a><\/strong> Brinda un arco de soldadura m\u00e1s estable y consumo energ\u00e9tico inferior a los equipos tradicionales.<\/p>\n<p><a href=\"https:\/\/h.mkfetlabs.com\/index.php\/2025\/01\/18\/el-sistema-hot-start-en-soldadoras-inverter\/\" target=\"_blank\" rel=\"noopener\"><strong>Hot Start:<\/strong><\/a> Esta funci\u00f3n permite iniciar f\u00e1cilmente el arco el\u00e9ctrico sin cebar el electrodo y sin que \u00e9ste se pegue.<\/p>\n<p><a href=\"https:\/\/h.mkfetlabs.com\/index.php\/2022\/05\/06\/antistick\/\" target=\"_blank\" rel=\"noopener\"><strong>Anti-Stick:<\/strong><\/a> Evita que el electrodo se adhiera al metal base y se sobrecaliente.<\/p>\n<p><a href=\"https:\/\/h.mkfetlabs.com\/index.php\/2023\/11\/12\/arc-force-el-secreto-para-una-soldadura-de-calidad\/\" target=\"_blank\" rel=\"noopener\"><strong>Forzador de arco:<\/strong><\/a> Permite soldar con el electrodo cerca de la pieza, mejorando la fusi\u00f3n del material base, una<br \/>\nmenor salpicadura y mayor aprovechamiento del material de aporte del electrodo.<\/p>\n<p><strong><a href=\"https:\/\/rmb.com.ar\/web\/wp-content\/uploads\/2022\/10\/Manual-QUINN-251CEL.pdf\" target=\"_blank\" rel=\"noopener\">Descargar el manual desde el sitio oficial aqu\u00ed.<\/a><\/strong><\/p>\n<p>&nbsp;<\/p>\n","protected":false},"excerpt":{"rendered":"<p><span style=\"color: #ff0000;\"><strong>Este producto estar\u00e1 disponible 7 d\u00edas despu\u00e9s de la compra.<\/strong><\/span><\/p>\n<blockquote>\n<ul>\n<li><strong><a class=\"wplink-url-error\" tabindex=\"-1\" href=\"https:\/\/h.mkfetlabs.com\/index.php\/pagos-por-transferencia\/\" target=\"_blank\" rel=\"noopener\">Para pagos por transferencia, clic aqu\u00ed.<\/a><\/strong><\/li>\n<\/ul>\n<\/blockquote>\n<p>Informamos que, por el momento, no emitimos boleta A<\/p>\n<p>Ficha T\u00e9cnica:<\/p>\n<p>MARCA: <strong>RMB<\/strong><br \/>\nMODELO: QUINN 251 CEL<br \/>\nTENSI\u00d3N DE L\u00edNEA: 220V<br \/>\nCORRIENTES MAX. ABSORBIDA: 41 A<br \/>\nCICLO DE SERVICIO EN 60974-1 (40 \u00baC): 200 A 15% &#8211; 100 A 60%<br \/>\nTENSION DE VACIO: 78V<br \/>\nRANGO DE CORRIENTE: 20-200 (A)<br \/>\nELECTRODO (MM): 1,60-4<br \/>\nDIMENSIONES (MM): 470x235x373<br \/>\nPESO (KG): 8,8<\/p>\n<p>ENVIOS A TODO EL PAIS<\/p>\n<p><iframe loading=\"lazy\" src=\"https:\/\/www.youtube.com\/embed\/Ku7f3rFShyI\" width=\"560\" height=\"315\" frameborder=\"0\" allowfullscreen=\"allowfullscreen\"><span style=\"display: inline-block; width: 0px; overflow: hidden; line-height: 0;\" data-mce-type=\"bookmark\" class=\"mce_SELRES_start\">\ufeff<\/span><span style=\"display: inline-block; width: 0px; overflow: hidden; line-height: 0;\" data-mce-type=\"bookmark\" class=\"mce_SELRES_start\">\ufeff<\/span><span style=\"display: inline-block; width: 0px; overflow: hidden; line-height: 0;\" data-mce-type=\"bookmark\" class=\"mce_SELRES_start\">\ufeff<\/span><\/iframe><\/p>\n","protected":false},"featured_media":2157,"comment_status":"open","ping_status":"closed","template":"","meta":[],"product_brand":[],"product_cat":[72,42,32,44,69,67,27,71],"product_tag":[73,35,37],"class_list":{"0":"post-2155","1":"product","2":"type-product","3":"status-publish","4":"has-post-thumbnail","6":"product_cat-celulosico","7":"product_cat-dual","8":"product_cat-herramientas","9":"product_cat-mma","10":"product_cat-rmb","11":"product_cat-semiprofesional","12":"product_cat-soldadoras","13":"product_cat-tig-lift","14":"product_tag-celulosico","15":"product_tag-soldadora-mma","16":"product_tag-soldadora-tig","18":"first","19":"outofstock","20":"shipping-taxable","21":"purchasable","22":"product-type-simple"},"jetpack_sharing_enabled":true,"_links":{"self":[{"href":"https:\/\/h.mkfetlabs.com\/index.php\/wp-json\/wp\/v2\/product\/2155","targetHints":{"allow":["GET"]}}],"collection":[{"href":"https:\/\/h.mkfetlabs.com\/index.php\/wp-json\/wp\/v2\/product"}],"about":[{"href":"https:\/\/h.mkfetlabs.com\/index.php\/wp-json\/wp\/v2\/types\/product"}],"replies":[{"embeddable":true,"href":"https:\/\/h.mkfetlabs.com\/index.php\/wp-json\/wp\/v2\/comments?post=2155"}],"wp:featuredmedia":[{"embeddable":true,"href":"https:\/\/h.mkfetlabs.com\/index.php\/wp-json\/wp\/v2\/media\/2157"}],"wp:attachment":[{"href":"https:\/\/h.mkfetlabs.com\/index.php\/wp-json\/wp\/v2\/media?parent=2155"}],"wp:term":[{"taxonomy":"product_brand","embeddable":true,"href":"https:\/\/h.mkfetlabs.com\/index.php\/wp-json\/wp\/v2\/product_brand?post=2155"},{"taxonomy":"product_cat","embeddable":true,"href":"https:\/\/h.mkfetlabs.com\/index.php\/wp-json\/wp\/v2\/product_cat?post=2155"},{"taxonomy":"product_tag","embeddable":true,"href":"https:\/\/h.mkfetlabs.com\/index.php\/wp-json\/wp\/v2\/product_tag?post=2155"}],"curies":[{"name":"wp","href":"https:\/\/api.w.org\/{rel}","templated":true}]}}