{"id":2163,"date":"2025-01-19T17:37:55","date_gmt":"2025-01-19T20:37:55","guid":{"rendered":"https:\/\/h.mkfetlabs.com\/?post_type=product&#038;p=2163"},"modified":"2025-01-19T17:46:55","modified_gmt":"2025-01-19T20:46:55","slug":"soldadora-industrial-trifasica-400a-mma-tig-lift-rmb","status":"publish","type":"product","link":"https:\/\/h.mkfetlabs.com\/index.php\/producto\/soldadora-industrial-trifasica-400a-mma-tig-lift-rmb\/","title":{"rendered":"Soldadora industrial trif\u00e1sica 400A MMA TIG-LIFT &#8211; RMB"},"content":{"rendered":"<div class=\"elementor-column elementor-col-50 elementor-top-column elementor-element elementor-element-7dabfb37\" data-id=\"7dabfb37\" data-element_type=\"column\">\n<div class=\"elementor-widget-wrap elementor-element-populated\">\n<div class=\"elementor-element elementor-element-6ca8fb68 elementor-widget elementor-widget-heading\" data-id=\"6ca8fb68\" data-element_type=\"widget\" data-widget_type=\"heading.default\">\n<h4 class=\"elementor-heading-title elementor-size-default\">Desarrollada para la industria pesada<\/h4>\n<\/div>\n<div class=\"elementor-element elementor-element-60ab9034 elementor-widget elementor-widget-text-editor\" data-id=\"60ab9034\" data-element_type=\"widget\" data-widget_type=\"text-editor.default\">\n<p class=\"p1\">Preparadas para <em><strong>soportar los ciclos de trabajo m\u00e1s intensos<\/strong> <\/em>que un soldador puede exigir a una m\u00e1quina, con un factor de trabajo del 60% en 400A.<\/p>\n<p>Sueldan<strong><em>\u00a0todo tipo de electrodos<\/em><\/strong> <em>(incluido celul\u00f3sicos)<\/em> y cuentan con la capacidad de soldar <a href=\"https:\/\/h.mkfetlabs.com\/index.php\/2023\/11\/12\/sistema-lift-tig-iniciando-la-chispa-de-forma-segura\/\" target=\"_blank\" rel=\"noopener\"><em><strong>TIG-Lift<\/strong><\/em><\/a>.<\/p>\n<p>Es un equipos trif\u00e1sicos, preparado para trabajar con electrodos celul\u00f3sicos. Operan tanto en <strong>MMA<\/strong> como en <strong>TIG-LIFT<\/strong>. Destinadas a la<em><strong> industria pesada<\/strong><\/em> y preparados para soportar los ciclos de trabajo continuos que exige este sector.<\/p>\n<p>Alogunas de sus virtudes:<\/p>\n<p><strong>-Display digital<\/strong>: permite una regulaci\u00f3n precisa de la corriente de soldadura.<\/p>\n<p><a href=\"https:\/\/h.mkfetlabs.com\/index.php\/2025\/01\/18\/tecnologia-igbt-en-las-soldadoras-inverter\/\" target=\"_blank\" rel=\"noopener\"><strong>-Tecnolog\u00eda IGBT<\/strong><\/a>: Brinda un arco de soldadura m\u00e1s estable y consumo energ\u00e9tico inferior a los equipos tradicionales.<\/p>\n<p><a href=\"https:\/\/h.mkfetlabs.com\/index.php\/2025\/01\/18\/el-sistema-hot-start-en-soldadoras-inverter\/\" target=\"_blank\" rel=\"noopener\"><strong>-Hot Start:<\/strong><\/a> Esta funci\u00f3n permite iniciar f\u00e1cilmente el arco el\u00e9ctrico sin cebar el electrodo y sin que \u00e9ste se pegue.<\/p>\n<p><a href=\"https:\/\/h.mkfetlabs.com\/index.php\/2022\/05\/06\/antistick\/\" target=\"_blank\" rel=\"noopener\"><strong>-Anti-Stick<\/strong><\/a>: Evita que el electrodo se adhiera al metal base y se sobrecaliente.<\/p>\n<p><a href=\"https:\/\/h.mkfetlabs.com\/index.php\/2023\/11\/12\/arc-force-el-secreto-para-una-soldadura-de-calidad\/\" target=\"_blank\" rel=\"noopener\"><strong>-Forzador de arco:<\/strong><\/a> Permite soldar con el electrodo cerca de la pieza, mejorando la fusi\u00f3n del material base, una menor salpicadura y mayor aprovecha- miento del material de aporte del electrodo.<\/p>\n<p><strong><a href=\"https:\/\/rmb.com.ar\/web\/wp-content\/uploads\/2022\/10\/MANUAL-HARD-400-CE-.pdf\" target=\"_blank\" rel=\"noopener\">Descargar el manual desde el sitio oficial aqu\u00ed.<\/a><\/strong><\/p>\n<p>&nbsp;<\/p>\n<\/div>\n<\/div>\n<\/div>\n","protected":false},"excerpt":{"rendered":"<p><span style=\"color: #ff0000;\"><strong>Este producto estar\u00e1 disponible 7 d\u00edas despu\u00e9s de la compra.<\/strong><\/span><\/p>\n<blockquote>\n<ul>\n<li><strong><a class=\"wplink-url-error\" tabindex=\"-1\" href=\"https:\/\/h.mkfetlabs.com\/index.php\/pagos-por-transferencia\/\" target=\"_blank\" rel=\"noopener\">Para pagos por transferencia, clic aqu\u00ed.<\/a><\/strong><\/li>\n<\/ul>\n<\/blockquote>\n<p>Informamos que, por el momento, no emitimos boleta A<\/p>\n<p>Ficha T\u00e9cnica:<\/p>\n<p>MARCA: <strong>RMB<\/strong><br \/>\nMODELO: <strong>HARD400 CE<\/strong><br \/>\nTENSI\u00d3N DE L\u00edNEA: 380V<em> (TRES FASES)<\/em><br \/>\nCORRIENTES MAX. ABSORBIDA: 29 A<br \/>\nCICLO DE SERVICIO EN 60974-1 (40 \u00baC): 400 A 60% &#8211; 310A 100%<br \/>\nTENSION DE VACIO: 68V<br \/>\nRANGO DE CORRIENTE: 40-400 (A)<br \/>\nELECTRODO (MM): 1,60-5<br \/>\nDIMENSIONES (MM): 505x240x404<br \/>\nPESO (KG): 20<\/p>\n<p>ENVIOS A TODO EL PAIS<\/p>\n<p style=\"text-align: center;\"><span style=\"color: #339966;\"><strong>Puedes ver al equipo tocando la imagen de abajo<\/strong><\/span><\/p>\n<p><a href=\"https:\/\/www.instagram.com\/reel\/CkJ82Hepe_h\/?igshid=NjFhOGMzYTE3ZQ==\" target=\"_blank\" rel=\"noopener\"> <img loading=\"lazy\" decoding=\"async\" class=\"attachment-large size-large wp-image-5618 lazyloaded aligncenter\" src=\"https:\/\/rmb.com.ar\/web\/wp-content\/uploads\/2023\/08\/HARD-400-CE-celulosico.jpeg\" sizes=\"auto, (max-width: 573px) 100vw, 573px\" srcset=\"https:\/\/rmb.com.ar\/web\/wp-content\/uploads\/2023\/08\/HARD-400-CE-celulosico.jpeg 573w, https:\/\/rmb.com.ar\/web\/wp-content\/uploads\/2023\/08\/HARD-400-CE-celulosico-168x300.jpeg 168w\" alt=\"\" width=\"573\" height=\"1024\" data-src=\"https:\/\/rmb.com.ar\/web\/wp-content\/uploads\/2023\/08\/HARD-400-CE-celulosico.jpeg\" data-srcset=\"https:\/\/rmb.com.ar\/web\/wp-content\/uploads\/2023\/08\/HARD-400-CE-celulosico.jpeg 573w, https:\/\/rmb.com.ar\/web\/wp-content\/uploads\/2023\/08\/HARD-400-CE-celulosico-168x300.jpeg 168w\" \/><noscript><span style=\"display: inline-block; width: 0px; overflow: hidden; line-height: 0;\" data-mce-type=\"bookmark\" class=\"mce_SELRES_start\"><\/span><img loading=\"lazy\" decoding=\"async\" width=\"573\" height=\"1024\" src=\"https:\/\/rmb.com.ar\/web\/wp-content\/uploads\/2023\/08\/HARD-400-CE-celulosico.jpeg\n\n<\/noscript><\/a><\/p>\n","protected":false},"featured_media":2164,"comment_status":"open","ping_status":"closed","template":"","meta":[],"product_brand":[],"product_cat":[72,42,32,47,44,69,27,71],"product_tag":[60,70,35],"class_list":{"0":"post-2163","1":"product","2":"type-product","3":"status-publish","4":"has-post-thumbnail","6":"product_cat-celulosico","7":"product_cat-dual","8":"product_cat-herramientas","9":"product_cat-industrial","10":"product_cat-mma","11":"product_cat-rmb","12":"product_cat-soldadoras","13":"product_cat-tig-lift","14":"product_tag-herramientas","15":"product_tag-rmb","16":"product_tag-soldadora-mma","18":"first","19":"outofstock","20":"shipping-taxable","21":"purchasable","22":"product-type-simple"},"jetpack_sharing_enabled":true,"_links":{"self":[{"href":"https:\/\/h.mkfetlabs.com\/index.php\/wp-json\/wp\/v2\/product\/2163","targetHints":{"allow":["GET"]}}],"collection":[{"href":"https:\/\/h.mkfetlabs.com\/index.php\/wp-json\/wp\/v2\/product"}],"about":[{"href":"https:\/\/h.mkfetlabs.com\/index.php\/wp-json\/wp\/v2\/types\/product"}],"replies":[{"embeddable":true,"href":"https:\/\/h.mkfetlabs.com\/index.php\/wp-json\/wp\/v2\/comments?post=2163"}],"wp:featuredmedia":[{"embeddable":true,"href":"https:\/\/h.mkfetlabs.com\/index.php\/wp-json\/wp\/v2\/media\/2164"}],"wp:attachment":[{"href":"https:\/\/h.mkfetlabs.com\/index.php\/wp-json\/wp\/v2\/media?parent=2163"}],"wp:term":[{"taxonomy":"product_brand","embeddable":true,"href":"https:\/\/h.mkfetlabs.com\/index.php\/wp-json\/wp\/v2\/product_brand?post=2163"},{"taxonomy":"product_cat","embeddable":true,"href":"https:\/\/h.mkfetlabs.com\/index.php\/wp-json\/wp\/v2\/product_cat?post=2163"},{"taxonomy":"product_tag","embeddable":true,"href":"https:\/\/h.mkfetlabs.com\/index.php\/wp-json\/wp\/v2\/product_tag?post=2163"}],"curies":[{"name":"wp","href":"https:\/\/api.w.org\/{rel}","templated":true}]}}