{"id":2170,"date":"2025-01-19T20:02:01","date_gmt":"2025-01-19T23:02:01","guid":{"rendered":"https:\/\/h.mkfetlabs.com\/?post_type=product&#038;p=2170"},"modified":"2026-03-31T13:48:01","modified_gmt":"2026-03-31T16:48:01","slug":"soldadora-inverter-dual-mig-mag-mma-200a-rmb","status":"publish","type":"product","link":"https:\/\/h.mkfetlabs.com\/index.php\/producto\/soldadora-inverter-dual-mig-mag-mma-200a-rmb\/","title":{"rendered":"Soldadora inverter dual MIG-MAG-MMA &#8211; 200A &#8211; RMB"},"content":{"rendered":"<div class=\"elementor-column elementor-col-50 elementor-top-column elementor-element elementor-element-2bc1a401\" data-id=\"2bc1a401\" data-element_type=\"column\">\n<div class=\"elementor-widget-wrap elementor-element-populated\">\n<div class=\"elementor-element elementor-element-27bd750f elementor-widget elementor-widget-heading\" data-id=\"27bd750f\" data-element_type=\"widget\" data-widget_type=\"heading.default\">\n<h2 class=\"elementor-heading-title elementor-size-default\">MICRO DUO 200 TR DE RMB<\/h2>\n<\/div>\n<div class=\"elementor-element elementor-element-703d4f67 elementor-widget elementor-widget-text-editor\" data-id=\"703d4f67\" data-element_type=\"widget\" data-widget_type=\"text-editor.default\">\n<p><strong>Es la elecci\u00f3n ideal para las personas pr\u00e1cticas, que quieren resolver las necesidades b\u00e1sicas de Soldadura con una sola m\u00e1quina. Con ella se pueden elavorar soldaduras simples en acero al carbono, tanto en el uso hogare\u00f1o, o peque\u00f1os talleres que buscan aumentar su productividad.<br \/>\n<\/strong><\/p>\n<ul>\n<li>Ultra port\u00e1til Dual, para soldar tanto con alambre como con electrodos.<\/li>\n<li>Perfecta para la industria liviana, mantenimiento y soldaduras in situ.<\/li>\n<li>Es un equipo que ofrece excelente calidad de soldadura y facilidad para su uso.<\/li>\n<\/ul>\n<p>Ofrece excelente calidad de soldadura y facilidad de configuraci\u00f3n. La<a href=\"https:\/\/h.mkfetlabs.com\/index.php\/2025\/01\/18\/tecnologia-igbt-en-las-soldadoras-inverter\/\" target=\"_blank\" rel=\"noopener\"><strong> tecnolog\u00eda inverter IGBT<\/strong><\/a>, permite que la m\u00e1quina sea peque\u00f1a, liviana, e incorpore las funciones <a href=\"https:\/\/h.mkfetlabs.com\/index.php\/2025\/01\/18\/el-sistema-hot-start-en-soldadoras-inverter\/\" target=\"_blank\" rel=\"noopener\"><strong>hot start<\/strong><\/a>, <a href=\"https:\/\/h.mkfetlabs.com\/index.php\/2022\/05\/06\/antistick\/\" target=\"_blank\" rel=\"noopener\"><strong>anti stick<\/strong><\/a> y el<a href=\"https:\/\/h.mkfetlabs.com\/index.php\/2023\/11\/12\/arc-force-el-secreto-para-una-soldadura-de-calidad\/\" target=\"_blank\" rel=\"noopener\"><strong> forzador de arco<\/strong><\/a>.<\/p>\n<div class=\"elementor-column elementor-col-50 elementor-top-column elementor-element elementor-element-77538ff\" data-id=\"77538ff\" data-element_type=\"column\">\n<div class=\"elementor-widget-wrap elementor-element-populated\">\n<div class=\"elementor-element elementor-element-6205154 elementor-widget elementor-widget-heading\" data-id=\"6205154\" data-element_type=\"widget\" data-widget_type=\"heading.default\">\n<h5 class=\"elementor-heading-title elementor-size-default\">Porque vos te lo mereces, todas las m\u00e1quinas de la l\u00ednea Micro vienen equipadas con las mejores torchas del mercado.<\/h5>\n<\/div>\n<div class=\"elementor-element elementor-element-830d01c elementor-widget elementor-widget-text-editor\" data-id=\"830d01c\" data-element_type=\"widget\" data-widget_type=\"text-editor.default\">\n<p>Las torchas arc fueron dise\u00f1adas con el objetivo de garantizar una mejor experiencia para el soldador. Por esta raz\u00f3n las torchas cuentan con:<\/p>\n<p><strong><em>Mejor ergonom\u00eda:<\/em><\/strong>\u00a020% mas livianas que una torcha tradicional garantizando mejor operatividad de la torcha y la posibilidad de operar en jornadas largas.<\/p>\n<p><em><strong>Dise\u00f1o innovador<\/strong><\/em> para asegurar durabilidad y fiabilidad<\/p>\n<p><em><strong>Tecnolog\u00edas exclusivas:<\/strong><\/em> para mejorar las propiedades de aislamiento, la resistencia al impacto, redirecci\u00f3n del calor y prolongar la vida \u00fatil de los consumibles.<\/p>\n<\/div>\n<\/div>\n<\/div>\n<p><strong><a href=\"https:\/\/rmb.com.ar\/web\/wp-content\/uploads\/2022\/10\/MANUAL-MICRODUO-200TR.pdf\" target=\"_blank\" rel=\"noopener\">Descargar el manual desde el sitio oficial aqu\u00ed.<\/a><\/strong><\/p>\n<p>&nbsp;<\/p>\n<\/div>\n<\/div>\n<\/div>\n","protected":false},"excerpt":{"rendered":"<p><span style=\"color: #ff0000;\"><strong>Este producto estar\u00e1 disponible 7 d\u00edas despu\u00e9s de la compra.<\/strong><\/span><\/p>\n<blockquote>\n<ul>\n<li><strong><a class=\"wplink-url-error\" tabindex=\"-1\" href=\"https:\/\/h.mkfetlabs.com\/index.php\/pagos-por-transferencia\/\" target=\"_blank\" rel=\"noopener\">Para pagos por transferencia, clic aqu\u00ed.<\/a><\/strong><\/li>\n<\/ul>\n<\/blockquote>\n<p>Informamos que, por el momento, no emitimos boleta A<\/p>\n<p>Ficha T\u00e9cnica:<\/p>\n<p>MARCA: <strong>RMB<\/strong><br \/>\nMODELO: <strong>MICRO DUO 200 TR<\/strong><br \/>\nTENSI\u00d3N DE L\u00edNEA: 220V<br \/>\nCORRIENTES MAX. ABSORBIDA: 36 A<br \/>\nCICLO DE SERVICIO EN 60974-1 MIG (40 \u00baC): 200A 30% &#8211; 141A 60% &#8211; 110A 100%<br \/>\nCICLO DE SERVICIO EN 60974-1 MMA (40 \u00baC): 170A 30% &#8211; 120A 60% &#8211; 93A 100%<br \/>\nTENSION DE VACIO: 65V<br \/>\nRANGO DE CORRIENTE: 30-200 (A)<br \/>\nELECTRODO (MM): 1,60-4<br \/>\nALAMBRE (mm): 0,6 a 0,9<br \/>\nDIMENSIONES (MM): 527X204X367<br \/>\nPESO (KG): 12<\/p>\n<p>ENVIOS A TODO EL PAIS<\/p>\n<p><iframe loading=\"lazy\" src=\"https:\/\/www.youtube.com\/embed\/ON5RHuTfEh0\" width=\"560\" height=\"315\" frameborder=\"0\" allowfullscreen=\"allowfullscreen\"><span style=\"display: inline-block; width: 0px; overflow: hidden; line-height: 0;\" data-mce-type=\"bookmark\" class=\"mce_SELRES_start\">\ufeff<\/span><span style=\"display: inline-block; width: 0px; overflow: hidden; line-height: 0;\" data-mce-type=\"bookmark\" class=\"mce_SELRES_start\">\ufeff<\/span><\/iframe><\/p>\n","protected":false},"featured_media":2171,"comment_status":"open","ping_status":"closed","template":"","meta":[],"product_brand":[],"product_cat":[42,32,74,43,44,69,67,27],"product_tag":[34,36,70,41,33],"class_list":{"0":"post-2170","1":"product","2":"type-product","3":"status-publish","4":"has-post-thumbnail","6":"product_cat-dual","7":"product_cat-herramientas","8":"product_cat-mag","9":"product_cat-mig","10":"product_cat-mma","11":"product_cat-rmb","12":"product_cat-semiprofesional","13":"product_cat-soldadoras","14":"product_tag-mig","15":"product_tag-mma","16":"product_tag-rmb","17":"product_tag-soldadora-dual","18":"product_tag-soldadora-mig","20":"first","21":"outofstock","22":"shipping-taxable","23":"purchasable","24":"product-type-simple"},"jetpack_sharing_enabled":true,"_links":{"self":[{"href":"https:\/\/h.mkfetlabs.com\/index.php\/wp-json\/wp\/v2\/product\/2170","targetHints":{"allow":["GET"]}}],"collection":[{"href":"https:\/\/h.mkfetlabs.com\/index.php\/wp-json\/wp\/v2\/product"}],"about":[{"href":"https:\/\/h.mkfetlabs.com\/index.php\/wp-json\/wp\/v2\/types\/product"}],"replies":[{"embeddable":true,"href":"https:\/\/h.mkfetlabs.com\/index.php\/wp-json\/wp\/v2\/comments?post=2170"}],"wp:featuredmedia":[{"embeddable":true,"href":"https:\/\/h.mkfetlabs.com\/index.php\/wp-json\/wp\/v2\/media\/2171"}],"wp:attachment":[{"href":"https:\/\/h.mkfetlabs.com\/index.php\/wp-json\/wp\/v2\/media?parent=2170"}],"wp:term":[{"taxonomy":"product_brand","embeddable":true,"href":"https:\/\/h.mkfetlabs.com\/index.php\/wp-json\/wp\/v2\/product_brand?post=2170"},{"taxonomy":"product_cat","embeddable":true,"href":"https:\/\/h.mkfetlabs.com\/index.php\/wp-json\/wp\/v2\/product_cat?post=2170"},{"taxonomy":"product_tag","embeddable":true,"href":"https:\/\/h.mkfetlabs.com\/index.php\/wp-json\/wp\/v2\/product_tag?post=2170"}],"curies":[{"name":"wp","href":"https:\/\/api.w.org\/{rel}","templated":true}]}}