{"id":2180,"date":"2025-01-20T10:48:04","date_gmt":"2025-01-20T13:48:04","guid":{"rendered":"https:\/\/h.mkfetlabs.com\/?post_type=product&#038;p=2180"},"modified":"2026-03-31T13:47:50","modified_gmt":"2026-03-31T16:47:50","slug":"soldadora-inverter-multiproceso-200a-rmb","status":"publish","type":"product","link":"https:\/\/h.mkfetlabs.com\/index.php\/producto\/soldadora-inverter-multiproceso-200a-rmb\/","title":{"rendered":"Soldadora inverter multiproceso 200A &#8211; RMB"},"content":{"rendered":"<div class=\"elementor-column elementor-col-50 elementor-top-column elementor-element elementor-element-6846b0a7\" data-id=\"6846b0a7\" data-element_type=\"column\">\n<div class=\"elementor-widget-wrap elementor-element-populated\">\n<div class=\"elementor-element elementor-element-271298df elementor-widget elementor-widget-heading\" data-id=\"271298df\" data-element_type=\"widget\" data-widget_type=\"heading.default\">\n<h2 class=\"elementor-heading-title elementor-size-default\">MICRO vertex 210 DE RMB<\/h2>\n<\/div>\n<div class=\"elementor-element elementor-element-5f53d97e elementor-widget elementor-widget-text-editor\" data-id=\"5f53d97e\" data-element_type=\"widget\" data-widget_type=\"text-editor.default\">\n<p>Destacada por su configuraci\u00f3n intuitiva, portabilidad, robustez y versatilidad.<\/p>\n<p>Resuelve con un solo equipo todas tus necesidades de soldadura. Podr\u00e1s trabajar tanto con <strong>electrodos revestidos<\/strong>, <strong>alambre MIG<\/strong>,<strong> Tubular Flux<\/strong>, o <a href=\"https:\/\/h.mkfetlabs.com\/index.php\/2023\/11\/12\/sistema-lift-tig-iniciando-la-chispa-de-forma-segura\/\"><strong>Tig LIft<\/strong><\/a>.<\/p>\n<ul>\n<li>Ideal para emprendedores que buscan soluciones pr\u00e1cticas, integrando tecnolog\u00edas que te permitir\u00e1 alcanzar los proyectos m\u00e1s ambiciosos.<\/li>\n<li>Recomendada para peque\u00f1os talleres que aspiran a incorporar tecnolog\u00eda de forma r\u00e1pida sencilla.<\/li>\n<li>En montajes y reparaciones din\u00e1micos, donde la incertidumbre es constante, la <strong>Micro Vertex 210<\/strong> siempre te va a dar una soluci\u00f3n adecuada.<\/li>\n<\/ul>\n<div class=\"elementor-column elementor-col-50 elementor-top-column elementor-element elementor-element-97e035b\" data-id=\"97e035b\" data-element_type=\"column\">\n<div class=\"elementor-widget-wrap elementor-element-populated\">\n<div class=\"elementor-element elementor-element-cefa2bb elementor-widget elementor-widget-heading\" data-id=\"cefa2bb\" data-element_type=\"widget\" data-widget_type=\"heading.default\">\n<h4 class=\"elementor-heading-title elementor-size-default\">La inversi\u00f3n m\u00e1s inteligente y equilibrada.<\/h4>\n<\/div>\n<div class=\"elementor-element elementor-element-943f814 elementor-widget elementor-widget-text-editor\" data-id=\"943f814\" data-element_type=\"widget\" data-widget_type=\"text-editor.default\">\n<p>Es un equipo multi proceso, con <a href=\"https:\/\/h.mkfetlabs.com\/index.php\/2025\/01\/18\/tecnologia-igbt-en-las-soldadoras-inverter\/\"><strong>tecnolog\u00eda inverter, IGBT<\/strong><\/a> y sistema <a href=\"https:\/\/h.mkfetlabs.com\/index.php\/2025\/01\/20\/que-es-un-sistema-sinergico-en-las-soldadoras-inverter\/\"><strong>sin\u00e9rgico<\/strong><\/a> que permite una configuraci\u00f3n intuitiva y r\u00e1pida del equipo.<\/p>\n<p>El<strong> sistema sin\u00e9rgico<\/strong> <em>(en modalidad MIG)<\/em> permite que el operario ajuste los par\u00e1metros de corriente, tensi\u00f3n y alimentaci\u00f3n del alambre al indicar espesor y tipo del material base, di\u00e1metro del alambre a utilizar, tipo de gases, etc.<\/p>\n<p>Cuando el soldador indica esos datos, el equipo se encarga de seleccionar los par\u00e1metros primarios m\u00e1s adecuados para la tarea, por lo que es posible lograr excelentes resultados sin necesidad de consultar tablas de par\u00e1metros. El soldador, tambi\u00e9n podr\u00e1 variar dichos par\u00e1metros, ajust\u00e1ndolos a sus habilidades espec\u00edficas, sirviendo el sin\u00e9rgico como valor de referencia principal, para la configuraci\u00f3n.<\/p>\n<div class=\"elementor-column elementor-col-50 elementor-top-column elementor-element elementor-element-e90bca7\" data-id=\"e90bca7\" data-element_type=\"column\">\n<div class=\"elementor-widget-wrap elementor-element-populated\">\n<div class=\"elementor-element elementor-element-0ad3154 elementor-widget elementor-widget-heading\" data-id=\"0ad3154\" data-element_type=\"widget\" data-widget_type=\"heading.default\">\n<h5 class=\"elementor-heading-title elementor-size-default\">Porque vos te lo mereces todas maquinas de la l\u00ednea Micro vienen equipadas con las mejores torchas del mercado.<\/h5>\n<\/div>\n<div class=\"elementor-element elementor-element-364453a elementor-widget elementor-widget-text-editor\" data-id=\"364453a\" data-element_type=\"widget\" data-widget_type=\"text-editor.default\">\n<p>Las torchas arc fueron dise\u00f1adas con el objetivo de garantizar una mejor experiencia para el soldador. Por esta raz\u00f3n las torchas cuentan con:<\/p>\n<p><strong><em>Mejor ergonom\u00eda:<\/em><\/strong>\u00a020% mas livianas que una torcha tradicional garantizando mejor operatividad de la torcha y la posibilidad de operar en jornadas largas.<\/p>\n<p><em><strong>Dise\u00f1o innovador<\/strong><\/em> para asegurar durabilidad y fiabilidad<\/p>\n<p><em><strong>Tecnolog\u00edas exclusivas:<\/strong><\/em> para mejorar las propiedades de aislamiento, la resistencia al impacto, redirecci\u00f3n del calor y prolongar la vida \u00fatil de los consumibles.<\/p>\n<\/div>\n<\/div>\n<\/div>\n<p><a href=\"https:\/\/rmb.com.ar\/web\/wp-content\/uploads\/2023\/02\/Manual-Micro-Vertex-210.pdf\" target=\"_blank\" rel=\"noopener\"><strong>Puede descargar el manual desde el sitio oficial aqu\u00ed.<\/strong><\/a><\/p>\n<p>&nbsp;<\/p>\n<\/div>\n<\/div>\n<\/div>\n<\/div>\n<\/div>\n<\/div>\n","protected":false},"excerpt":{"rendered":"<p><span style=\"color: #ff0000;\"><strong>Este producto estar\u00e1 disponible 7 d\u00edas despu\u00e9s de la compra.<\/strong><\/span><\/p>\n<blockquote>\n<ul>\n<li><strong><a class=\"wplink-url-error\" tabindex=\"-1\" href=\"https:\/\/h.mkfetlabs.com\/index.php\/pagos-por-transferencia\/\" target=\"_blank\" rel=\"noopener\">Para pagos por transferencia, clic aqu\u00ed.<\/a><\/strong><\/li>\n<\/ul>\n<\/blockquote>\n<p>Informamos que, por el momento, no emitimos boleta A<\/p>\n<p>Ficha T\u00e9cnica:<\/p>\n<p>MARCA: RMB<br \/>\nMODELO: MICRO-VERTEX 210<br \/>\nTENSI\u00d3N DE L\u00edNEA: 220V<br \/>\nCORRIENTES MAX. ABSORBIDA: 37,8 A<br \/>\nCICLO DE SERVICIO EN 60974-1: 200A 35% (20 \u00baC) \u2013 200A 20% (40 \u00baC)<br \/>\nTENSION DE VACIO: 65V<br \/>\nVRD (Dispositivo de Reducci\u00f3n de Voltaje): SI<br \/>\nRANGO DE CORRIENTE: MMA 20 a 170 A; MIG 30 a 200 A; TIG 15 a 200 A<br \/>\nELECTRODO (MM): 1,60-4<br \/>\nALAMBRE (mm): 0,6 a 0.9<br \/>\nDIMENSIONES (MM): 557x242x437<br \/>\nPESO (KG): 15<\/p>\n<p>ENVIOS A TODO EL PAIS<\/p>\n<p>&nbsp;<\/p>\n<p><iframe loading=\"lazy\" src=\"https:\/\/www.youtube.com\/embed\/c8Vw4D9ZGfk\" width=\"560\" height=\"315\" frameborder=\"0\" allowfullscreen=\"allowfullscreen\"><span style=\"display: inline-block; width: 0px; overflow: hidden; line-height: 0;\" data-mce-type=\"bookmark\" class=\"mce_SELRES_start\">\ufeff<\/span><\/iframe><\/p>\n","protected":false},"featured_media":2184,"comment_status":"open","ping_status":"closed","template":"","meta":[],"product_brand":[],"product_cat":[32,74,43,44,45,69,67,75,27,71],"product_tag":[70,77,79],"class_list":{"0":"post-2180","1":"product","2":"type-product","3":"status-publish","4":"has-post-thumbnail","6":"product_cat-herramientas","7":"product_cat-mag","8":"product_cat-mig","9":"product_cat-mma","10":"product_cat-multiproceso","11":"product_cat-rmb","12":"product_cat-semiprofesional","13":"product_cat-sinergica","14":"product_cat-soldadoras","15":"product_cat-tig-lift","16":"product_tag-rmb","17":"product_tag-sinergica","18":"product_tag-soldadora-multiproceso","20":"first","21":"outofstock","22":"shipping-taxable","23":"purchasable","24":"product-type-simple"},"jetpack_sharing_enabled":true,"_links":{"self":[{"href":"https:\/\/h.mkfetlabs.com\/index.php\/wp-json\/wp\/v2\/product\/2180","targetHints":{"allow":["GET"]}}],"collection":[{"href":"https:\/\/h.mkfetlabs.com\/index.php\/wp-json\/wp\/v2\/product"}],"about":[{"href":"https:\/\/h.mkfetlabs.com\/index.php\/wp-json\/wp\/v2\/types\/product"}],"replies":[{"embeddable":true,"href":"https:\/\/h.mkfetlabs.com\/index.php\/wp-json\/wp\/v2\/comments?post=2180"}],"wp:featuredmedia":[{"embeddable":true,"href":"https:\/\/h.mkfetlabs.com\/index.php\/wp-json\/wp\/v2\/media\/2184"}],"wp:attachment":[{"href":"https:\/\/h.mkfetlabs.com\/index.php\/wp-json\/wp\/v2\/media?parent=2180"}],"wp:term":[{"taxonomy":"product_brand","embeddable":true,"href":"https:\/\/h.mkfetlabs.com\/index.php\/wp-json\/wp\/v2\/product_brand?post=2180"},{"taxonomy":"product_cat","embeddable":true,"href":"https:\/\/h.mkfetlabs.com\/index.php\/wp-json\/wp\/v2\/product_cat?post=2180"},{"taxonomy":"product_tag","embeddable":true,"href":"https:\/\/h.mkfetlabs.com\/index.php\/wp-json\/wp\/v2\/product_tag?post=2180"}],"curies":[{"name":"wp","href":"https:\/\/api.w.org\/{rel}","templated":true}]}}