{"id":257,"date":"2022-05-04T14:26:24","date_gmt":"2022-05-04T17:26:24","guid":{"rendered":"https:\/\/demo.creativethemes.com\/blocksy\/gadgets\/?post_type=product&#038;p=257"},"modified":"2025-01-13T14:22:42","modified_gmt":"2025-01-13T17:22:42","slug":"megairon-250","status":"publish","type":"product","link":"https:\/\/h.mkfetlabs.com\/index.php\/producto\/megairon-250\/","title":{"rendered":"Soldadora MEGAIRON 250 + 2 escuadras"},"content":{"rendered":"<p>Ficha t\u00e9cnica:<\/p>\n<p>\u2022 Tensi\u00f3n de entrada: 1 Ph AC 220 V ( \u00b1 15%)<br \/>\n\u2022 Frecuencia: 50 Hz<br \/>\n\u2022 Capacidad de entrada nominal: 6,5 Kw<br \/>\n\u2022 Corriente de entrada nominal: 30 A<br \/>\n\u2022 Ciclo de trabajo ( 40 \u00baC): 114 A \/ 24,2 V<br \/>\n@ 100% \/\/ 180 A \/ 27.2V @ 40%<br \/>\n\u2022 Tensi\u00f3n en vac\u00edo: 66 V<br \/>\n\u2022 Rango de trabajo de salida: 20 \/ 180 A<br \/>\n\u2022 Eficiencia: 85%<br \/>\n\u2022 Clase de protecci\u00f3n: IP21S<br \/>\n\u2022 Grado de aislamiento: H<br \/>\n\u2022 Norma t\u00e9cnica: (IEC) EN 60974-1<br \/>\n\u2022 Tipo de enfriamiento: forzado<br \/>\n\u2022 Tama\u00f1o: 290 X 120 X 180 mm<br \/>\n\u2022 Especial para electrodos de 3,25<br \/>\nmm en continuo y trabaja hasta<br \/>\nelectrodos de 5 mm<br \/>\n\u2022 Sistema: anti- stick<br \/>\n\u2022 Tipo de clavija: DKJ 10-25<br \/>\n\u2022 Peso: 5 Kg<\/p>\n<p>INCLUYE:<br \/>\n&#8211; 1 soldadora inverter IRON-250<br \/>\n&#8211; 1 m\u00e1scara fotosensible ST-1X<br \/>\n&#8211; 2 escuadras magneticas LQE-6001<\/p>\n","protected":false},"excerpt":{"rendered":"<p><span style=\"color: #ff0000;\"><strong>Este producto estar\u00e1 disponible 7 d\u00edas despu\u00e9s de la compra.<\/strong><\/span><\/p>\n<blockquote>\n<ul>\n<li><strong><a class=\"wplink-url-error\" tabindex=\"-1\" href=\"https:\/\/h.mkfetlabs.com\/index.php\/pagos-por-transferencia\/\" target=\"_blank\" rel=\"noopener\">Para pagos por transferencia, clic aqu\u00ed.<\/a><\/strong><\/li>\n<\/ul>\n<\/blockquote>\n<p>Excelente opci\u00f3n para entusiastas y personas que van m\u00e1s all\u00e1 que una reparaci\u00f3n. Es una m\u00e1quina liviana y potente para uso hogare\u00f1o y un poco m\u00e1s.<br \/>\n&#8211; 2 A\u00f1os de Garant\u00eda.<\/p>\n<p><iframe loading=\"lazy\" src=\"https:\/\/www.youtube.com\/embed\/hPgXvW1spcA\" width=\"560\" height=\"315\" frameborder=\"0\" allowfullscreen=\"allowfullscreen\"><\/iframe><\/p>\n","protected":false},"featured_media":834,"comment_status":"open","ping_status":"closed","template":"","meta":[],"product_brand":[],"product_cat":[28,27],"product_tag":[36,35],"class_list":{"0":"post-257","1":"product","2":"type-product","3":"status-publish","4":"has-post-thumbnail","6":"product_cat-hobbista","7":"product_cat-soldadoras","8":"product_tag-mma","9":"product_tag-soldadora-mma","11":"first","12":"outofstock","13":"sale","14":"shipping-taxable","15":"purchasable","16":"product-type-simple"},"jetpack_sharing_enabled":true,"_links":{"self":[{"href":"https:\/\/h.mkfetlabs.com\/index.php\/wp-json\/wp\/v2\/product\/257","targetHints":{"allow":["GET"]}}],"collection":[{"href":"https:\/\/h.mkfetlabs.com\/index.php\/wp-json\/wp\/v2\/product"}],"about":[{"href":"https:\/\/h.mkfetlabs.com\/index.php\/wp-json\/wp\/v2\/types\/product"}],"replies":[{"embeddable":true,"href":"https:\/\/h.mkfetlabs.com\/index.php\/wp-json\/wp\/v2\/comments?post=257"}],"wp:featuredmedia":[{"embeddable":true,"href":"https:\/\/h.mkfetlabs.com\/index.php\/wp-json\/wp\/v2\/media\/834"}],"wp:attachment":[{"href":"https:\/\/h.mkfetlabs.com\/index.php\/wp-json\/wp\/v2\/media?parent=257"}],"wp:term":[{"taxonomy":"product_brand","embeddable":true,"href":"https:\/\/h.mkfetlabs.com\/index.php\/wp-json\/wp\/v2\/product_brand?post=257"},{"taxonomy":"product_cat","embeddable":true,"href":"https:\/\/h.mkfetlabs.com\/index.php\/wp-json\/wp\/v2\/product_cat?post=257"},{"taxonomy":"product_tag","embeddable":true,"href":"https:\/\/h.mkfetlabs.com\/index.php\/wp-json\/wp\/v2\/product_tag?post=257"}],"curies":[{"name":"wp","href":"https:\/\/api.w.org\/{rel}","templated":true}]}}