{"id":259,"date":"2022-05-04T14:27:46","date_gmt":"2022-05-04T14:27:46","guid":{"rendered":"https:\/\/demo.creativethemes.com\/blocksy\/gadgets\/?post_type=product&#038;p=259"},"modified":"2025-01-16T11:19:58","modified_gmt":"2025-01-16T14:19:58","slug":"smartig-acdc-200","status":"publish","type":"product","link":"https:\/\/h.mkfetlabs.com\/index.php\/producto\/smartig-acdc-200\/","title":{"rendered":"Soldadora Inverter SMARTTIG-ACDC-200"},"content":{"rendered":"<p><strong>Ficha t\u00e9cnica:<\/strong><\/p>\n<p>\u2022 Tensi\u00f3n de entrada : 1 Ph AC 220 V ( \u00b1 10%)<br \/>\n\u2022 Frecuencia: 50 Hz<br \/>\n\u2022 Capacidad de entrada nominal: 7,8 Kw<br \/>\n\u2022 Corriente de entrada nominal: 35,4 A<br \/>\n\u2022 Ciclo de trabajo TIG ( AC ) ( 40 \u00baC) (%): 70 A \/ 12,8 V @ 100% \/\/ 200 A \/ 18 V @ 25%<br \/>\n\u2022 Ciclo de trabajo TIG ( DC ) ( 40 \u00baC) (%): 80 A \/ 13,2 V @ 100% \/\/ 200 A \/ 18 V @ 25%<br \/>\n\u2022 Ciclo de trabajo MMA ( AC ) ( 40 \u00baC) (%): 80 A \/ 22,8V @ 100% \/\/ 170 A \/ 26,4 V @ 25%<br \/>\n\u2022 Ciclo de trabajo MMA ( DC ) ( 40 \u00baC) (%): 80 A \/ 23,2 V @ 100% \/\/ 170 A \/ 27 V @ 25%<br \/>\n\u2022 Tensi\u00f3n en vac\u00edo: 66 V<br \/>\n\u2022 Rango de trabajo de salida TIG (AC-DC) (A): 10 \/ 200<br \/>\n\u2022 Rango de trabajo de salida MMA ( AC-DC ) ( A ): 10 \/ 170<br \/>\n\u2022 Rango ajustable de tiempo de pre gas ( S ): 0,1 \uff5e 5<br \/>\n\u2022 Rango ajustable de tiempo de post gas ( S ): 0,3\uff5e10<br \/>\n\u2022 Rango ajustable de rampa de ascenso ( S ): 0 \uff5e 10<br \/>\n\u2022 Rango ajustable de rampa de descenso ( S ): 0 \uff5e10<br \/>\n\u2022 Rango de frecuencia de pulso ( Hz ): 0,5 \uff5e200<br \/>\n\u2022 I-Spot ( Hz ): 0,5 \uff5e 6<br \/>\n\u2022 Spot ( S ): 0,5 \uff5e30<br \/>\n\u2022 Efecto de balance ( % ): 15 \uff5e50<br \/>\n\u2022 Alta frecuencia: 5 \uff5e100<br \/>\n\u2022 Eficiencia: 85 %<br \/>\n\u2022 Clase de protecci\u00f3n: IP23S<br \/>\n\u2022 Grado de aislamiento: H<br \/>\n\u2022 Norma t\u00e9cnica: (IEC) EN 60974-1 \/ EN 60974-10<br \/>\n\u2022 Tipo de enfriamiento: forzado<br \/>\n\u2022 Tama\u00f1o: 476 X 242 X 423 mm<br \/>\n\u2022 Peso: 20 Kg<\/p>\n","protected":false},"excerpt":{"rendered":"<p><span style=\"color: #ff0000;\"><strong>Este producto estar\u00e1 disponible 7 d\u00edas despu\u00e9s de la compra.<\/strong><\/span><\/p>\n<blockquote>\n<ul>\n<li><strong><a class=\"wplink-url-error\" tabindex=\"-1\" href=\"https:\/\/h.mkfetlabs.com\/index.php\/pagos-por-transferencia\/\" target=\"_blank\" rel=\"noopener\">Para pagos por transferencia, clic aqu\u00ed.<\/a><\/strong><\/li>\n<\/ul>\n<\/blockquote>\n<p>Esta soldadora es especialmente adecuada para trabajos de soldadura TIG y MMA. Su tecnolog\u00eda inverter garantiza un arco de soldadura estable y eficiente. Su versatilidad se adapta a diversas aplicaciones de soldadura. Aqu\u00ed tienes una lista de los tipos de trabajos para los que esta soldadora es adecuada:<\/p>\n<ol>\n<li><strong>Soldadura TIG (AC y DC)<\/strong>:\n<ul>\n<li>Ideal para unir metales como acero inoxidable, aluminio, cobre y titanio.<\/li>\n<li>Utilizada en la fabricaci\u00f3n de estructuras macizas, huecas y componentes de precisi\u00f3n.<\/li>\n<\/ul>\n<\/li>\n<li><strong>Soldadura MMA (Electrodo revestido)<\/strong>:\n<ul>\n<li>Perfecta para trabajos de reparaci\u00f3n en el hogar y en el taller mec\u00e1nico.<\/li>\n<li>\u00datil en la construcci\u00f3n y refrigeraci\u00f3n.<\/li>\n<\/ul>\n<\/li>\n<li><strong>Soldadura de aluminio<\/strong>:\n<ul>\n<li>La funci\u00f3n AC permite soldar aluminio de manera eficiente y con alta calidad.<\/li>\n<li>\u00datil en la fabricaci\u00f3n de piezas de aluminio, como carrocer\u00edas de veh\u00edculos o componentes n\u00e1uticos.<\/li>\n<\/ul>\n<\/li>\n<li><strong>Herrer\u00eda art\u00edstica<\/strong>:\n<ul>\n<li>Permite crear dise\u00f1os intrincados en metal.<\/li>\n<li>\u00datil para esculturas, barandillas, puertas ornamentales y detalles decorativos.<\/li>\n<\/ul>\n<\/li>\n<li><strong>Reparaciones dom\u00e9sticas y bricolaje<\/strong>:\n<ul>\n<li>Puede manejar proyectos peque\u00f1os y grandes en casa.<\/li>\n<li>\u00datil para reparar rejas, muebles de metal, cercas y m\u00e1s.<\/li>\n<\/ul>\n<\/li>\n<li><strong>Trabajos en talleres y garajes<\/strong>:\n<ul>\n<li>Adecuada para talleres de soldadura, talleres mec\u00e1nicos y garajes.<\/li>\n<li>\u00datil para reparaciones en veh\u00edculos, estructuras met\u00e1licas y equipos industriales.<\/li>\n<\/ul>\n<\/li>\n<li><strong>Fabricaci\u00f3n de piezas met\u00e1licas<\/strong>:\n<ul>\n<li>Puede unir componentes para crear piezas personalizadas.<\/li>\n<li>\u00datil en la fabricaci\u00f3n de piezas de maquinaria, herramientas y componentes industriales.<\/li>\n<\/ul>\n<\/li>\n<\/ol>\n<p><strong>Caracter\u00edsticas:<\/strong><\/p>\n<p>\u2022 Especial para trabajar electrodos de 2 mm continuo y hasta electrodos 4 mm.<br \/>\n\u2022 TIpos de insummos: electrodos de tungsteno y electrodos revestidos.<br \/>\n\u2022 Con control de RAMPA COMPLETA.<br \/>\n\u2022 Posee control 2T y 4T.<br \/>\n\u2022 Incluye una torcha TIG Y MMA.<br \/>\n\u2022 Apta para soldaduras en aceros al carbono, aceros inoxidables, cobre, lat\u00f3n,<br \/>\nmagnesio, aluminio, etc.<br \/>\n\u2022 Apta para el proceso TIG por alta frecuencia.<br \/>\n\u2022 Apta para el proceso de onda cuadr\u00e1tica.<br \/>\n\u2022 Con control de Arc Force.<br \/>\n\u2022 Con control de Hot Arc.<br \/>\n\u2022 Tipo de clavija: DKJ 35-50.<\/p>\n<p><strong>&#8211; 2 A\u00f1os de Garant\u00eda<\/strong>.<\/p>\n<p><iframe loading=\"lazy\" src=\"https:\/\/www.youtube.com\/embed\/Xv4HMzUp2ds\" width=\"560\" height=\"315\" frameborder=\"0\" allowfullscreen=\"allowfullscreen\"><\/iframe><\/p>\n","protected":false},"featured_media":820,"comment_status":"open","ping_status":"closed","template":"","meta":[],"product_brand":[],"product_cat":[42,44,27,46],"product_tag":[36,35,37,38],"class_list":{"0":"post-259","1":"product","2":"type-product","3":"status-publish","4":"has-post-thumbnail","6":"product_cat-dual","7":"product_cat-mma","8":"product_cat-soldadoras","9":"product_cat-tig","10":"product_tag-mma","11":"product_tag-soldadora-mma","12":"product_tag-soldadora-tig","13":"product_tag-tig","15":"first","16":"outofstock","17":"shipping-taxable","18":"purchasable","19":"product-type-simple"},"jetpack_sharing_enabled":true,"_links":{"self":[{"href":"https:\/\/h.mkfetlabs.com\/index.php\/wp-json\/wp\/v2\/product\/259","targetHints":{"allow":["GET"]}}],"collection":[{"href":"https:\/\/h.mkfetlabs.com\/index.php\/wp-json\/wp\/v2\/product"}],"about":[{"href":"https:\/\/h.mkfetlabs.com\/index.php\/wp-json\/wp\/v2\/types\/product"}],"replies":[{"embeddable":true,"href":"https:\/\/h.mkfetlabs.com\/index.php\/wp-json\/wp\/v2\/comments?post=259"}],"wp:featuredmedia":[{"embeddable":true,"href":"https:\/\/h.mkfetlabs.com\/index.php\/wp-json\/wp\/v2\/media\/820"}],"wp:attachment":[{"href":"https:\/\/h.mkfetlabs.com\/index.php\/wp-json\/wp\/v2\/media?parent=259"}],"wp:term":[{"taxonomy":"product_brand","embeddable":true,"href":"https:\/\/h.mkfetlabs.com\/index.php\/wp-json\/wp\/v2\/product_brand?post=259"},{"taxonomy":"product_cat","embeddable":true,"href":"https:\/\/h.mkfetlabs.com\/index.php\/wp-json\/wp\/v2\/product_cat?post=259"},{"taxonomy":"product_tag","embeddable":true,"href":"https:\/\/h.mkfetlabs.com\/index.php\/wp-json\/wp\/v2\/product_tag?post=259"}],"curies":[{"name":"wp","href":"https:\/\/api.w.org\/{rel}","templated":true}]}}