{"id":671,"date":"2022-05-06T17:40:33","date_gmt":"2022-05-06T20:40:33","guid":{"rendered":"https:\/\/demo.creativethemes.com\/blocksy\/gadgets\/?post_type=product&#038;p=671"},"modified":"2025-01-16T11:12:30","modified_gmt":"2025-01-16T14:12:30","slug":"megairon-140","status":"publish","type":"product","link":"https:\/\/h.mkfetlabs.com\/index.php\/producto\/megairon-140\/","title":{"rendered":"Soldadora inverter MEGAIRON140 + m\u00e1scara + 2 Escuadras"},"content":{"rendered":"<p>Ficha t\u00e9cnica:Excelente<\/p>\n<p>\u2022Tensi\u00f3n: 220 V \u2013 50 Hz<\/p>\n<p>\u2022 Rango de soldadura: 10 &#8211; 120 A<\/p>\n<p>\u2022 Ciclo de trabajo 60% &#8211; 120 A<\/p>\n<p>\u2022 Voltaje de salida en vac\u00edo: 66 V<\/p>\n<p>\u2022 Tipo de consumible: electrodo<\/p>\n<p>\u2022 Di\u00e1metro del consumible: 1,6 &#8211; 3,25 mm.<\/p>\n<p>\u2022 Tecnolog\u00eda Anti Stick<\/p>\n<p>\u2022 Peso: 3.5 kg.<\/p>\n","protected":false},"excerpt":{"rendered":"<p><span style=\"color: #ff0000;\"><strong>Este producto estar\u00e1 disponible 7 d\u00edas despu\u00e9s de la compra.<\/strong><\/span><\/p>\n<blockquote>\n<ul>\n<li><strong><a class=\"wplink-url-error\" tabindex=\"-1\" href=\"https:\/\/h.mkfetlabs.com\/index.php\/pagos-por-transferencia\/\" target=\"_blank\" rel=\"noopener\">Para pagos por transferencia, clic aqu\u00ed.<\/a><\/strong><\/li>\n<\/ul>\n<\/blockquote>\n<p>Excelente opci\u00f3n si est\u00e1s buscando un equ\u00edpo libiano, ligero y potente, especial para trabajo libiano y exigente.<br \/>\n\u2022 2 A\u00f1os de Garant\u00eda<\/p>\n<p><iframe loading=\"lazy\" src=\"https:\/\/www.youtube.com\/embed\/CC74SUNLO8Y\" width=\"560\" height=\"315\" frameborder=\"0\" allowfullscreen=\"allowfullscreen\"><\/iframe><\/p>\n","protected":false},"featured_media":802,"comment_status":"open","ping_status":"closed","template":"","meta":[],"product_brand":[],"product_cat":[28,27],"product_tag":[36,35],"class_list":{"0":"post-671","1":"product","2":"type-product","3":"status-publish","4":"has-post-thumbnail","6":"product_cat-hobbista","7":"product_cat-soldadoras","8":"product_tag-mma","9":"product_tag-soldadora-mma","11":"first","12":"outofstock","13":"shipping-taxable","14":"purchasable","15":"product-type-simple"},"jetpack_sharing_enabled":true,"_links":{"self":[{"href":"https:\/\/h.mkfetlabs.com\/index.php\/wp-json\/wp\/v2\/product\/671","targetHints":{"allow":["GET"]}}],"collection":[{"href":"https:\/\/h.mkfetlabs.com\/index.php\/wp-json\/wp\/v2\/product"}],"about":[{"href":"https:\/\/h.mkfetlabs.com\/index.php\/wp-json\/wp\/v2\/types\/product"}],"replies":[{"embeddable":true,"href":"https:\/\/h.mkfetlabs.com\/index.php\/wp-json\/wp\/v2\/comments?post=671"}],"wp:featuredmedia":[{"embeddable":true,"href":"https:\/\/h.mkfetlabs.com\/index.php\/wp-json\/wp\/v2\/media\/802"}],"wp:attachment":[{"href":"https:\/\/h.mkfetlabs.com\/index.php\/wp-json\/wp\/v2\/media?parent=671"}],"wp:term":[{"taxonomy":"product_brand","embeddable":true,"href":"https:\/\/h.mkfetlabs.com\/index.php\/wp-json\/wp\/v2\/product_brand?post=671"},{"taxonomy":"product_cat","embeddable":true,"href":"https:\/\/h.mkfetlabs.com\/index.php\/wp-json\/wp\/v2\/product_cat?post=671"},{"taxonomy":"product_tag","embeddable":true,"href":"https:\/\/h.mkfetlabs.com\/index.php\/wp-json\/wp\/v2\/product_tag?post=671"}],"curies":[{"name":"wp","href":"https:\/\/api.w.org\/{rel}","templated":true}]}}