{"id":673,"date":"2022-05-06T17:41:29","date_gmt":"2022-05-06T17:41:29","guid":{"rendered":"https:\/\/demo.creativethemes.com\/blocksy\/gadgets\/?post_type=product&#038;p=673"},"modified":"2024-06-03T20:38:59","modified_gmt":"2024-06-03T23:38:59","slug":"megairon100","status":"publish","type":"product","link":"https:\/\/h.mkfetlabs.com\/index.php\/producto\/megairon100\/","title":{"rendered":"Sodadora IRON-100 + m\u00e1scara ST-1X + 2 escuadras"},"content":{"rendered":"<p>Ficha t\u00e9cnica:<\/p>\n<p>\u2022 Tensi\u00f3n de entrada: 1 Ph AC 220 V ( \u00b1 15%)<br \/>\n\u2022 Frecuencia: 50 Hz<br \/>\n\u2022 Capacidad de entrada nominal: 4,4 Kw<br \/>\n\u2022 Corriente de entrada nominal: 20 A<br \/>\n\u2022 Ciclo de trabajo ( 40 \u00baC): 52 A \/ 22.,3 V@ 100% \/\/ 105 A \/ 24.8V @ 25%<br \/>\n\u2022 Tensi\u00f3n en vac\u00edo: 70 V<br \/>\n\u2022 Rango de trabajo de salida: 20 \/ 105 A<br \/>\n\u2022 Eficiencia: 85%<br \/>\n\u2022 Clase de protecci\u00f3n: IP21S<br \/>\n\u2022 Grado de aislamiento: H<br \/>\n\u2022 Norma t\u00e9cnica: (IEC) EN 60974-1<br \/>\n\u2022 Tipo de enfriamiento: forzado<br \/>\n\u2022 Tama\u00f1o: 240 X 83 X 150 mm<br \/>\n\u2022 Tipo de clavija: DKJ 10-25<br \/>\n\u2022 Especial para electrodos de1,6 mm en continuo<br \/>\n\u2022 Peso: 2,5 Kg<\/p>\n<p><strong>INCLUYE:<\/strong><br \/>\n&#8211; 1 soldadora inverter IRON-100<br \/>\n&#8211; 1 m\u00e1scara fotosensible ST-1X<br \/>\n&#8211; 2 escuadras magneticas LQE-6001<\/p>\n","protected":false},"excerpt":{"rendered":"<p><span style=\"color: #ff0000;\"><strong>Este producto estar\u00e1 disponible 7 d\u00edas despu\u00e9s de la compra.<\/strong><\/span><\/p>\n<blockquote>\n<ul>\n<li><strong><a class=\"wplink-url-error\" tabindex=\"-1\" href=\"https:\/\/h.mkfetlabs.com\/index.php\/pagos-por-transferencia\/\" target=\"_blank\" rel=\"noopener\">Para pagos por transferencia, clic aqu\u00ed,<\/a><\/strong><\/li>\n<\/ul>\n<\/blockquote>\n<p>Soldadora ideal para hobista. Su bajo peso, tama\u00f1o y alto desempe\u00f1o lo hace idea para aplicaciones dom\u00e9sticas. Ideal para trabajo de reparaci\u00f3n, mantenimiento del hogar. (Reparaci\u00f3n de sillas met\u00e1lizas,reparaci\u00f3n de rejas, jaulas, jardiner\u00eda, refrijeraci\u00f3n y otros trabajos libianos)<\/p>\n<p><iframe loading=\"lazy\" src=\"https:\/\/www.youtube.com\/embed\/hPgXvW1spcA\" width=\"560\" height=\"315\" frameborder=\"0\" allowfullscreen=\"allowfullscreen\"><\/iframe><\/p>\n","protected":false},"featured_media":831,"comment_status":"open","ping_status":"closed","template":"","meta":[],"product_brand":[],"product_cat":[28,44,27],"product_tag":[36,35],"class_list":{"0":"post-673","1":"product","2":"type-product","3":"status-publish","4":"has-post-thumbnail","6":"product_cat-hobbista","7":"product_cat-mma","8":"product_cat-soldadoras","9":"product_tag-mma","10":"product_tag-soldadora-mma","12":"first","13":"outofstock","14":"shipping-taxable","15":"purchasable","16":"product-type-simple"},"jetpack_sharing_enabled":true,"_links":{"self":[{"href":"https:\/\/h.mkfetlabs.com\/index.php\/wp-json\/wp\/v2\/product\/673","targetHints":{"allow":["GET"]}}],"collection":[{"href":"https:\/\/h.mkfetlabs.com\/index.php\/wp-json\/wp\/v2\/product"}],"about":[{"href":"https:\/\/h.mkfetlabs.com\/index.php\/wp-json\/wp\/v2\/types\/product"}],"replies":[{"embeddable":true,"href":"https:\/\/h.mkfetlabs.com\/index.php\/wp-json\/wp\/v2\/comments?post=673"}],"wp:featuredmedia":[{"embeddable":true,"href":"https:\/\/h.mkfetlabs.com\/index.php\/wp-json\/wp\/v2\/media\/831"}],"wp:attachment":[{"href":"https:\/\/h.mkfetlabs.com\/index.php\/wp-json\/wp\/v2\/media?parent=673"}],"wp:term":[{"taxonomy":"product_brand","embeddable":true,"href":"https:\/\/h.mkfetlabs.com\/index.php\/wp-json\/wp\/v2\/product_brand?post=673"},{"taxonomy":"product_cat","embeddable":true,"href":"https:\/\/h.mkfetlabs.com\/index.php\/wp-json\/wp\/v2\/product_cat?post=673"},{"taxonomy":"product_tag","embeddable":true,"href":"https:\/\/h.mkfetlabs.com\/index.php\/wp-json\/wp\/v2\/product_tag?post=673"}],"curies":[{"name":"wp","href":"https:\/\/api.w.org\/{rel}","templated":true}]}}