{"id":836,"date":"2023-10-11T09:10:47","date_gmt":"2023-10-11T12:10:47","guid":{"rendered":"https:\/\/h.mkfetlabs.com\/?post_type=product&#038;p=836"},"modified":"2025-01-13T14:25:43","modified_gmt":"2025-01-13T17:25:43","slug":"mascara-fotosensible-st-mistery-lusqtoff","status":"publish","type":"product","link":"https:\/\/h.mkfetlabs.com\/index.php\/producto\/mascara-fotosensible-st-mistery-lusqtoff\/","title":{"rendered":"M\u00e1scara fotosensible ST-MISTERY &#8211; L\u00fcsqtoff"},"content":{"rendered":"<p>M\u00e1scara fotosensible par asoldador. Con graduaci\u00f3n manual alimentado a bater\u00eda.<\/p>\n","protected":false},"excerpt":{"rendered":"<p><span style=\"color: #ff0000;\"><strong>Este producto estar\u00e1 disponible 7 d\u00edas despu\u00e9s de la compra.<\/strong><\/span><\/p>\n<blockquote>\n<ul>\n<li><strong><a class=\"wplink-url-error\" tabindex=\"-1\" href=\"https:\/\/h.mkfetlabs.com\/index.php\/pagos-por-transferencia\/\" target=\"_blank\" rel=\"noopener\">Para pagos por transferencia, clic aqu\u00ed.<\/a><\/strong><\/li>\n<\/ul>\n<\/blockquote>\n","protected":false},"featured_media":837,"comment_status":"open","ping_status":"closed","template":"","meta":[],"product_brand":[],"product_cat":[29],"product_tag":[],"class_list":{"0":"post-836","1":"product","2":"type-product","3":"status-publish","4":"has-post-thumbnail","6":"product_cat-mascaras","8":"first","9":"outofstock","10":"shipping-taxable","11":"purchasable","12":"product-type-simple"},"jetpack_sharing_enabled":true,"_links":{"self":[{"href":"https:\/\/h.mkfetlabs.com\/index.php\/wp-json\/wp\/v2\/product\/836","targetHints":{"allow":["GET"]}}],"collection":[{"href":"https:\/\/h.mkfetlabs.com\/index.php\/wp-json\/wp\/v2\/product"}],"about":[{"href":"https:\/\/h.mkfetlabs.com\/index.php\/wp-json\/wp\/v2\/types\/product"}],"replies":[{"embeddable":true,"href":"https:\/\/h.mkfetlabs.com\/index.php\/wp-json\/wp\/v2\/comments?post=836"}],"wp:featuredmedia":[{"embeddable":true,"href":"https:\/\/h.mkfetlabs.com\/index.php\/wp-json\/wp\/v2\/media\/837"}],"wp:attachment":[{"href":"https:\/\/h.mkfetlabs.com\/index.php\/wp-json\/wp\/v2\/media?parent=836"}],"wp:term":[{"taxonomy":"product_brand","embeddable":true,"href":"https:\/\/h.mkfetlabs.com\/index.php\/wp-json\/wp\/v2\/product_brand?post=836"},{"taxonomy":"product_cat","embeddable":true,"href":"https:\/\/h.mkfetlabs.com\/index.php\/wp-json\/wp\/v2\/product_cat?post=836"},{"taxonomy":"product_tag","embeddable":true,"href":"https:\/\/h.mkfetlabs.com\/index.php\/wp-json\/wp\/v2\/product_tag?post=836"}],"curies":[{"name":"wp","href":"https:\/\/api.w.org\/{rel}","templated":true}]}}