{"id":848,"date":"2023-10-14T04:47:32","date_gmt":"2023-10-14T07:47:32","guid":{"rendered":"https:\/\/h.mkfetlabs.com\/?post_type=product&#038;p=848"},"modified":"2026-04-01T11:45:29","modified_gmt":"2026-04-01T14:45:29","slug":"mascara-st-46-lusqtoff","status":"publish","type":"product","link":"https:\/\/h.mkfetlabs.com\/index.php\/producto\/mascara-st-46-lusqtoff\/","title":{"rendered":"M\u00e1scara ST-46 &#8211; L\u00fcsqtoff"},"content":{"rendered":"<p>\u2022 Tama\u00f1o del cassette: 110 x 90 x 9 mm.<br \/>\n\u2022 \u00c1rea de visualizaci\u00f3n: 92 X 42 mm.<br \/>\n\u2022 Sensor de arco: 2<br \/>\n\u2022 DIN (graduaci\u00f3n): 4 \/ 9-13<br \/>\n\u2022 Claridad \u00f3ptica: 1 \/ 1 \/ 1 \/ 2<br \/>\n\u2022 Tipo encendido: manual.<br \/>\n\u2022 Velocidad de sensibilidad: 1\/10000<br \/>\n\u2022 Protecci\u00f3n UV \/ IR: DIN 16<br \/>\n\u2022 Retardo de protecci\u00f3n: 0,25 ~ 0,45 seg<br \/>\n\u2022 Fuente de alimentaci\u00f3n: banda solar<br \/>\n\u2022 Modelo de bater\u00eda de litio: CR-2032<br \/>\n\u2022 Temperatura de funcionamiento: -5\u00b0C \/ +55\u00b0C<br \/>\n\u2022 Temperatura de almacenamiento: -20\u00b0C \/ +70\u00b0C<br \/>\n\u2022 Peso: 0,420 kg.<\/p>\n<p>&nbsp;<\/p>\n","protected":false},"excerpt":{"rendered":"<p><span style=\"color: #ff0000;\"><strong>Este producto estar\u00e1 disponible 7 d\u00edas despu\u00e9s de la compra.<\/strong><\/span><\/p>\n<blockquote>\n<ul>\n<li><strong><a class=\"wplink-url-error\" tabindex=\"-1\" href=\"https:\/\/h.mkfetlabs.com\/index.php\/pagos-por-transferencia\/\" target=\"_blank\" rel=\"noopener\">Para pagos por transferencia, clic aqu\u00ed.<\/a><\/strong><\/li>\n<\/ul>\n<\/blockquote>\n<p>\u2022 Apto para procesos MMA\/MIG-MAG.<br \/>\n\u2022 Alarma de bater\u00eda baja.<br \/>\n\u2022 Control de sombra ajustable (externo).<br \/>\n\u2022 Control de sensibilidad autom\u00e1tico.<\/p>\n","protected":false},"featured_media":849,"comment_status":"open","ping_status":"closed","template":"","meta":[],"product_brand":[],"product_cat":[28,29,44],"product_tag":[56],"class_list":{"0":"post-848","1":"product","2":"type-product","3":"status-publish","4":"has-post-thumbnail","6":"product_cat-hobbista","7":"product_cat-mascaras","8":"product_cat-mma","9":"product_tag-mascara","11":"first","12":"outofstock","13":"sale","14":"shipping-taxable","15":"purchasable","16":"product-type-simple"},"jetpack_sharing_enabled":true,"_links":{"self":[{"href":"https:\/\/h.mkfetlabs.com\/index.php\/wp-json\/wp\/v2\/product\/848","targetHints":{"allow":["GET"]}}],"collection":[{"href":"https:\/\/h.mkfetlabs.com\/index.php\/wp-json\/wp\/v2\/product"}],"about":[{"href":"https:\/\/h.mkfetlabs.com\/index.php\/wp-json\/wp\/v2\/types\/product"}],"replies":[{"embeddable":true,"href":"https:\/\/h.mkfetlabs.com\/index.php\/wp-json\/wp\/v2\/comments?post=848"}],"wp:featuredmedia":[{"embeddable":true,"href":"https:\/\/h.mkfetlabs.com\/index.php\/wp-json\/wp\/v2\/media\/849"}],"wp:attachment":[{"href":"https:\/\/h.mkfetlabs.com\/index.php\/wp-json\/wp\/v2\/media?parent=848"}],"wp:term":[{"taxonomy":"product_brand","embeddable":true,"href":"https:\/\/h.mkfetlabs.com\/index.php\/wp-json\/wp\/v2\/product_brand?post=848"},{"taxonomy":"product_cat","embeddable":true,"href":"https:\/\/h.mkfetlabs.com\/index.php\/wp-json\/wp\/v2\/product_cat?post=848"},{"taxonomy":"product_tag","embeddable":true,"href":"https:\/\/h.mkfetlabs.com\/index.php\/wp-json\/wp\/v2\/product_tag?post=848"}],"curies":[{"name":"wp","href":"https:\/\/api.w.org\/{rel}","templated":true}]}}