{"id":853,"date":"2023-10-14T06:31:05","date_gmt":"2023-10-14T09:31:05","guid":{"rendered":"https:\/\/h.mkfetlabs.com\/?post_type=product&#038;p=853"},"modified":"2026-04-01T11:45:37","modified_gmt":"2026-04-01T14:45:37","slug":"soldadora-inverter-iron-300","status":"publish","type":"product","link":"https:\/\/h.mkfetlabs.com\/index.php\/producto\/soldadora-inverter-iron-300\/","title":{"rendered":"Soldadora inverter IRON 300"},"content":{"rendered":"<p>\u2022 Tensi\u00f3n de entrada: 1 Ph AC 220 V ( \u00b1 15%)<br \/>\n\u2022 Frecuencia: 50 Hz<br \/>\n\u2022 Capacidad de entrada nominal: 7,5 Kw<br \/>\n\u2022 Corriente de entrada nominal: 35 A<br \/>\n\u2022 Ciclo de trabajo ( 40 \u00baC): 170 A \/ 26,8 V<br \/>\n@ 100 % \/\/ 220 A \/ 28,8 V @ 40%<br \/>\n\u2022 Tensi\u00f3n en vac\u00edo: 66 V<br \/>\n\u2022 Rango de trabajo de salida: 20 \/ 220 A<br \/>\n\u2022 Eficiencia: 85%<br \/>\n\u2022 Clase de protecci\u00f3n: IP21S<br \/>\n\u2022 Grado de aislamiento: H<br \/>\n\u2022 Norma t\u00e9cnica: (IEC) EN 60974-1<br \/>\n\u2022 Tipo de enfriamiento: forzado<br \/>\n\u2022 Tama\u00f1o: 320 X 155 X 190 mm<br \/>\n\u2022 Peso: 5,6 Kg<\/p>\n<p>&nbsp;<\/p>\n","protected":false},"excerpt":{"rendered":"<p><span style=\"color: #ff0000;\"><strong>Este producto estar\u00e1 disponible 7 d\u00edas despu\u00e9s de la compra.<\/strong><\/span><\/p>\n<blockquote>\n<ul>\n<li><strong><a class=\"wplink-url-error\" tabindex=\"-1\" href=\"https:\/\/h.mkfetlabs.com\/index.php\/pagos-por-transferencia\/\" target=\"_blank\" rel=\"noopener\">Para pagos por transferencia, clic aqu\u00ed.<\/a><\/strong><\/li>\n<\/ul>\n<\/blockquote>\n<p>\u2022 Especial para electrodos de 4 mm en continuo.<br \/>\n\u2022 Es sin\u00e9rgica (se autorregula).<br \/>\n\u2022 Tipo de clavija: DKJ 35-50<br \/>\n\u2022 2 A\u00f1os de Garant\u00eda<\/p>\n<p><iframe loading=\"lazy\" src=\"https:\/\/www.youtube.com\/embed\/hPgXvW1spcA\" width=\"560\" height=\"315\" frameborder=\"0\" allowfullscreen=\"allowfullscreen\"><\/iframe><\/p>\n","protected":false},"featured_media":854,"comment_status":"open","ping_status":"closed","template":"","meta":[],"product_brand":[],"product_cat":[44,27],"product_tag":[36,35],"class_list":{"0":"post-853","1":"product","2":"type-product","3":"status-publish","4":"has-post-thumbnail","6":"product_cat-mma","7":"product_cat-soldadoras","8":"product_tag-mma","9":"product_tag-soldadora-mma","11":"first","12":"outofstock","13":"shipping-taxable","14":"purchasable","15":"product-type-simple"},"jetpack_sharing_enabled":true,"_links":{"self":[{"href":"https:\/\/h.mkfetlabs.com\/index.php\/wp-json\/wp\/v2\/product\/853","targetHints":{"allow":["GET"]}}],"collection":[{"href":"https:\/\/h.mkfetlabs.com\/index.php\/wp-json\/wp\/v2\/product"}],"about":[{"href":"https:\/\/h.mkfetlabs.com\/index.php\/wp-json\/wp\/v2\/types\/product"}],"replies":[{"embeddable":true,"href":"https:\/\/h.mkfetlabs.com\/index.php\/wp-json\/wp\/v2\/comments?post=853"}],"wp:featuredmedia":[{"embeddable":true,"href":"https:\/\/h.mkfetlabs.com\/index.php\/wp-json\/wp\/v2\/media\/854"}],"wp:attachment":[{"href":"https:\/\/h.mkfetlabs.com\/index.php\/wp-json\/wp\/v2\/media?parent=853"}],"wp:term":[{"taxonomy":"product_brand","embeddable":true,"href":"https:\/\/h.mkfetlabs.com\/index.php\/wp-json\/wp\/v2\/product_brand?post=853"},{"taxonomy":"product_cat","embeddable":true,"href":"https:\/\/h.mkfetlabs.com\/index.php\/wp-json\/wp\/v2\/product_cat?post=853"},{"taxonomy":"product_tag","embeddable":true,"href":"https:\/\/h.mkfetlabs.com\/index.php\/wp-json\/wp\/v2\/product_tag?post=853"}],"curies":[{"name":"wp","href":"https:\/\/api.w.org\/{rel}","templated":true}]}}