{"id":860,"date":"2023-10-14T08:27:21","date_gmt":"2023-10-14T11:27:21","guid":{"rendered":"https:\/\/h.mkfetlabs.com\/?post_type=product&#038;p=860"},"modified":"2026-04-01T11:45:18","modified_gmt":"2026-04-01T14:45:18","slug":"soldadora-ironmig-100","status":"publish","type":"product","link":"https:\/\/h.mkfetlabs.com\/index.php\/producto\/soldadora-ironmig-100\/","title":{"rendered":"Soldadora inverter IRONMIG-100 TRIDUAL MIG-MMA-TIG"},"content":{"rendered":"<div id=\"nav-specs\" class=\"tab-pane fade active show\" tabindex=\"0\" role=\"tabpanel\">\n<p>\u2022 Tensi\u00f3n: 220 V \u2013 50 Hz<br \/>\n\u2022 Rango de soldadura: MIG: 10 &#8211; 90 A \/ MMA 10 &#8211; 80 A \/ TIG 10 &#8211; 80 A<br \/>\n\u2022 Ciclo de trabajo: MIG: 30% &#8211; 90 A \/ MMA 30% &#8211; 80 A \/ TIG 30% &#8211; 80 A<br \/>\n\u2022 Tipo de consumible: alambre macizo \/ flux \/ electrodo revestido<br \/>\n\u2022 Electrodos: 1,6 mm &#8211; 2,5 mm inclusive<br \/>\n\u2022 Alambre: 0,6 &#8211; 0,8 mm<br \/>\n\u2022 Rollo de alambre: hasta 5 Kg<br \/>\n\u2022 Peso: 9.2 Kg<\/p>\n<p><strong>INCLUYE:<\/strong><br \/>\n&#8211; Pinza masa<br \/>\n&#8211; Torcha MIG<br \/>\n&#8211; Pinza porta electrodos<\/p>\n<\/div>\n","protected":false},"excerpt":{"rendered":"<p><span style=\"color: #ff0000;\"><strong>Este producto estar\u00e1 disponible 7 d\u00edas despu\u00e9s de la compra.<\/strong><\/span><\/p>\n<blockquote>\n<ul>\n<li><strong><a class=\"wplink-url-error\" tabindex=\"-1\" href=\"https:\/\/h.mkfetlabs.com\/index.php\/pagos-por-transferencia\/\" target=\"_blank\" rel=\"noopener\">Para pagos por transferencia, clic aqu\u00ed.<\/a><\/strong><\/li>\n<\/ul>\n<\/blockquote>\n<p>\u2022 Es un equipo tridual.<br \/>\n\u2022 Especial para utilizar alambres de 0,6 mm y 0,8 mm.<br \/>\n\u2022 Especial para trabajar electrodos de 1,6 mm continuo<br \/>\ny hasta electrodos 2,5 mm.<br \/>\n\u2022 Tipos de insumos: electrodos, alambres macizos y<br \/>\nalambres tubulares.<br \/>\n\u2022 Capacidad de rollos de alambres: 1 Kg y 5 Kg.<\/p>\n<p><iframe loading=\"lazy\" src=\"https:\/\/www.youtube.com\/embed\/9q-pNPNbTgc\" width=\"560\" height=\"315\" frameborder=\"0\" allowfullscreen=\"allowfullscreen\"><\/iframe><\/p>\n<p>&nbsp;<\/p>\n","protected":false},"featured_media":861,"comment_status":"open","ping_status":"closed","template":"","meta":[],"product_brand":[],"product_cat":[43,44,45,27,46],"product_tag":[34,33],"class_list":{"0":"post-860","1":"product","2":"type-product","3":"status-publish","4":"has-post-thumbnail","6":"product_cat-mig","7":"product_cat-mma","8":"product_cat-multiproceso","9":"product_cat-soldadoras","10":"product_cat-tig","11":"product_tag-mig","12":"product_tag-soldadora-mig","14":"first","15":"outofstock","16":"shipping-taxable","17":"purchasable","18":"product-type-simple"},"jetpack_sharing_enabled":true,"_links":{"self":[{"href":"https:\/\/h.mkfetlabs.com\/index.php\/wp-json\/wp\/v2\/product\/860","targetHints":{"allow":["GET"]}}],"collection":[{"href":"https:\/\/h.mkfetlabs.com\/index.php\/wp-json\/wp\/v2\/product"}],"about":[{"href":"https:\/\/h.mkfetlabs.com\/index.php\/wp-json\/wp\/v2\/types\/product"}],"replies":[{"embeddable":true,"href":"https:\/\/h.mkfetlabs.com\/index.php\/wp-json\/wp\/v2\/comments?post=860"}],"wp:featuredmedia":[{"embeddable":true,"href":"https:\/\/h.mkfetlabs.com\/index.php\/wp-json\/wp\/v2\/media\/861"}],"wp:attachment":[{"href":"https:\/\/h.mkfetlabs.com\/index.php\/wp-json\/wp\/v2\/media?parent=860"}],"wp:term":[{"taxonomy":"product_brand","embeddable":true,"href":"https:\/\/h.mkfetlabs.com\/index.php\/wp-json\/wp\/v2\/product_brand?post=860"},{"taxonomy":"product_cat","embeddable":true,"href":"https:\/\/h.mkfetlabs.com\/index.php\/wp-json\/wp\/v2\/product_cat?post=860"},{"taxonomy":"product_tag","embeddable":true,"href":"https:\/\/h.mkfetlabs.com\/index.php\/wp-json\/wp\/v2\/product_tag?post=860"}],"curies":[{"name":"wp","href":"https:\/\/api.w.org\/{rel}","templated":true}]}}