{"id":897,"date":"2023-10-15T07:12:03","date_gmt":"2023-10-15T05:12:03","guid":{"rendered":"https:\/\/h.mkfetlabs.com\/?post_type=product&#038;p=897"},"modified":"2026-04-01T11:31:34","modified_gmt":"2026-04-01T14:31:34","slug":"mesa-porta-herramientas-taller","status":"publish","type":"product","link":"https:\/\/h.mkfetlabs.com\/index.php\/producto\/mesa-porta-herramientas-taller\/","title":{"rendered":"Mesa porta herramientas &#8211; Taller"},"content":{"rendered":"<p>CARACTER\u00cdSTICAS T\u00c9CNICAS:<\/p>\n<p>\u2022 Incluye: 3 estantes, ruedas reforzadas<br \/>\n\u2022 Ruedas fijas: 2<br \/>\n\u2022 Ruedas giratorias: 2<br \/>\n\u2022 Material: acero 0,7 mm<br \/>\n\u2022 Medidas: 77 x 36 x 76 cm<br \/>\n\u2022 Capacidad de carga: 300 Kg<br \/>\n\u2022 Peso: 10 Kg<\/p>\n<p>GARANT\u00cdA: 2 A\u00f1os<\/p>\n","protected":false},"excerpt":{"rendered":"<p><span style=\"color: #ff0000;\"><strong>Este producto estar\u00e1 disponible 7 d\u00edas despu\u00e9s de la compra.<\/strong><\/span><\/p>\n<blockquote>\n<ul>\n<li><strong><a class=\"wplink-url-error\" tabindex=\"-1\" href=\"https:\/\/h.mkfetlabs.com\/index.php\/pagos-por-transferencia\/\" target=\"_blank\" rel=\"noopener\">Para pagos por transferencia, clic aqu\u00ed.<\/a><\/strong><\/li>\n<\/ul>\n<\/blockquote>\n<p>\u00a1Especial para el taller!<\/p>\n<p>\u2022 Manija reforzada para el agarre.<br \/>\n\u2022 F\u00e1cil traslado.<br \/>\n\u2022 Facilita el orden y alcance de las herramientas.<\/p>\n","protected":false},"featured_media":898,"comment_status":"open","ping_status":"closed","template":"","meta":[],"product_brand":[],"product_cat":[32],"product_tag":[],"class_list":{"0":"post-897","1":"product","2":"type-product","3":"status-publish","4":"has-post-thumbnail","6":"product_cat-herramientas","8":"first","9":"outofstock","10":"shipping-taxable","11":"purchasable","12":"product-type-simple"},"jetpack_sharing_enabled":true,"_links":{"self":[{"href":"https:\/\/h.mkfetlabs.com\/index.php\/wp-json\/wp\/v2\/product\/897","targetHints":{"allow":["GET"]}}],"collection":[{"href":"https:\/\/h.mkfetlabs.com\/index.php\/wp-json\/wp\/v2\/product"}],"about":[{"href":"https:\/\/h.mkfetlabs.com\/index.php\/wp-json\/wp\/v2\/types\/product"}],"replies":[{"embeddable":true,"href":"https:\/\/h.mkfetlabs.com\/index.php\/wp-json\/wp\/v2\/comments?post=897"}],"wp:featuredmedia":[{"embeddable":true,"href":"https:\/\/h.mkfetlabs.com\/index.php\/wp-json\/wp\/v2\/media\/898"}],"wp:attachment":[{"href":"https:\/\/h.mkfetlabs.com\/index.php\/wp-json\/wp\/v2\/media?parent=897"}],"wp:term":[{"taxonomy":"product_brand","embeddable":true,"href":"https:\/\/h.mkfetlabs.com\/index.php\/wp-json\/wp\/v2\/product_brand?post=897"},{"taxonomy":"product_cat","embeddable":true,"href":"https:\/\/h.mkfetlabs.com\/index.php\/wp-json\/wp\/v2\/product_cat?post=897"},{"taxonomy":"product_tag","embeddable":true,"href":"https:\/\/h.mkfetlabs.com\/index.php\/wp-json\/wp\/v2\/product_tag?post=897"}],"curies":[{"name":"wp","href":"https:\/\/api.w.org\/{rel}","templated":true}]}}